{"id":9899,"date":"2023-06-28T12:45:13","date_gmt":"2023-06-28T10:45:13","guid":{"rendered":"https:\/\/roquetes.cat\/web\/?page_id=9899"},"modified":"2026-04-24T11:31:38","modified_gmt":"2026-04-24T09:31:38","slug":"turisme","status":"publish","type":"page","link":"https:\/\/roquetes.cat\/web\/turisme\/","title":{"rendered":"Turisme"},"content":{"rendered":"<p>[et_pb_section fb_built=&#8221;1&#8243; fullwidth=&#8221;on&#8221; _builder_version=&#8221;4.21.0&#8243; _module_preset=&#8221;default&#8221; global_colors_info=&#8221;{}&#8221;][et_pb_fullwidth_image src=&#8221;https:\/\/roquetes.cat\/web\/wp-content\/uploads\/2023\/06\/ROQUETES_CANAL.webp&#8221; _builder_version=&#8221;4.21.0&#8243; _module_preset=&#8221;default&#8221; global_colors_info=&#8221;{}&#8221;][\/et_pb_fullwidth_image][\/et_pb_section][et_pb_section fb_built=&#8221;1&#8243; _builder_version=&#8221;4.21.0&#8243; _module_preset=&#8221;default&#8221; global_colors_info=&#8221;{}&#8221;][et_pb_row _builder_version=&#8221;4.21.0&#8243; _module_preset=&#8221;default&#8221; custom_padding=&#8221;|15px||15px|false|false&#8221; global_colors_info=&#8221;{}&#8221;][et_pb_column type=&#8221;4_4&#8243; _builder_version=&#8221;4.21.0&#8243; _module_preset=&#8221;default&#8221; global_colors_info=&#8221;{}&#8221;][et_pb_text _builder_version=&#8221;4.21.0&#8243; _module_preset=&#8221;default&#8221; background_color=&#8221;#3d3d3d&#8221; custom_padding=&#8221;10px||||false|false&#8221; global_colors_info=&#8221;{}&#8221;]<\/p>\n<h1 style=\"text-align: center;\"><span style=\"color: #ffffff;\"><strong>CONEIX ROQUETES: Muntanya, ci\u00e8ncia i tradici\u00f3<\/strong><\/span><\/h1>\n<p>[\/et_pb_text][et_pb_image src=&#8221;https:\/\/roquetes.cat\/web\/wp-content\/uploads\/2023\/06\/directori-roquetes-0001.jpg&#8221; title_text=&#8221;directori-roquetes-0001&#8243; align=&#8221;center&#8221; _builder_version=&#8221;4.21.0&#8243; _module_preset=&#8221;default&#8221; global_colors_info=&#8221;{}&#8221;][\/et_pb_image][et_pb_button button_text=&#8221;Pl\u00e0nol tur\u00edstic de \u201cLo Port de Roquetes\u201d&#8221; _builder_version=&#8221;4.27.6&#8243; _module_preset=&#8221;default&#8221; button_url=&#8221;https:\/\/roquetesturisme.cat\/planol-turistic-de-roquetes-lo-port-de-roquetes\/&#8221; url_new_window=&#8221;on&#8221; hover_enabled=&#8221;0&#8243; sticky_enabled=&#8221;0&#8243; button_alignment=&#8221;center&#8221;][\/et_pb_button][et_pb_text _builder_version=&#8221;4.21.0&#8243; _module_preset=&#8221;default&#8221; text_orientation=&#8221;justified&#8221; global_colors_info=&#8221;{}&#8221;]<\/p>\n<p><strong>Per als amants de la natura, el terme de Roquetes gaudeix d\u2019indrets incomparables.<\/strong><\/p>\n<p><strong>Muntanya<\/strong><\/p>\n<p>Per als amants de la natura, el terme de\u00a0<strong>Roquetes\u00a0<\/strong>gaudeix d&#8217;indrets incomparables. El\u00a0<strong>port de Roquetes<\/strong>, situat a l&#8217;oest de la poblaci\u00f3 i el mass\u00eds conegut pel\u00a0<strong>Port<\/strong>, ofereix una varietat de possibilitats, ja sigui per al simple esbarjo o per la pr\u00e0ctica del muntanyisme.<\/p>\n<p>Els indrets m\u00e9s coneguts i de f\u00e0cil acc\u00e9s s\u00f3n la\u00a0<strong>pujada a Caro<\/strong>, des d&#8217;on es pot apreciar el\u00a0<strong>Delta de l&#8217;Ebre<\/strong>, el\u00a0<strong>barranc de Regatxol\u00a0<\/strong>i la f<strong>ont de cova Avellanes<\/strong>, indrets situats a la part alta del mass\u00eds. Situant-nos al sud-oest del\u00a0<strong>cim de Caro<\/strong>, podem gaudir del\u00a0<strong>barranc de les Valls<\/strong>, conegut tamb\u00e9 per\u00a0<strong>barranc de la Galera<\/strong>. A l&#8217;est, el\u00a0<strong>barranc de la Caramella<\/strong>, i al sud-est el\u00a0<strong>barranc de Covalta<\/strong>.<\/p>\n<p>M\u00e9s espectaculars i amagats se&#8217;ns presenten altres paisatges com el\u00a0<strong>rac\u00f3 del Moro<\/strong>, el\u00a0<strong>clot de l&#8217;Hospital<\/strong>, el\u00a0<strong>Rac\u00f3 de l&#8217;Avellanar<\/strong>\u00a0o el mateix\u00a0<strong>Rac\u00f3 d&#8217;Aigua Donzella<\/strong>\u00a0amb llegenda inclosa.<\/p>\n<p>Hi trobem tamb\u00e9 les impressionats cingleres salvatgines que ofereixen aquests\u00a0<strong>barrancs de la Caramella<\/strong>,\u00a0<strong>Lloret\u00a0<\/strong>i\u00a0<strong>Covalta<\/strong>, passant per\u00a0<strong>coves com la d&#8217;Ebre, Pintada i la m\u00e9s coneguda Cova del Vidre<\/strong>, situada a la cap\u00e7alera del\u00a0<strong>barranc de Barretes<\/strong>, on es trobaren restes neol\u00edtiques. No cal dir l&#8217;agradable que resulta poder-hi trobar de forma espont\u00e0nia el\u00a0<strong>porc senglar<\/strong>, la\u00a0<strong>cabra salvatge<\/strong>, l&#8217;<strong>\u00e0liga<\/strong>, el\u00a0<strong>voltor\u00a0<\/strong>i tants d&#8217;altres ocells i petits animals gaudint lliurement l&#8217;entorn natural que els envolta.<\/p>\n<p>Garantia de l&#8217;espectacularitat, bellesa i atractiu d&#8217;aquestes muntanyes ho demostra el fet que part del mass\u00eds del port est\u00e0 incl\u00f2s en el recorregut internacional &#8220;<strong>Senders de Gran Recorregut G.R.7<\/strong>&#8220;. Aquest sender, que passa solament per petits pobles, camins forestals i corriols, va des de la Pla\u00e7a Major de Viena (\u00c0ustria) fins a Fredes (serralada prelitoral catalana), travessant d&#8217;aquesta forma Su\u00efsa, Fran\u00e7a i Andorra fins arribar a Catalunya.<\/p>\n<p><strong>El mirador de Caro<\/strong><\/p>\n<p>Caro \u00e9s el cim m\u00e9s alt del\u00a0<strong>mass\u00eds dels Ports<\/strong>, un mirador natural a 1441 metres d&#8217;altitud. Com molts altres cims de Catalunya, est\u00e0 ocupat per diverses infraestructures de telecomunicacions i \u00e9s lloc de pelegrinatge d&#8217;excursionistes i poblaci\u00f3 local.<\/p>\n<p>L&#8217;any 2016, es va inaugurar la\u00a0<strong>passarel\u00b7la\u00a0<\/strong>i la\u00a0<strong>plataforma\u00a0<\/strong>de fusta de 70 m2, respectuosa amb l&#8217;orografia del cim, i m\u00e9s accessible a tothom. Des d&#8217;aqu\u00ed, els visitants poden gaudir d&#8217;una magn\u00edfica vista de l&#8217;\u00faltim tram de la vall de l&#8217;Ebre i dels vessants interiors del\u00a0<strong>Parc Natural dels Ports<\/strong>. Al costat de la nova infraestructura s&#8217;ha habilitat una\u00a0<strong>pla\u00e7a d&#8217;aparcament per a persones amb mobilitat redu\u00efda<\/strong>.<\/p>\n<p><img decoding=\"async\" class=\"wp-image-9903 alignnone size-full lazyload\" data-src=\"https:\/\/roquetes.cat\/web\/wp-content\/uploads\/2023\/06\/directori-roquetes-mirador-caro-01.jpg\" alt=\"\" width=\"900\" height=\"525\" style=\"--smush-placeholder-width: 900px; --smush-placeholder-aspect-ratio: 900\/525;display: block; margin-left: auto; margin-right: auto;\" data-srcset=\"https:\/\/roquetes.cat\/web\/wp-content\/uploads\/2023\/06\/directori-roquetes-mirador-caro-01.jpg 900w, https:\/\/roquetes.cat\/web\/wp-content\/uploads\/2023\/06\/directori-roquetes-mirador-caro-01-480x280.jpg 480w\" data-sizes=\"(min-width: 0px) and (max-width: 480px) 480px, (min-width: 481px) 900px, 100vw\" src=\"data:image\/svg+xml;base64,PHN2ZyB3aWR0aD0iMSIgaGVpZ2h0PSIxIiB4bWxucz0iaHR0cDovL3d3dy53My5vcmcvMjAwMC9zdmciPjwvc3ZnPg==\" \/><\/p>\n<p>&nbsp;<\/p>\n<p><img decoding=\"async\" class=\"wp-image-9904 alignnone size-full lazyload\" data-src=\"https:\/\/roquetes.cat\/web\/wp-content\/uploads\/2023\/06\/directori-roquetes-mirador-caro-02.jpg\" alt=\"\" width=\"900\" height=\"525\" style=\"--smush-placeholder-width: 900px; --smush-placeholder-aspect-ratio: 900\/525;display: block; margin-left: auto; margin-right: auto;\" data-srcset=\"https:\/\/roquetes.cat\/web\/wp-content\/uploads\/2023\/06\/directori-roquetes-mirador-caro-02.jpg 900w, https:\/\/roquetes.cat\/web\/wp-content\/uploads\/2023\/06\/directori-roquetes-mirador-caro-02-480x280.jpg 480w\" data-sizes=\"(min-width: 0px) and (max-width: 480px) 480px, (min-width: 481px) 900px, 100vw\" src=\"data:image\/svg+xml;base64,PHN2ZyB3aWR0aD0iMSIgaGVpZ2h0PSIxIiB4bWxucz0iaHR0cDovL3d3dy53My5vcmcvMjAwMC9zdmciPjwvc3ZnPg==\" \/><\/p>\n<p><strong>La Cova Avellanes<\/strong><\/p>\n<p>L&#8217;\u00e0rea recreativa es troba al cor dels Ports. Accedim per la sinuosa\u00a0<strong>carretera del Caragol fins al Portell<\/strong>, on trobem un mirador sobre l&#8217;\u00faltim tram de la vall de l&#8217;Ebre. Ens endinsem en una zona completament boscosa, on la vegetaci\u00f3 eurosiberiana pren un protagonisme especial. Aquests boscos donen el t\u00edpic aspecte forestal a la zona i constitueixen l&#8217;h\u00e0bitat de moltes esp\u00e8cies de fauna.<\/p>\n<p>Roquetes t\u00e9 un\u00a0<strong>centre de natura<\/strong>\u00a0a l&#8217;antiga casa forestal del paratge de Cova Avellanes. Es tracta d&#8217;un equipament municipal que havia servit de resid\u00e8ncia d&#8217;estiu d&#8217;enginyers forestals fa d\u00e8cades. \u00c9s un equipament amb diverses sales i serveis, destinat a fer-hi xerrades i activitats de divulgaci\u00f3 mediambiental.<\/p>\n<p>\u00c9s una mostra de l&#8217;intensa explotaci\u00f3 forestal que es va portar a terme a les zones m\u00e9s accessibles dels Ports. La majoria dels bosc que envolta Cova Avellanes s\u00f3n\u00a0<strong>pinedes\u00a0<\/strong>de\u00a0<strong>pi negral i rojal<\/strong>. Les pinedes de pi negral s\u00f3n considerades un h\u00e0bitat d&#8217;inter\u00e8s comunitari prioritari per la UE, m\u00e0xima categoria de protecci\u00f3 que atorga aquest organisme a un h\u00e0bitat.<\/p>\n<p>Aquests boscos donen el t\u00edpic aspecte forestal a la zona i constitueixen l&#8217;habitat de moltes esp\u00e8cies de fauna que hi troben les condicions adequades per viure-hi. Estre els especies trobem la\u00a0<strong>cabra salvatge<\/strong>\u00a0( Capra pyrenaica subs. Hispanica),\u00a0<strong>esquirols\u00a0<\/strong>(Sciurus vulgaris) entre les cap\u00e7ades dels arbres. Els voltants de Cova Avellanes es un lloc interessant per l&#8217;observaci\u00f3 d&#8217;<strong>orqu\u00eddees<\/strong>. Tamb\u00e9 es pot observar una planta carn\u00edvora i protegida, la\u00a0<strong>pinguicula<\/strong>.<\/p>\n<p><img decoding=\"async\" class=\"wp-image-9905 alignnone size-full lazyload\" data-src=\"https:\/\/roquetes.cat\/web\/wp-content\/uploads\/2023\/06\/directori-roquetes-cova-avellanes.jpg\" alt=\"\" width=\"900\" height=\"525\" style=\"--smush-placeholder-width: 900px; --smush-placeholder-aspect-ratio: 900\/525;display: block; margin-left: auto; margin-right: auto;\" data-srcset=\"https:\/\/roquetes.cat\/web\/wp-content\/uploads\/2023\/06\/directori-roquetes-cova-avellanes.jpg 900w, https:\/\/roquetes.cat\/web\/wp-content\/uploads\/2023\/06\/directori-roquetes-cova-avellanes-480x280.jpg 480w\" data-sizes=\"(min-width: 0px) and (max-width: 480px) 480px, (min-width: 481px) 900px, 100vw\" src=\"data:image\/svg+xml;base64,PHN2ZyB3aWR0aD0iMSIgaGVpZ2h0PSIxIiB4bWxucz0iaHR0cDovL3d3dy53My5vcmcvMjAwMC9zdmciPjwvc3ZnPg==\" \/><\/p>\n<p><strong>El Barranc de Lloret<\/strong><\/p>\n<p>Un dels millors itineraris que podem fer pels Ports. El\u00a0<strong>Barranc de Lloret<\/strong>\u00a0els seus tributaris del\u00a0<strong>Pegunter<\/strong>, d&#8217;<strong>Ori\u00f3<\/strong>\u00a0i de\u00a0<strong>Barretes<\/strong>, son abruptes, fer\u00e9stecs i solitaris. Envoltats d&#8217;alts espadats, solcats per pregones gorges, curulls de balmes i formacions geol\u00f2giques capricioses. El\u00a0<strong>pi\u00a0<\/strong>i el\u00a0<strong>boix\u00a0<\/strong>creixen arreu, especialment a les fondalades. All\u00ed, en les fond\u00e0ries m\u00e9s frescals, on la solitud i salvatgia de l&#8217;entorn son abassegadores, s&#8217;hi arreceren estols d&#8217;ocells delectant-nos amb la seva cantarella.<\/p>\n<p>Gaudir d&#8217;aquest entorn no \u00e9s f\u00e0cil. \u00c9s tant impressionat com exigent. Un continu puja i baixa trencacames. Les senderes poc definides i l&#8217;exuberant sotabosc s&#8217;encarrega d&#8217;amagar-les. Escarrissons, boscos, formacions inimaginables, bufadors&#8230; una de les rutes m\u00e9s impressionants dels Ports.<\/p>\n<p>Una de les rutes m\u00e9s senzilles \u00e9s la\u00a0<strong>ruta del Rac\u00f3 del Moro<\/strong>\u00a0que finalitza en un gorg preci\u00f3s d&#8217;aig\u00fces cristal\u00b7lines i\u00a0<strong>Cova Pintada<\/strong>\u00a0una de les coves m\u00e9s impressionats de dimensions considerables, caiguda d&#8217;aigua, estalactites, estalagmites i una gran varietat crom\u00e0tica que dona lloc al seu nom.<\/p>\n<p><img decoding=\"async\" class=\"alignnone wp-image-9906 size-full lazyload\" data-src=\"https:\/\/roquetes.cat\/web\/wp-content\/uploads\/2023\/06\/directori-roquetes-barranc-lloret-e1687948865501.jpg\" alt=\"\" width=\"900\" height=\"497\" style=\"--smush-placeholder-width: 900px; --smush-placeholder-aspect-ratio: 900\/497;display: block; margin-left: auto; margin-right: auto;\" data-srcset=\"https:\/\/roquetes.cat\/web\/wp-content\/uploads\/2023\/06\/directori-roquetes-barranc-lloret-e1687948865501.jpg 900w, https:\/\/roquetes.cat\/web\/wp-content\/uploads\/2023\/06\/directori-roquetes-barranc-lloret-e1687948865501-480x270.jpg 480w\" data-sizes=\"(min-width: 0px) and (max-width: 480px) 480px, (min-width: 481px) 900px, 100vw\" src=\"data:image\/svg+xml;base64,PHN2ZyB3aWR0aD0iMSIgaGVpZ2h0PSIxIiB4bWxucz0iaHR0cDovL3d3dy53My5vcmcvMjAwMC9zdmciPjwvc3ZnPg==\" \/><\/p>\n<p><strong>Ci\u00e8ncia<\/strong><\/p>\n<p>L&#8217;<strong>Observatori de l&#8217;Ebre<\/strong>\u00a0fundat el 1904 per la Companyia de Jes\u00fas per tal d&#8217;estudiar les relacions Sol-Terra, l&#8217;Observatori de l&#8217;Ebre \u00e9s una fundaci\u00f3 sense afany de lucre que ha estat associada o coordinada amb el Consell Superior d&#8217;Investigacions Cient\u00edfiques (CSIC) des del comen\u00e7ament d&#8217;aquest organisme, i ha mantingut una estreta col\u00b7laboraci\u00f3 amb l&#8217;Institut Nacional de Meteorologia des del 1920, i posteriorment amb altres institucions, com l&#8217;Institut Nacional de T\u00e8cnica Aeroespacial o l&#8217;Institut Cartogr\u00e0fic de Catalunya. Pertany tamb\u00e9 a la Universitat Ramon Llull com a Institut Universitari.<\/p>\n<p>L&#8217;Observatori organitza diverses activitats de divulgaci\u00f3 cient\u00edfica, com les visites guiades, on es pot gaudir d&#8217;un entorn privilegiat mentre es descobreixen els diferents pavellons del centre, els seus intruments i la investigaci\u00f3 que s&#8217;hi fa, observacions astron\u00f2miques, cursos i xerrades.<\/p>\n<p><img decoding=\"async\" class=\"wp-image-9907 alignnone size-full lazyload\" data-src=\"https:\/\/roquetes.cat\/web\/wp-content\/uploads\/2023\/06\/directori-roquetes-observatori.jpg\" alt=\"\" width=\"900\" height=\"525\" style=\"--smush-placeholder-width: 900px; --smush-placeholder-aspect-ratio: 900\/525;display: block; margin-left: auto; margin-right: auto;\" data-srcset=\"https:\/\/roquetes.cat\/web\/wp-content\/uploads\/2023\/06\/directori-roquetes-observatori.jpg 900w, https:\/\/roquetes.cat\/web\/wp-content\/uploads\/2023\/06\/directori-roquetes-observatori-480x280.jpg 480w\" data-sizes=\"(min-width: 0px) and (max-width: 480px) 480px, (min-width: 481px) 900px, 100vw\" src=\"data:image\/svg+xml;base64,PHN2ZyB3aWR0aD0iMSIgaGVpZ2h0PSIxIiB4bWxucz0iaHR0cDovL3d3dy53My5vcmcvMjAwMC9zdmciPjwvc3ZnPg==\" \/><\/p>\n<p><strong>Tradici\u00f3<\/strong><\/p>\n<p>En el vessant tradicional les festes m\u00e9s rellevants de Roquetes s\u00f3n les de\u00a0<strong>Sant Antoni<\/strong>\u00a0(17 de gener), la del\u00a0<strong>14 d&#8217;Abril<\/strong>, actes diversos en commemoraci\u00f3 de la independ\u00e8ncia de Roquetes I&#8217;any 1850, la\u00a0<strong>Festa del Solstici d&#8217;estiu i Foguera de Sant Joan\u00a0<\/strong>(23 de juny) i la de la\u00a0<strong>Capella del Carme<\/strong>\u00a0(16 de juliol). La primera setmana de juliol es celebren les\u00a0<strong>Festes Majors<\/strong>. La\u00a0<strong>Raval de Cristo<\/strong>\u00a0t\u00e9 la seva festa major a principi d&#8217;agost i la\u00a0<strong>Raval Nova<\/strong>\u00a0la celebra per\u00a0<strong>Sant Miquel<\/strong>\u00a0(29 de setembre).<\/p>\n<p>L&#8217;\u00faltim cap de setmana d&#8217;agost es celebra el\u00a0<strong>Tradicion\u00e0rius de les Terres de I&#8217;Ebre<\/strong>, punt de trobada de destacats grups de m\u00fasica tradicional dels Pa\u00efsos Catalans, al festival es reviu i es d\u00f3na difusi\u00f3 a la cultura, costums i gastronomia de les Terres de I&#8217;Ebre. Val a dir que any rera any es va guanyant en participaci\u00f3 i qualitat.<\/p>\n<p><img decoding=\"async\" class=\"wp-image-9908 alignnone size-full lazyload\" data-src=\"https:\/\/roquetes.cat\/web\/wp-content\/uploads\/2023\/06\/directori-roquetes-festes-1.jpg\" alt=\"\" width=\"900\" height=\"525\" style=\"--smush-placeholder-width: 900px; --smush-placeholder-aspect-ratio: 900\/525;display: block; margin-left: auto; margin-right: auto;\" data-srcset=\"https:\/\/roquetes.cat\/web\/wp-content\/uploads\/2023\/06\/directori-roquetes-festes-1.jpg 900w, https:\/\/roquetes.cat\/web\/wp-content\/uploads\/2023\/06\/directori-roquetes-festes-1-480x280.jpg 480w\" data-sizes=\"(min-width: 0px) and (max-width: 480px) 480px, (min-width: 481px) 900px, 100vw\" src=\"data:image\/svg+xml;base64,PHN2ZyB3aWR0aD0iMSIgaGVpZ2h0PSIxIiB4bWxucz0iaHR0cDovL3d3dy53My5vcmcvMjAwMC9zdmciPjwvc3ZnPg==\" \/><\/p>\n<p style=\"text-align: center;\"><strong><i>Trobareu m\u00e9s informaci\u00f3 i activitats a: <a href=\"https:\/\/roquetesturisme.cat\/\">Roquetes Turisme<\/a><\/i><\/strong><\/p>\n<p>[\/et_pb_text][\/et_pb_column][\/et_pb_row][\/et_pb_section]<\/p>\n","protected":false},"excerpt":{"rendered":"<p>CONEIX ROQUETES: Muntanya, ci\u00e8ncia i tradici\u00f3Per als amants de la natura, el terme de Roquetes gaudeix d\u2019indrets incomparables. Muntanya Per als amants de la natura, el terme de\u00a0Roquetes\u00a0gaudeix d&#8217;indrets incomparables. El\u00a0port de Roquetes, situat a l&#8217;oest de la poblaci\u00f3 i el mass\u00eds conegut pel\u00a0Port, ofereix una varietat de possibilitats, ja sigui per al simple esbarjo [&hellip;]<\/p>\n","protected":false},"author":2,"featured_media":0,"parent":0,"menu_order":0,"comment_status":"closed","ping_status":"closed","template":"","meta":{"_et_pb_use_builder":"on","_et_pb_old_content":"","_et_gb_content_width":"","footnotes":""},"class_list":["post-9899","page","type-page","status-publish","hentry"],"_links":{"self":[{"href":"https:\/\/roquetes.cat\/web\/wp-json\/wp\/v2\/pages\/9899","targetHints":{"allow":["GET"]}}],"collection":[{"href":"https:\/\/roquetes.cat\/web\/wp-json\/wp\/v2\/pages"}],"about":[{"href":"https:\/\/roquetes.cat\/web\/wp-json\/wp\/v2\/types\/page"}],"author":[{"embeddable":true,"href":"https:\/\/roquetes.cat\/web\/wp-json\/wp\/v2\/users\/2"}],"replies":[{"embeddable":true,"href":"https:\/\/roquetes.cat\/web\/wp-json\/wp\/v2\/comments?post=9899"}],"version-history":[{"count":5,"href":"https:\/\/roquetes.cat\/web\/wp-json\/wp\/v2\/pages\/9899\/revisions"}],"predecessor-version":[{"id":18890,"href":"https:\/\/roquetes.cat\/web\/wp-json\/wp\/v2\/pages\/9899\/revisions\/18890"}],"wp:attachment":[{"href":"https:\/\/roquetes.cat\/web\/wp-json\/wp\/v2\/media?parent=9899"}],"curies":[{"name":"wp","href":"https:\/\/api.w.org\/{rel}","templated":true}]}}