{"id":9865,"date":"2023-06-28T12:07:18","date_gmt":"2023-06-28T10:07:18","guid":{"rendered":"https:\/\/roquetes.cat\/web\/?page_id=9865"},"modified":"2024-03-04T16:07:09","modified_gmt":"2024-03-04T14:07:09","slug":"fires-mercats-i-esdeveniments","status":"publish","type":"page","link":"https:\/\/roquetes.cat\/web\/fires-mercats-i-esdeveniments\/","title":{"rendered":"Fires, mercats i esdeveniments"},"content":{"rendered":"<p>[et_pb_section fb_built=&#8221;1&#8243; fullwidth=&#8221;on&#8221; _builder_version=&#8221;4.21.0&#8243; _module_preset=&#8221;default&#8221; global_colors_info=&#8221;{}&#8221;][et_pb_fullwidth_image src=&#8221;https:\/\/roquetes.cat\/web\/wp-content\/uploads\/2023\/06\/ROQUETES_CANAL.webp&#8221; _builder_version=&#8221;4.21.0&#8243; _module_preset=&#8221;default&#8221; global_colors_info=&#8221;{}&#8221;][\/et_pb_fullwidth_image][\/et_pb_section][et_pb_section fb_built=&#8221;1&#8243; _builder_version=&#8221;4.21.0&#8243; _module_preset=&#8221;default&#8221; custom_padding=&#8221;|10px||10px|false|false&#8221; global_colors_info=&#8221;{}&#8221;][et_pb_row _builder_version=&#8221;4.21.0&#8243; _module_preset=&#8221;default&#8221; global_colors_info=&#8221;{}&#8221;][et_pb_column type=&#8221;4_4&#8243; _builder_version=&#8221;4.21.0&#8243; _module_preset=&#8221;default&#8221; global_colors_info=&#8221;{}&#8221;][et_pb_image src=&#8221;https:\/\/roquetes.cat\/web\/wp-content\/uploads\/2024\/03\/FIRES-MERCATS-I-ESDEVENIMENTS.jpg&#8221; title_text=&#8221;FIRES MERCATS I ESDEVENIMENTS&#8221; _builder_version=&#8221;4.24.2&#8243; _module_preset=&#8221;default&#8221; hover_enabled=&#8221;0&#8243; border_width_all=&#8221;1px&#8221; border_color_all=&#8221;#dddddd&#8221; global_colors_info=&#8221;{}&#8221; sticky_enabled=&#8221;0&#8243;][\/et_pb_image][\/et_pb_column][\/et_pb_row][et_pb_row column_structure=&#8221;1_2,1_2&#8243; _builder_version=&#8221;4.21.0&#8243; _module_preset=&#8221;default&#8221; background_enable_image=&#8221;off&#8221; global_colors_info=&#8221;{}&#8221;][et_pb_column type=&#8221;1_2&#8243; _builder_version=&#8221;4.21.0&#8243; _module_preset=&#8221;default&#8221; global_colors_info=&#8221;{}&#8221;][et_pb_image src=&#8221;https:\/\/roquetes.cat\/web\/wp-content\/uploads\/2023\/06\/mercat_roquetes.jpg&#8221; title_text=&#8221;mercat_roquetes&#8221; _builder_version=&#8221;4.21.0&#8243; _module_preset=&#8221;default&#8221; border_width_all=&#8221;1px&#8221; border_color_all=&#8221;#8e8e8e&#8221; global_colors_info=&#8221;{}&#8221;][\/et_pb_image][\/et_pb_column][et_pb_column type=&#8221;1_2&#8243; _builder_version=&#8221;4.21.0&#8243; _module_preset=&#8221;default&#8221; global_colors_info=&#8221;{}&#8221;][et_pb_text _builder_version=&#8221;4.21.0&#8243; _module_preset=&#8221;default&#8221; global_colors_info=&#8221;{}&#8221;]<\/p>\n<h3><strong>El Mercat Municipal de Roquetes<\/strong><\/h3>\n<p>El Mercat de Roquetes \u00e9s un dels edificis m\u00e9s emblem\u00e0tics del segle XIX del municipi. Es va contruir l\u2019any 1892 i va dinamitzar el comer\u00e7 del municipi durant anys.\u00a0<\/p>\n<p>Actualment, l&#8217;horari d&#8217;atenci\u00f3 al p\u00fablic del mercat municipal de Roquetes \u00e9s el seg\u00fcent:<\/p>\n<blockquote>\n<p>De dilluns a divendres, de 7.30h a les 14.00h<\/p>\n<\/blockquote>\n<blockquote>\n<p>Dissabtes, de 7.30h a les 14.30h<\/p>\n<\/blockquote>\n<blockquote>\n<p>Dimarts, dijous i divendres, de les 18.00h a les 21.00h<\/p>\n<\/blockquote>\n<p><strong>ACTIVITATS MERCAT MUNICIPAL<\/strong><br \/>Campanya de Nadal, d&#8217;estiu, Carnestoltes, la Castanyada, &#8230;<\/p>\n<p>[\/et_pb_text][\/et_pb_column][\/et_pb_row][et_pb_row _builder_version=&#8221;4.21.0&#8243; _module_preset=&#8221;default&#8221; global_colors_info=&#8221;{}&#8221;][et_pb_column type=&#8221;4_4&#8243; _builder_version=&#8221;4.21.0&#8243; _module_preset=&#8221;default&#8221; global_colors_info=&#8221;{}&#8221;][et_pb_text _builder_version=&#8221;4.21.0&#8243; _module_preset=&#8221;default&#8221; background_color=&#8221;#3d3d3d&#8221; text_orientation=&#8221;center&#8221; custom_margin=&#8221;||||false|false&#8221; custom_padding=&#8221;15px||||false|false&#8221; global_colors_info=&#8221;{}&#8221;]<\/p>\n<h1><span style=\"color: #ffffff;\"><strong>\u00daLTIMS ESDEVENIMENTS<\/strong><\/span><\/h1>\n<p>[\/et_pb_text][et_pb_blog fullwidth=&#8221;off&#8221; posts_number=&#8221;6&#8243; include_categories=&#8221;67&#8243; show_author=&#8221;off&#8221; show_date=&#8221;off&#8221; show_categories=&#8221;off&#8221; show_excerpt=&#8221;off&#8221; _builder_version=&#8221;4.21.0&#8243; _module_preset=&#8221;default&#8221; global_colors_info=&#8221;{}&#8221;][\/et_pb_blog][et_pb_button button_url=&#8221;https:\/\/roquetes.cat\/web\/area-activitat-economica\/&#8221; button_text=&#8221;Tornar&#8221; button_alignment=&#8221;center&#8221; _builder_version=&#8221;4.24.2&#8243; _module_preset=&#8221;default&#8221; custom_button=&#8221;on&#8221; button_text_color=&#8221;#fddd35&#8243; button_bg_color=&#8221;#3d3d3d&#8221; global_colors_info=&#8221;{}&#8221;][\/et_pb_button][\/et_pb_column][\/et_pb_row][\/et_pb_section]<\/p>\n","protected":false},"excerpt":{"rendered":"<p>El Mercat Municipal de Roquetes El Mercat de Roquetes \u00e9s un dels edificis m\u00e9s emblem\u00e0tics del segle XIX del municipi. Es va contruir l\u2019any 1892 i va dinamitzar el comer\u00e7 del municipi durant anys.\u00a0 Actualment, l&#8217;horari d&#8217;atenci\u00f3 al p\u00fablic del mercat municipal de Roquetes \u00e9s el seg\u00fcent: De dilluns a divendres, de 7.30h a les [&hellip;]<\/p>\n","protected":false},"author":2,"featured_media":0,"parent":0,"menu_order":0,"comment_status":"closed","ping_status":"closed","template":"","meta":{"_et_pb_use_builder":"on","_et_pb_old_content":"","_et_gb_content_width":"","footnotes":""},"class_list":["post-9865","page","type-page","status-publish","hentry"],"_links":{"self":[{"href":"https:\/\/roquetes.cat\/web\/wp-json\/wp\/v2\/pages\/9865","targetHints":{"allow":["GET"]}}],"collection":[{"href":"https:\/\/roquetes.cat\/web\/wp-json\/wp\/v2\/pages"}],"about":[{"href":"https:\/\/roquetes.cat\/web\/wp-json\/wp\/v2\/types\/page"}],"author":[{"embeddable":true,"href":"https:\/\/roquetes.cat\/web\/wp-json\/wp\/v2\/users\/2"}],"replies":[{"embeddable":true,"href":"https:\/\/roquetes.cat\/web\/wp-json\/wp\/v2\/comments?post=9865"}],"version-history":[{"count":11,"href":"https:\/\/roquetes.cat\/web\/wp-json\/wp\/v2\/pages\/9865\/revisions"}],"predecessor-version":[{"id":11595,"href":"https:\/\/roquetes.cat\/web\/wp-json\/wp\/v2\/pages\/9865\/revisions\/11595"}],"wp:attachment":[{"href":"https:\/\/roquetes.cat\/web\/wp-json\/wp\/v2\/media?parent=9865"}],"curies":[{"name":"wp","href":"https:\/\/api.w.org\/{rel}","templated":true}]}}