{"id":9629,"date":"2023-06-26T13:40:31","date_gmt":"2023-06-26T11:40:31","guid":{"rendered":"https:\/\/roquetes.cat\/web\/?page_id=9629"},"modified":"2024-03-04T16:06:05","modified_gmt":"2024-03-04T14:06:05","slug":"activitat-economica-empresa-i-emprenedoria","status":"publish","type":"page","link":"https:\/\/roquetes.cat\/web\/activitat-economica-empresa-i-emprenedoria\/","title":{"rendered":"Activitat econ\u00f2mica &#8211; Empresa i Emprenedoria"},"content":{"rendered":"<p>[et_pb_section fb_built=&#8221;1&#8243; fullwidth=&#8221;on&#8221; _builder_version=&#8221;4.21.0&#8243; _module_preset=&#8221;default&#8221; global_colors_info=&#8221;{}&#8221;][et_pb_fullwidth_image src=&#8221;https:\/\/roquetes.cat\/web\/wp-content\/uploads\/2023\/06\/ROQUETES_CANAL.webp&#8221; _builder_version=&#8221;4.21.0&#8243; _module_preset=&#8221;default&#8221; global_colors_info=&#8221;{}&#8221;][\/et_pb_fullwidth_image][\/et_pb_section][et_pb_section fb_built=&#8221;1&#8243; _builder_version=&#8221;4.21.0&#8243; _module_preset=&#8221;default&#8221; custom_padding=&#8221;|10px||10px|false|false&#8221; global_colors_info=&#8221;{}&#8221;][et_pb_row _builder_version=&#8221;4.21.0&#8243; _module_preset=&#8221;default&#8221; global_colors_info=&#8221;{}&#8221;][et_pb_column type=&#8221;4_4&#8243; _builder_version=&#8221;4.21.0&#8243; _module_preset=&#8221;default&#8221; global_colors_info=&#8221;{}&#8221;][et_pb_image src=&#8221;https:\/\/roquetes.cat\/web\/wp-content\/uploads\/2024\/03\/EMPRESA-I-EMPRENEDORIA.jpg&#8221; title_text=&#8221;EMPRESA-I-EMPRENEDORIA&#8221; _builder_version=&#8221;4.24.2&#8243; _module_preset=&#8221;default&#8221; hover_enabled=&#8221;0&#8243; border_width_all=&#8221;1px&#8221; border_color_all=&#8221;#c6c6c6&#8243; global_colors_info=&#8221;{}&#8221; sticky_enabled=&#8221;0&#8243;][\/et_pb_image][et_pb_text _builder_version=&#8221;4.24.2&#8243; _module_preset=&#8221;default&#8221; text_font=&#8221;||||||||&#8221; text_font_size=&#8221;16px&#8221; text_orientation=&#8221;justified&#8221; global_colors_info=&#8221;{}&#8221;]<\/p>\n<p lang=\"ca-ES\" align=\"justify\">L\u2019\u00e0rea d&#8217;Activitat Econ\u00f2mica \u00e9s un servei destinat a l\u2019acompanyament en la gesti\u00f3 de les empreses, amb l\u2019objectiu de millorar tan la competitivitat com l\u2019impacte d\u2019aquestes en el territori. Els seus \u00e0mbits de treball s\u00f3n l\u2019estrat\u00e8gia de desenvolupament del territori, l\u2019ocupaci\u00f3, la dinamitzaci\u00f3 empresarial, l\u2019emprenedoria, la formaci\u00f3 i la promoci\u00f3 del territori.<\/p>\n<p lang=\"ca-ES\" align=\"justify\">Compta amb els serveis de:<\/p>\n<blockquote>\n<p lang=\"ca-ES\" align=\"justify\"><strong>Facilitador<\/strong><\/p>\n<\/blockquote>\n<p lang=\"ca-ES\" align=\"justify\">Afavorint el contacte entre empreses, emprenedors\/es i professionals de diferents sectors a trav\u00e9s d\u2019activitats de treball en xarxa, trobades, seminaris i projectes.<\/p>\n<blockquote>\n<p lang=\"ca-ES\" align=\"justify\"><strong>Assessor<\/strong><\/p>\n<\/blockquote>\n<p lang=\"ca-ES\" align=\"justify\">Aportant informaci\u00f3 i assessorament en la sol\u00b7licitud d&#8217;ajuts econ\u00f2mics gestionats directament per entitats del territori o per altres administracions.<\/p>\n<p lang=\"ca-ES\" align=\"justify\">Des d\u2019empresa i emprenedoria posem tamb\u00e9 a l\u2019abast de les empreses:<\/p>\n<ul>\n<li lang=\"ca-ES\">Perfils adequats a les necessitats de cobertura de llocs de treball.<\/li>\n<li lang=\"ca-ES\">Un ampli cat\u00e0leg de cursos i activitats per a la millora de les compet\u00e8ncies professionals, transversal i personals dels treballadors i quadres directius.<\/li>\n<\/ul>\n<p>[\/et_pb_text][\/et_pb_column][\/et_pb_row][et_pb_row column_structure=&#8221;1_2,1_2&#8243; _builder_version=&#8221;4.21.0&#8243; _module_preset=&#8221;default&#8221; global_colors_info=&#8221;{}&#8221;][et_pb_column type=&#8221;1_2&#8243; _builder_version=&#8221;4.21.0&#8243; _module_preset=&#8221;default&#8221; global_colors_info=&#8221;{}&#8221;][et_pb_video src=&#8221;https:\/\/youtu.be\/9R83cLH0XD4&#8243; _builder_version=&#8221;4.21.0&#8243; _module_preset=&#8221;default&#8221; global_colors_info=&#8221;{}&#8221;][\/et_pb_video][\/et_pb_column][et_pb_column type=&#8221;1_2&#8243; _builder_version=&#8221;4.21.0&#8243; _module_preset=&#8221;default&#8221; global_colors_info=&#8221;{}&#8221;][et_pb_text _builder_version=&#8221;4.21.0&#8243; _module_preset=&#8221;default&#8221; global_colors_info=&#8221;{}&#8221;]<\/p>\n<h3><strong>Et pot interessar&#8230;<\/strong><\/h3>\n<blockquote>\n<p><strong><a href=\"https:\/\/xarxaempren.gencat.cat\/ca\/vols-emprendre\/test-idea-avalua-la-teva-idea\/index.html\">Test IDEA, avalua la teva idea!<\/a><\/strong><\/p>\n<\/blockquote>\n<blockquote>\n<p><a href=\"https:\/\/xarxaempren.gencat.cat\/ca\/vols-emprendre\/test-idea-avalua-la-teva-idea\/index.html\">Tens perfil emprenedor?<\/a><\/p>\n<\/blockquote>\n<blockquote>\n<p><a href=\"https:\/\/xarxaempren.gencat.cat\/web\/.content\/07recursos\/fitxers\/MODIFPDF-Aspectes-claus-per-a-evitar-errors-a-lhora-demprendre-accessible-2022.pdf\">Aspectes claus per a evitar errors a l&#8217;hora d&#8217;emprendre<\/a><\/p>\n<\/blockquote>\n<blockquote>\n<p><a href=\"https:\/\/xarxaempren.gencat.cat\/web\/.content\/07recursos\/fitxers\/Com-ha-de-ser-la-persona-emprenedora-avui-dia-accessible.pdf\">Com ha de ser la persona emprenedora avui dia<\/a><\/p>\n<\/blockquote>\n<blockquote>\n<p><a href=\"https:\/\/xarxaempren.gencat.cat\/ca\/vols-emprendre\/histories-demprenedors-es-com-tu\/\">Hist\u00f2ries d&#8217;emprenedors\/es com tu<\/a><\/p>\n<\/blockquote>\n<p>[\/et_pb_text][\/et_pb_column][\/et_pb_row][et_pb_row _builder_version=&#8221;4.21.0&#8243; _module_preset=&#8221;default&#8221; global_colors_info=&#8221;{}&#8221;][et_pb_column type=&#8221;4_4&#8243; _builder_version=&#8221;4.21.0&#8243; _module_preset=&#8221;default&#8221; global_colors_info=&#8221;{}&#8221;][et_pb_text _builder_version=&#8221;4.21.0&#8243; _module_preset=&#8221;default&#8221; text_text_color=&#8221;#ffffff&#8221; background_color=&#8221;#3d3d3d&#8221; text_orientation=&#8221;center&#8221; custom_padding=&#8221;10px||||false|false&#8221; global_colors_info=&#8221;{}&#8221;]<\/p>\n<h1><span style=\"color: #ffffff;\"><strong>RECURSOS ESSENCIALS<\/strong><\/span><\/h1>\n<p>[\/et_pb_text][\/et_pb_column][\/et_pb_row][et_pb_row column_structure=&#8221;1_2,1_2&#8243; _builder_version=&#8221;4.21.0&#8243; _module_preset=&#8221;default&#8221; global_colors_info=&#8221;{}&#8221;][et_pb_column type=&#8221;1_2&#8243; _builder_version=&#8221;4.21.0&#8243; _module_preset=&#8221;default&#8221; global_colors_info=&#8221;{}&#8221;][et_pb_image src=&#8221;https:\/\/roquetes.cat\/web\/wp-content\/uploads\/2023\/06\/ddd.jpg&#8221; title_text=&#8221;ddd&#8221; force_fullwidth=&#8221;on&#8221; _builder_version=&#8221;4.21.0&#8243; _module_preset=&#8221;default&#8221; global_colors_info=&#8221;{}&#8221;][\/et_pb_image][et_pb_toggle title=&#8221;Informaci\u00f3 i orientaci\u00f3 sobre tr\u00e0mits, serveis i recursos&#8221; icon_color=&#8221;#000000&#8243; open_icon_color=&#8221;#000000&#8243; _builder_version=&#8221;4.21.0&#8243; _module_preset=&#8221;default&#8221; text_orientation=&#8221;left&#8221; custom_margin=&#8221;-30px||||false|false&#8221; global_colors_info=&#8221;{}&#8221;]<\/p>\n<blockquote>\n<p lang=\"ca-ES\"><a href=\"https:\/\/xarxaempren.gencat.cat\/ca\/coneix-la-xarxa-empren\/serveis-de-la-xarxa-empren\/informacio-i-orientacio-sobre-tramits-serveis-i-recursos\/\">Informaci\u00f3 i orientaci\u00f3 sobre tr\u00e0mits, serveis i recursos<\/a><\/p>\n<\/blockquote>\n<blockquote>\n<p lang=\"ca-ES\" style=\"text-align: left;\"><a href=\"https:\/\/canalempresa.gencat.cat\/ca\/fue\/mon-local\/que-cal-fer-per-adherir-se-a-la-fue\/ajuntaments-adherits\/\" target=\"_blank\" rel=\"noopener\">Canal Empresa &#8211; Cercador d\u2019entitats. Assessora\u2019t!<\/a><\/p>\n<\/blockquote>\n<blockquote>\n<p lang=\"ca-ES\"><a href=\"https:\/\/xarxaempren.gencat.cat\/ca\/coneix-la-xarxa-empren\/cercador-dentitats\/\">Xarxa Empr\u00e8n &#8211; Cercador d&#8217;Entitats<\/a><\/p>\n<\/blockquote>\n<blockquote>\n<p lang=\"ca-ES\"><a href=\"https:\/\/emprenedoria.barcelonactiva.cat\/documents\/20124\/466254\/22_formes_juridiques_CAT.pdf\/ac7904c7-4533-5b5b-4f54-db1f1ee433d6\">Guia de tr\u00e0mits i formes jur\u00eddiques<\/a><\/p>\n<\/blockquote>\n<blockquote>\n<p lang=\"ca-ES\"><a href=\"https:\/\/youtu.be\/EP_Be_qFIsk\" target=\"_blank\" rel=\"noopener\">Quins aspectes cal tenir en compte a l\u2019hora d\u2019emprendre<\/a><\/p>\n<\/blockquote>\n<blockquote>\n<p lang=\"ca-ES\"><a href=\"https:\/\/youtu.be\/2cKplleohZo\">Nom i marca de l\u2019empresa<\/a><\/p>\n<\/blockquote>\n<blockquote>\n<p lang=\"ca-ES\"><a href=\"http:\/\/canalempresa.gencat.cat\/ca\/01_que_voleu_fer\/02_comencar_un_negoci\/\">Canal Empresa Gencat<\/a><\/p>\n<\/blockquote>\n<blockquote>\n<p lang=\"ca-ES\"><a href=\"https:\/\/roquetes.cat\/ajuntament\/home\/dinamitzacio-economica-c\/3478-vols-obtenir-el-teu-certificat-digital-idcat\">Com obtenir el teu certificat digital idCAT?<\/a><\/p>\n<\/blockquote>\n<blockquote>\n<p lang=\"ca-ES\"><a href=\"https:\/\/youtu.be\/IrzGSs-0SkY\">Elevator Pich: Les claus per presentar el teu projecte i vendre la teva idea<\/a><\/p>\n<\/blockquote>\n<p lang=\"ca-ES\">[\/et_pb_toggle][et_pb_image src=&#8221;https:\/\/roquetes.cat\/web\/wp-content\/uploads\/2023\/06\/planempresa.jpg&#8221; title_text=&#8221;planempresa&#8221; force_fullwidth=&#8221;on&#8221; _builder_version=&#8221;4.21.0&#8243; _module_preset=&#8221;default&#8221; global_colors_info=&#8221;{}&#8221;][\/et_pb_image][et_pb_toggle title=&#8221;Fes el teu Pla d\u2019empresa&#8221; icon_color=&#8221;#000000&#8243; open_icon_color=&#8221;#000000&#8243; _builder_version=&#8221;4.21.0&#8243; _module_preset=&#8221;default&#8221; text_orientation=&#8221;left&#8221; custom_margin=&#8221;-30px||||false|false&#8221; global_colors_info=&#8221;{}&#8221;]<\/p>\n<blockquote>\n<p><a href=\"https:\/\/xarxaempren.gencat.cat\/web\/.content\/07recursos\/fitxers\/Guia-del-Pla-dempresa-en-linia_cat.pdf\">Guia del Pla d\u2019empresa<\/a><\/p>\n<\/blockquote>\n<blockquote>\n<p><a href=\"https:\/\/xarxaempren.gencat.cat\/web\/.content\/03crea-el-teu-negoci\/fes_pla_empresa\/Canvas-Emprenedoria-accessible.pdf\">Plantilla Canvas<\/a><\/p>\n<\/blockquote>\n<p>[\/et_pb_toggle][et_pb_image src=&#8221;https:\/\/roquetes.cat\/web\/wp-content\/uploads\/2023\/06\/subvenciones.jpg&#8221; title_text=&#8221;subvenciones&#8221; force_fullwidth=&#8221;on&#8221; _builder_version=&#8221;4.21.0&#8243; _module_preset=&#8221;default&#8221; global_colors_info=&#8221;{}&#8221;][\/et_pb_image][et_pb_toggle title=&#8221;Ajudes i subvencions per a empreses&#8221; icon_color=&#8221;#000000&#8243; open_icon_color=&#8221;#000000&#8243; _builder_version=&#8221;4.21.0&#8243; _module_preset=&#8221;default&#8221; text_orientation=&#8221;left&#8221; custom_margin=&#8221;-30px||||false|false&#8221; global_colors_info=&#8221;{}&#8221;]<\/p>\n<blockquote>\n<p><a href=\"https:\/\/ccam.gencat.cat\/ca\/serveis\/subvencions\/2023\/\"><u>Servei de suport en tr\u00e0mits de sol\u00b7licitud de les subvencions al comer\u00e7 i serveis convocades actualment per la Generalitat i altres administracions p\u00fabliques. <strong>Sempre al teu costat!<\/strong><\/u><\/a><\/p>\n<\/blockquote>\n<blockquote>\n<p lang=\"ca-ES\"><span style=\"color: #0563c1;\"><u><a href=\"https:\/\/www.leader.cat\/ajuts-leader\/\" target=\"_top\" rel=\"noopener\">Ajuts Leader &#8211; leader.cat<\/a><\/u><\/span><\/p>\n<\/blockquote>\n<blockquote>\n<p lang=\"ca-ES\"><a href=\"https:\/\/seuelectronica.dipta.cat\/anuncis-subvencions\">Subvencions &#8211; Seu Electr\u00f2nica Diputaci\u00f3 de Tarragona (dipta.cat)<\/a><\/p>\n<\/blockquote>\n<blockquote>\n<p lang=\"ca-ES\"><span style=\"color: #0563c1;\"><u><a href=\"https:\/\/ccam.gencat.cat\/ca\/serveis\/subvencions\/\" target=\"_top\" rel=\"noopener\">Subvencions CCAM. Consorci de Comer\u00e7, Artesania i Moda de Catalunya (gencat.cat)<\/a><\/u><\/span><\/p>\n<\/blockquote>\n<blockquote>\n<p lang=\"ca-ES\"><span style=\"color: #0563c1;\"><u><a href=\"https:\/\/serveiocupacio.gencat.cat\/ca\/empresa\/programes-ocupacionals-i-subvencions\/programes-i-ajuts-per-a-empreses-i-autonoms-en-termini\/\" target=\"_top\" rel=\"noopener\">Programes i ajuts per a empreses i aut\u00f2noms. Servei P\u00fablic d&#8217;Ocupaci\u00f3 de Catalunya (gencat.cat)<\/a><\/u><\/span><\/p>\n<\/blockquote>\n<blockquote>\n<p lang=\"ca-ES\"><span style=\"color: #0563c1;\"><u><a href=\"https:\/\/www.accio.gencat.cat\/ca\/serveis\/cercador-ajuts-empresa\/\" target=\"_top\" rel=\"noopener\">Cercador d&#8217;ajuts i serveis per a l&#8217;empresa. ACCI\u00d3 &#8211; Ag\u00e8ncia per la Competitivitat de l&#8217;Empresa (gencat.cat)<\/a><\/u><\/span><\/p>\n<\/blockquote>\n<blockquote>\n<p lang=\"ca-ES\"><span style=\"color: #0563c1;\"><u><a href=\"https:\/\/www.accio.gencat.cat\/ca\/serveis\/cercador-ajuts-empresa\/ajutsiserveis\/22210_next_generation_eu_subvencions_programa_ocupacio_transformacio\" target=\"_top\" rel=\"noopener\">Next Generation EU &#8211; Subvencions del programa &#8220;Ocupaci\u00f3 + Transformaci\u00f3\u201d . ACCI\u00d3 &#8211; Ag\u00e8ncia per la Competitivitat de l&#8217;Empresa (gencat.cat)<\/a><\/u><\/span><\/p>\n<\/blockquote>\n<blockquote>\n<p lang=\"ca-ES\"><span style=\"color: #0563c1;\"><u><a href=\"https:\/\/serveiocupacio.gencat.cat\/ca\/entitats\/subvencions-foment-ocupacio\/\" target=\"_top\" rel=\"noopener\">Subvencions pel foment de l&#8217;ocupaci\u00f3. Servei P\u00fablic d&#8217;Ocupaci\u00f3 de Catalunya (gencat.cat)<\/a><\/u><\/span><\/p>\n<\/blockquote>\n<blockquote>\n<p lang=\"ca-ES\"><span style=\"color: #0563c1;\"><u><a href=\"https:\/\/fonseuropeus.gencat.cat\/ca\/next-generation-catalunya\/convocatories-licitacions\/convocatories\/\" target=\"_top\" rel=\"noopener\">Convocat\u00f2ries. Fons europeus a Catalunya (gencat.cat)<\/a><\/u><\/span><\/p>\n<\/blockquote>\n<blockquote>\n<p lang=\"ca-ES\"><span style=\"color: #0563c1;\"><u><a href=\"https:\/\/www.baixebre.cat\/arees-dactuacio\/fons-europeus\/next-generation\" target=\"_top\" rel=\"noopener\">NEXT GENERATION | Consell Comarcal del Baix Ebre<\/a><\/u><\/span><\/p>\n<\/blockquote>\n<blockquote>\n<p lang=\"ca-ES\"><span style=\"color: #0563c1;\"><u><a href=\"https:\/\/www.baixebre.cat\/arees-dactuacio\/activacio-economica\/emprenedoria\/ajuts-economics-a-projectes-comarcals-dautoocupacio\" target=\"_top\" rel=\"noopener\">Ajuts econ\u00f2mics a projectes comarcals d&#8217;autoocupaci\u00f3 | Consell Comarcal del Baix Ebre<\/a><\/u><\/span><\/p>\n<\/blockquote>\n<blockquote>\n<p lang=\"ca-ES\"><span style=\"color: #0563c1;\"><u><a href=\"https:\/\/serveiocupacio.gencat.cat\/ca\/soc\/ambits-actuacio\/infografies-dels-programes-del-soc\/\" target=\"_top\" rel=\"noopener\">Infografies dels nostres programes . Servei P\u00fablic d&#8217;Ocupaci\u00f3 de Catalunya (gencat.cat)<\/a><\/u><\/span><\/p>\n<\/blockquote>\n<p>[\/et_pb_toggle][\/et_pb_column][et_pb_column type=&#8221;1_2&#8243; _builder_version=&#8221;4.21.0&#8243; _module_preset=&#8221;default&#8221; global_colors_info=&#8221;{}&#8221;][et_pb_image src=&#8221;https:\/\/roquetes.cat\/web\/wp-content\/uploads\/2023\/06\/finan.jpg&#8221; title_text=&#8221;finan&#8221; force_fullwidth=&#8221;on&#8221; _builder_version=&#8221;4.21.0&#8243; _module_preset=&#8221;default&#8221; global_colors_info=&#8221;{}&#8221;][\/et_pb_image][et_pb_toggle title=&#8221;Com obtenir finan\u00e7ament?&#8221; icon_color=&#8221;#000000&#8243; open_icon_color=&#8221;#000000&#8243; _builder_version=&#8221;4.21.0&#8243; _module_preset=&#8221;default&#8221; text_orientation=&#8221;left&#8221; custom_margin=&#8221;-30px||||false|false&#8221; global_colors_info=&#8221;{}&#8221;]<\/p>\n<blockquote>\n<p><a href=\"https:\/\/xarxaempren.gencat.cat\/ca\/coneix-la-xarxa-empren\/serveis-de-la-xarxa-empren\/informacio-i-orientacio-sobre-tramits-serveis-i-recursos\/\">Xarxa Empr\u00e8n &#8211; Com obtenir finan\u00e7ament<\/a><\/p>\n<\/blockquote>\n<blockquote>\n<p><a href=\"https:\/\/youtu.be\/ZXjS39f7Hnk\">Com aconseguir finan\u00e7ament?<\/a><\/p>\n<\/blockquote>\n<blockquote>\n<p><a href=\"https:\/\/youtu.be\/NDDLtKFkSrQ\">Com fer un pla econ\u00f2mic-financer<\/a><\/p>\n<\/blockquote>\n<blockquote>\n<p><a href=\"https:\/\/app.box.com\/s\/x5312jxclvmh6xentqgxt4cqv11kwvhs\">Simulador pla econ\u00f2mic-financer<\/a><\/p>\n<\/blockquote>\n<blockquote>\n<p><a href=\"https:\/\/xarxaempren.gencat.cat\/web\/.content\/07recursos\/fitxers\/Com-fer-el-pla-Economic-Financer.pdf\">Guia del Pla .econ\u00f2mic-financer<\/a><\/p>\n<\/blockquote>\n<blockquote>\n<p><a href=\"https:\/\/youtu.be\/DBEPGY4Fl5g\">Finan\u00e7ament: el teu projecte<\/a><\/p>\n<\/blockquote>\n<blockquote>\n<p><a href=\"https:\/\/youtu.be\/LOACop78AqM\">Tresoreria<\/a><\/p>\n<\/blockquote>\n<blockquote>\n<p><a href=\"https:\/\/www.icf.cat\/ca\/inici\/\">Institut Catal\u00e0 de Finances ICF. Obre en una nova finestra<\/a><\/p>\n<\/blockquote>\n<blockquote>\n<p><a href=\"https:\/\/www.avalis.cat\/cat\/\">Avals per a persones emprenedores<\/a><\/p>\n<\/blockquote>\n<blockquote>\n<p><a href=\"https:\/\/www.iefweb.org\/\">Institut d&#8217;Estudis Financers<\/a><\/p>\n<\/blockquote>\n<p>[\/et_pb_toggle][et_pb_image src=&#8221;https:\/\/roquetes.cat\/web\/wp-content\/uploads\/2023\/06\/ventana.png&#8221; title_text=&#8221;ventana&#8221; force_fullwidth=&#8221;on&#8221; _builder_version=&#8221;4.21.0&#8243; _module_preset=&#8221;default&#8221; global_colors_info=&#8221;{}&#8221;][\/et_pb_image][et_pb_toggle title=&#8221;Finestra empresarial&#8221; icon_color=&#8221;#000000&#8243; open_icon_color=&#8221;#000000&#8243; _builder_version=&#8221;4.21.0&#8243; _module_preset=&#8221;default&#8221; title_text_align=&#8221;left&#8221; text_orientation=&#8221;left&#8221; custom_margin=&#8221;-30px||||false|false&#8221; global_colors_info=&#8221;{}&#8221;]<\/p>\n<blockquote>\n<p><a href=\"https:\/\/ovt.gencat.cat\/gsitfc\/AppJava\/citpre\/citpre.do?reqCode=simpleSearch&amp;set-locale=ca_ES&amp;origen=CE\">Demanar cita pr\u00e8via<\/a><\/p>\n<\/blockquote>\n<blockquote>\n<p><a href=\"https:\/\/web.gencat.cat\/ca\/adreces-i-telefons\/detall\/?codInf=16231\">Oficina de Gesti\u00f3 Empresarial (OGE) Terres de l\u2019Ebre<\/a><\/p>\n<\/blockquote>\n<blockquote>\n<p><a href=\"http:\/\/web.gencat.cat\/ca\/generalitat\/cercador_organismes\/index.html?codInf=12570\">Oficina OGE-Cambra Tortosa<\/a><\/p>\n<\/blockquote>\n<blockquote>\n<p><a href=\"https:\/\/canalempresa.gencat.cat\/ca\/fue\/mon-local\/que-cal-fer-per-adherir-se-a-la-fue\/ajuntaments-adherits\/\">Ajuntaments adherits<\/a><\/p>\n<\/blockquote>\n<p>[\/et_pb_toggle][et_pb_image src=&#8221;https:\/\/roquetes.cat\/web\/wp-content\/uploads\/2023\/06\/Diseno-sin-titulo.jpg&#8221; title_text=&#8221;Dise\u00f1o sin t\u00edtulo&#8221; force_fullwidth=&#8221;on&#8221; _builder_version=&#8221;4.21.0&#8243; _module_preset=&#8221;default&#8221; global_colors_info=&#8221;{}&#8221;][\/et_pb_image][et_pb_toggle title=&#8221;Altres recursos per a empreses&#8221; icon_color=&#8221;#000000&#8243; open_icon_color=&#8221;#000000&#8243; _builder_version=&#8221;4.21.0&#8243; _module_preset=&#8221;default&#8221; title_text_align=&#8221;left&#8221; text_orientation=&#8221;left&#8221; custom_margin=&#8221;-30px||||false|false&#8221; global_colors_info=&#8221;{}&#8221;]<\/p>\n<blockquote><p><span style=\"color: #0563c1;\"><u><a href=\"https:\/\/canalempresa.gencat.cat\/ca\/fue\/que-es-la-fue\/Facilitacio-de-lactivitat\/index.html\" target=\"_top\" rel=\"noopener\">Facilitaci\u00f3 de l\u2019activitat econ\u00f2mica. Canal Empresa (gencat.cat)<\/a><\/u><\/span><\/p><\/blockquote>\n<blockquote>\n<p lang=\"ca-ES\"><a href=\"https:\/\/dogc.gencat.cat\/ca\/document-del-dogc\/?documentId=933337\" target=\"_top\" rel=\"noopener\"><u>DECRET 131\/2022, del Reglament de la Llei de facilitaci\u00f3 de l&#8217;activitat econ\u00f2mica.<\/u><\/a><\/p>\n<\/blockquote>\n<blockquote>\n<p lang=\"ca-ES\"><a href=\"https:\/\/portaljuridic.gencat.cat\/ca\/document-del-pjur\/?documentId=890270\" target=\"_top\" rel=\"noopener\"><u>LLEI 18\/2020, del 28 de desembre, de facilitaci\u00f3 de l&#8217;activitat econ\u00f2mica.<\/u><\/a><\/p>\n<\/blockquote>\n<blockquote>\n<p lang=\"ca-ES\"><a href=\"https:\/\/europa.eu\/youreurope\/business\/running-business\/developing-business\/setting-up-european-company\/index_es.htm\" target=\"_top\" rel=\"noopener\"><u>La Societat An\u00f2nima Europea (SE)<\/u><\/a><\/p>\n<\/blockquote>\n<blockquote>\n<p lang=\"ca-ES\"><a href=\"https:\/\/xarxaempren.gencat.cat\/web\/.content\/07recursos\/fitxers\/Cat-Empren_Com-triar-la-forma-juridica_accessible-2022.pdf\" target=\"_top\" rel=\"noopener\"><u>Com triar la forma jur\u00eddica del teu projecte emprenedor?<\/u><\/a><\/p>\n<\/blockquote>\n<blockquote>\n<p lang=\"ca-ES\"><a href=\"https:\/\/xarxaempren.gencat.cat\/web\/.content\/07recursos\/fitxers\/Cat-Empren_Ciberseguretat_accessible2022.pdf\" target=\"_top\" rel=\"noopener\"><u>Com digitalitzar el teu negoci i fer-lo cibersegur?<\/u><\/a><\/p>\n<\/blockquote>\n<blockquote>\n<p lang=\"ca-ES\"><a href=\"https:\/\/www.boe.es\/buscar\/act.php?id=BOE-A-2009-3673&amp;p=20200501&amp;tn=0\" target=\"_top\" rel=\"noopener\"><u>Decret 197\/2009, sobre el treballador aut\u00f2nom econ\u00f2micament dependent<\/u><\/a><\/p>\n<\/blockquote>\n<blockquote>\n<p lang=\"ca-ES\"><a href=\"https:\/\/portaljuridic.gencat.cat\/ca\/document-del-pjur\/?documentId=555982\" target=\"_top\" rel=\"noopener\">Llei 20\/2007, de l&#8217;Estatut del Treball Aut\u00f2nom<\/u><\/a><\/p>\n<\/blockquote>\n<blockquote>\n<p lang=\"ca-ES\"><u><a href=\"https:\/\/canalempresa.gencat.cat\/ca\/fue\/Comunicacio\/infofue\/infofue-20\/\" target=\"_top\" rel=\"noopener\">InfoFUE 20. Canal Empresa (gencat.cat)<\/a><\/u><\/p>\n<\/blockquote>\n<p>[\/et_pb_toggle][\/et_pb_column][\/et_pb_row][et_pb_row _builder_version=&#8221;4.21.0&#8243; _module_preset=&#8221;default&#8221; global_colors_info=&#8221;{}&#8221;][et_pb_column type=&#8221;4_4&#8243; _builder_version=&#8221;4.21.0&#8243; _module_preset=&#8221;default&#8221; global_colors_info=&#8221;{}&#8221;][et_pb_image src=&#8221;https:\/\/roquetes.cat\/web\/wp-content\/uploads\/2023\/06\/roquetes-empresa.jpg&#8221; title_text=&#8221;roquetes empresa&#8221; url=&#8221;https:\/\/t.me\/roquetesempresa&#8221; _builder_version=&#8221;4.21.0&#8243; _module_preset=&#8221;default&#8221; border_width_all=&#8221;1px&#8221; border_color_all=&#8221;#cccccc&#8221; global_colors_info=&#8221;{}&#8221;][\/et_pb_image][et_pb_button button_url=&#8221;https:\/\/roquetes.cat\/web\/area-activitat-economica\/&#8221; button_text=&#8221;Tornar&#8221; button_alignment=&#8221;center&#8221; _builder_version=&#8221;4.24.2&#8243; _module_preset=&#8221;default&#8221; custom_button=&#8221;on&#8221; button_text_color=&#8221;#fddd35&#8243; button_bg_color=&#8221;#3d3d3d&#8221; global_colors_info=&#8221;{}&#8221;][\/et_pb_button][\/et_pb_column][\/et_pb_row][\/et_pb_section]<\/p>\n","protected":false},"excerpt":{"rendered":"<p>L\u2019\u00e0rea d&#8217;Activitat Econ\u00f2mica \u00e9s un servei destinat a l\u2019acompanyament en la gesti\u00f3 de les empreses, amb l\u2019objectiu de millorar tan la competitivitat com l\u2019impacte d\u2019aquestes en el territori. Els seus \u00e0mbits de treball s\u00f3n l\u2019estrat\u00e8gia de desenvolupament del territori, l\u2019ocupaci\u00f3, la dinamitzaci\u00f3 empresarial, l\u2019emprenedoria, la formaci\u00f3 i la promoci\u00f3 del territori. Compta amb els serveis [&hellip;]<\/p>\n","protected":false},"author":2,"featured_media":0,"parent":0,"menu_order":0,"comment_status":"closed","ping_status":"closed","template":"","meta":{"_et_pb_use_builder":"on","_et_pb_old_content":"","_et_gb_content_width":"","footnotes":""},"class_list":["post-9629","page","type-page","status-publish","hentry"],"_links":{"self":[{"href":"https:\/\/roquetes.cat\/web\/wp-json\/wp\/v2\/pages\/9629","targetHints":{"allow":["GET"]}}],"collection":[{"href":"https:\/\/roquetes.cat\/web\/wp-json\/wp\/v2\/pages"}],"about":[{"href":"https:\/\/roquetes.cat\/web\/wp-json\/wp\/v2\/types\/page"}],"author":[{"embeddable":true,"href":"https:\/\/roquetes.cat\/web\/wp-json\/wp\/v2\/users\/2"}],"replies":[{"embeddable":true,"href":"https:\/\/roquetes.cat\/web\/wp-json\/wp\/v2\/comments?post=9629"}],"version-history":[{"count":49,"href":"https:\/\/roquetes.cat\/web\/wp-json\/wp\/v2\/pages\/9629\/revisions"}],"predecessor-version":[{"id":11594,"href":"https:\/\/roquetes.cat\/web\/wp-json\/wp\/v2\/pages\/9629\/revisions\/11594"}],"wp:attachment":[{"href":"https:\/\/roquetes.cat\/web\/wp-json\/wp\/v2\/media?parent=9629"}],"curies":[{"name":"wp","href":"https:\/\/api.w.org\/{rel}","templated":true}]}}