{"id":9443,"date":"2023-06-26T10:25:20","date_gmt":"2023-06-26T08:25:20","guid":{"rendered":"https:\/\/roquetes.cat\/web\/?page_id=9443"},"modified":"2024-03-04T16:04:08","modified_gmt":"2024-03-04T14:04:08","slug":"activitat-economica-comerc","status":"publish","type":"page","link":"https:\/\/roquetes.cat\/web\/activitat-economica-comerc\/","title":{"rendered":"Activitat Econ\u00f2mica &#8211; Comer\u00e7"},"content":{"rendered":"<p>[et_pb_section fb_built=&#8221;1&#8243; fullwidth=&#8221;on&#8221; _builder_version=&#8221;4.21.0&#8243; _module_preset=&#8221;default&#8221; global_colors_info=&#8221;{}&#8221;][et_pb_fullwidth_image src=&#8221;https:\/\/roquetes.cat\/web\/wp-content\/uploads\/2023\/06\/ROQUETES_CANAL.webp&#8221; _builder_version=&#8221;4.21.0&#8243; _module_preset=&#8221;default&#8221; global_colors_info=&#8221;{}&#8221;][\/et_pb_fullwidth_image][\/et_pb_section][et_pb_section fb_built=&#8221;1&#8243; _builder_version=&#8221;4.21.0&#8243; _module_preset=&#8221;default&#8221; custom_padding=&#8221;|10px||10px|false|false&#8221; global_colors_info=&#8221;{}&#8221;][et_pb_row _builder_version=&#8221;4.21.0&#8243; _module_preset=&#8221;default&#8221; global_colors_info=&#8221;{}&#8221;][et_pb_column type=&#8221;4_4&#8243; _builder_version=&#8221;4.21.0&#8243; _module_preset=&#8221;default&#8221; global_colors_info=&#8221;{}&#8221;][et_pb_image src=&#8221;https:\/\/roquetes.cat\/web\/wp-content\/uploads\/2024\/03\/COMERC.jpg&#8221; title_text=&#8221;COMERC&#8221; _builder_version=&#8221;4.24.2&#8243; _module_preset=&#8221;default&#8221; hover_enabled=&#8221;0&#8243; border_width_all=&#8221;1px&#8221; border_color_all=&#8221;#dddddd&#8221; global_colors_info=&#8221;{}&#8221; sticky_enabled=&#8221;0&#8243;][\/et_pb_image][\/et_pb_column][\/et_pb_row][et_pb_row column_structure=&#8221;1_2,1_2&#8243; _builder_version=&#8221;4.21.0&#8243; _module_preset=&#8221;default&#8221; background_enable_image=&#8221;off&#8221; global_colors_info=&#8221;{}&#8221;][et_pb_column type=&#8221;1_2&#8243; _builder_version=&#8221;4.21.0&#8243; _module_preset=&#8221;default&#8221; global_colors_info=&#8221;{}&#8221;][et_pb_text _builder_version=&#8221;4.21.0&#8243; _module_preset=&#8221;default&#8221; text_font=&#8221;||||||||&#8221; text_font_size=&#8221;18px&#8221; text_orientation=&#8221;justified&#8221; global_colors_info=&#8221;{}&#8221;]<\/p>\n<p>Des de la vessant de Comer\u00e7, l&#8217;objectiu que es treballa en aquesta \u00e0rea \u00e9s afavorir el desenvolupament del sector comercial urb\u00e0 local alhora que promoure una oferta quantitativament i qualitativa satisfact\u00f2ria per a la ciutat de Roquetes.<br \/>En aquesta l\u00ednia, s\u2019emprenen diferents accions encaminades a promocionar, dinamitzar i donar suport al petit i mitj\u00e0 comer\u00e7 de proximitat i urb\u00e0:<\/p>\n<blockquote>\n<p>Seguiment i implantaci\u00f3 del Pla de Dinamitzaci\u00f3 del Comer\u00e7 local de Roquetes<\/p>\n<\/blockquote>\n<blockquote>\n<p>Col\u00b7laboraci\u00f3 amb les actuacions i propostes del Comer\u00e7 Agrupat de Roquetes (CAR)<\/p>\n<\/blockquote>\n<blockquote>\n<p>Assessorament personalitzat i campanyes informatives als comer\u00e7os.<\/p>\n<\/blockquote>\n<blockquote>\n<p>Suport a la implantaci\u00f3 de nous negocis comercials.<\/p>\n<\/blockquote>\n<blockquote>\n<p>Suport a la digitalitzaci\u00f3 dels comer\u00e7os de la ciutat.<\/p>\n<\/blockquote>\n<p>[\/et_pb_text][\/et_pb_column][et_pb_column type=&#8221;1_2&#8243; _builder_version=&#8221;4.21.0&#8243; _module_preset=&#8221;default&#8221; global_colors_info=&#8221;{}&#8221;][et_pb_image src=&#8221;https:\/\/roquetes.cat\/web\/wp-content\/uploads\/2023\/06\/Bosses-Roquetes-696&#215;464-1.jpg&#8221; title_text=&#8221;Bosses-Roquetes-696&#215;464&#8243; _builder_version=&#8221;4.21.0&#8243; _module_preset=&#8221;default&#8221; global_colors_info=&#8221;{}&#8221;][\/et_pb_image][et_pb_image src=&#8221;https:\/\/roquetes.cat\/web\/wp-content\/uploads\/2023\/06\/compraaroquetes.gif&#8221; title_text=&#8221;compraaroquetes&#8221; url=&#8221;https:\/\/compraaroquetes.cat\/&#8221; url_new_window=&#8221;on&#8221; _builder_version=&#8221;4.21.0&#8243; _module_preset=&#8221;default&#8221; border_width_all=&#8221;1px&#8221; border_color_all=&#8221;#d1d1d1&#8243; global_colors_info=&#8221;{}&#8221;][\/et_pb_image][\/et_pb_column][\/et_pb_row][et_pb_row column_structure=&#8221;1_2,1_2&#8243; _builder_version=&#8221;4.21.0&#8243; _module_preset=&#8221;default&#8221; global_colors_info=&#8221;{}&#8221;][et_pb_column type=&#8221;1_2&#8243; _builder_version=&#8221;4.21.0&#8243; _module_preset=&#8221;default&#8221; global_colors_info=&#8221;{}&#8221;][et_pb_text _builder_version=&#8221;4.21.0&#8243; _module_preset=&#8221;default&#8221; text_font=&#8221;||||||||&#8221; text_font_size=&#8221;18px&#8221; text_line_height=&#8221;1.8em&#8221; global_colors_info=&#8221;{}&#8221;]<\/p>\n<h2><strong>Compra a casa, compra a Roquetes!<\/strong><\/h2>\n<p>[\/et_pb_text][et_pb_video src=&#8221;https:\/\/youtu.be\/gaYQsy0gUCg&#8221; _builder_version=&#8221;4.21.0&#8243; _module_preset=&#8221;default&#8221; global_colors_info=&#8221;{}&#8221;][\/et_pb_video][\/et_pb_column][et_pb_column type=&#8221;1_2&#8243; _builder_version=&#8221;4.21.0&#8243; _module_preset=&#8221;default&#8221; global_colors_info=&#8221;{}&#8221;][et_pb_text _builder_version=&#8221;4.21.0&#8243; _module_preset=&#8221;default&#8221; text_font=&#8221;||||||||&#8221; text_font_size=&#8221;18px&#8221; global_colors_info=&#8221;{}&#8221;][\/et_pb_text][et_pb_text _builder_version=&#8221;4.21.0&#8243; _module_preset=&#8221;default&#8221; text_font=&#8221;||||||||&#8221; text_font_size=&#8221;18px&#8221; global_colors_info=&#8221;{}&#8221;]<\/p>\n<p lang=\"ca-ES\" align=\"justify\">Portal web <span style=\"color: #0563c1;\"><u><a href=\"https:\/\/compraaroquetes.cat\/?fbclid=IwAR3Pn0xMb1RE4ITlbMEEpVPAUN8yQ7-A3b-by0bWdly3tlUYQkW6Z6IlIUc\" target=\"_blank\" rel=\"noopener\">https:\/\/compraaroquetes.cat<\/a><\/u><\/span>, un directori comercial i de serveis de Roquetes amb l&#8217;objectiu de promocionar el teixit empresarial, comercial i de serveis de proximitat del municipi.<\/p>\n<p align=\"justify\">La guia comercial i de serveis en l\u00ednia permet trobar una botiga, un negoci o serveis professionals, organitzats en \u00e0rees i activitats amb tota la informaci\u00f3 dels serveis que ofereix cadascun d&#8217;ells.<\/p>\n<p align=\"justify\">Els diferents comer\u00e7os, negocis, empreses de serveis t\u00e8cnics i professionals de Roquetes poden inscriure&#8217;s al web emplenant un formulari on poden donar a con\u00e8ixer de manera gratu\u00efta tot el que ofereixen.<\/p>\n<p align=\"justify\">El portal inclou tamb\u00e9 un mapa interactiu que permet con\u00e8ixer la ubicaci\u00f3 exacta del teixit comercial i de serveis de Roquetes.<\/p>\n<p>[\/et_pb_text][\/et_pb_column][\/et_pb_row][et_pb_row _builder_version=&#8221;4.21.0&#8243; _module_preset=&#8221;default&#8221; global_colors_info=&#8221;{}&#8221;][et_pb_column type=&#8221;4_4&#8243; _builder_version=&#8221;4.21.0&#8243; _module_preset=&#8221;default&#8221; global_colors_info=&#8221;{}&#8221;][et_pb_text _builder_version=&#8221;4.21.0&#8243; _module_preset=&#8221;default&#8221; text_font=&#8221;||||||||&#8221; text_font_size=&#8221;18px&#8221; text_orientation=&#8221;justified&#8221; global_colors_info=&#8221;{}&#8221;]<\/p>\n<h2><strong>Comer\u00e7 Agrupat de Roquetes<\/strong><\/h2>\n<p>El comer\u00e7 de Roquetes i del Raval de Cristo est\u00e0 representat per diferents comer\u00e7os i empreses de serveis que ofereixen poder trobar una amplia varietat de productes i serveis.<\/p>\n<p>Aquests comer\u00e7os i empreses s\u2019han agrupat per formar una associaci\u00f3 que els representi per poder oferir als seus clients molts bons preus i poder presentar puntualment ofertes i descomptes en les seves compres.<\/p>\n<p>Aquesta associaci\u00f3 t\u00e9 el nom de Comer\u00e7 Agrupat de Roquetes (CAR) i t\u00e9 com a objectiu promocionar el comer\u00e7 de proximitat i recolzar i donar suport als socis que formen part de l\u2019associaci\u00f3.<\/p>\n<p>[\/et_pb_text][\/et_pb_column][\/et_pb_row][et_pb_row column_structure=&#8221;1_2,1_2&#8243; _builder_version=&#8221;4.21.0&#8243; _module_preset=&#8221;default&#8221; global_colors_info=&#8221;{}&#8221;][et_pb_column type=&#8221;1_2&#8243; _builder_version=&#8221;4.21.0&#8243; _module_preset=&#8221;default&#8221; global_colors_info=&#8221;{}&#8221;][et_pb_image src=&#8221;https:\/\/roquetes.cat\/web\/wp-content\/uploads\/2023\/06\/car.jpg&#8221; title_text=&#8221;car&#8221; align=&#8221;center&#8221; _builder_version=&#8221;4.21.0&#8243; _module_preset=&#8221;default&#8221; global_colors_info=&#8221;{}&#8221;][\/et_pb_image][et_pb_text _builder_version=&#8221;4.21.0&#8243; _module_preset=&#8221;default&#8221; text_font=&#8221;||||||||&#8221; text_font_size=&#8221;18px&#8221; text_orientation=&#8221;justified&#8221; global_colors_info=&#8221;{}&#8221;]<\/p>\n<p style=\"text-align: center;\"><strong>Segueix: <a href=\"https:\/\/www.facebook.com\/caroquetesiravaldecrist\">Comer\u00e7 Agrupat Roquetes | Facebook<\/a><\/strong><\/p>\n<p>[\/et_pb_text][\/et_pb_column][et_pb_column type=&#8221;1_2&#8243; _builder_version=&#8221;4.21.0&#8243; _module_preset=&#8221;default&#8221; global_colors_info=&#8221;{}&#8221;][et_pb_video src=&#8221;https:\/\/roquetes.cat\/web\/wp-content\/uploads\/2023\/06\/342532469_608213891186987_7404552718474544213_n.mp4&#8243; admin_label=&#8221;Video&#8221; _builder_version=&#8221;4.21.0&#8243; _module_preset=&#8221;default&#8221; global_colors_info=&#8221;{}&#8221;][\/et_pb_video][\/et_pb_column][\/et_pb_row][et_pb_row _builder_version=&#8221;4.21.0&#8243; _module_preset=&#8221;default&#8221; global_colors_info=&#8221;{}&#8221;][et_pb_column type=&#8221;4_4&#8243; _builder_version=&#8221;4.21.0&#8243; _module_preset=&#8221;default&#8221; global_colors_info=&#8221;{}&#8221;][et_pb_text _builder_version=&#8221;4.21.0&#8243; _module_preset=&#8221;default&#8221; background_color=&#8221;#3d3d3d&#8221; text_orientation=&#8221;center&#8221; custom_padding=&#8221;15px||||false|false&#8221; global_colors_info=&#8221;{}&#8221;]<\/p>\n<h1><span style=\"color: #ffffff;\"><strong>INFORMACI\u00d3 D&#8217;INTER\u00c8S<\/strong><\/span><\/h1>\n<p>[\/et_pb_text][et_pb_image src=&#8221;https:\/\/roquetes.cat\/web\/wp-content\/uploads\/2023\/06\/Calendari-oficial-de-les-festes-laborals-a-Catalunya-per-a-lany-2024.jpg&#8221; title_text=&#8221;Calendari oficial de les festes laborals a Catalunya per a l\u2019any 2024&#8243; url=&#8221;https:\/\/portaldogc.gencat.cat\/utilsEADOP\/PDF\/8935\/1979531.pdf&#8221; url_new_window=&#8221;on&#8221; align=&#8221;center&#8221; force_fullwidth=&#8221;on&#8221; admin_label=&#8221;Image&#8221; _builder_version=&#8221;4.21.0&#8243; _module_preset=&#8221;default&#8221; custom_margin=&#8221;-20px||||false|false&#8221; border_width_all=&#8221;1px&#8221; border_color_all=&#8221;#3d3d3d&#8221; global_colors_info=&#8221;{}&#8221;][\/et_pb_image][\/et_pb_column][\/et_pb_row][et_pb_row column_structure=&#8221;1_4,1_4,1_4,1_4&#8243; _builder_version=&#8221;4.21.0&#8243; _module_preset=&#8221;default&#8221; global_colors_info=&#8221;{}&#8221;][et_pb_column type=&#8221;1_4&#8243; _builder_version=&#8221;4.21.0&#8243; _module_preset=&#8221;default&#8221; global_colors_info=&#8221;{}&#8221;][et_pb_blurb title=&#8221;Calendari laboral 2024&#8243; url=&#8221;https:\/\/roquetes.cat\/web\/wp-content\/uploads\/2023\/12\/Festes-generals-i-locals-a-Roquetes-2024.pdf&#8221; url_new_window=&#8221;on&#8221; use_icon=&#8221;on&#8221; font_icon=&#8221;&#xf073;||fa||400&#8243; _builder_version=&#8221;4.24.2&#8243; _module_preset=&#8221;default&#8221; text_orientation=&#8221;center&#8221; global_colors_info=&#8221;{}&#8221;][\/et_pb_blurb][et_pb_blurb title=&#8221;Consorci de Comer\u00e7, Artesania i Moda&#8221; url=&#8221;https:\/\/ccam.gencat.cat\/ca\/inici&#8221; url_new_window=&#8221;on&#8221; use_icon=&#8221;on&#8221; font_icon=&#8221;&#xe07c;||divi||400&#8243; _builder_version=&#8221;4.21.0&#8243; _module_preset=&#8221;default&#8221; text_orientation=&#8221;center&#8221; global_colors_info=&#8221;{}&#8221;][\/et_pb_blurb][\/et_pb_column][et_pb_column type=&#8221;1_4&#8243; _builder_version=&#8221;4.21.0&#8243; _module_preset=&#8221;default&#8221; global_colors_info=&#8221;{}&#8221;][et_pb_blurb title=&#8221;Horaris comercials&#8221; url=&#8221;https:\/\/web.gencat.cat\/ca\/actualitat\/reportatges\/guia-horaris-comercials\/#bloc2&#8243; url_new_window=&#8221;on&#8221; use_icon=&#8221;on&#8221; font_icon=&#8221;&#xf1da;||fa||900&#8243; _builder_version=&#8221;4.21.0&#8243; _module_preset=&#8221;default&#8221; text_orientation=&#8221;center&#8221; global_colors_info=&#8221;{}&#8221;][\/et_pb_blurb][et_pb_blurb title=&#8221;Dies d&#8217;obertura autoritzada en festius&#8221; url=&#8221;https:\/\/roquetes.cat\/web\/dies-festius-dobertura-autoritzada-establiments-comercials\/&#8221; url_new_window=&#8221;on&#8221; use_icon=&#8221;on&#8221; font_icon=&#8221;&#xf54f;||fa||900&#8243; _builder_version=&#8221;4.21.0&#8243; _module_preset=&#8221;default&#8221; text_orientation=&#8221;center&#8221; global_colors_info=&#8221;{}&#8221;][\/et_pb_blurb][\/et_pb_column][et_pb_column type=&#8221;1_4&#8243; _builder_version=&#8221;4.21.0&#8243; _module_preset=&#8221;default&#8221; global_colors_info=&#8221;{}&#8221;][et_pb_blurb title=&#8221;Ordenances i reglaments&#8221; url=&#8221;https:\/\/seu-e.cat\/ca\/web\/roquetes\/govern-obert-i-transparencia\/accio-de-govern-i-normativa\/normativa-plans-i-programes\/ordenances-fiscals&#8221; url_new_window=&#8221;on&#8221; use_icon=&#8221;on&#8221; font_icon=&#8221;&#xf571;||fa||900&#8243; admin_label=&#8221;Blurb&#8221; _builder_version=&#8221;4.21.0&#8243; _module_preset=&#8221;default&#8221; text_orientation=&#8221;center&#8221; global_colors_info=&#8221;{}&#8221;][\/et_pb_blurb][et_pb_blurb title=&#8221;Normativa de comer\u00e7&#8221; url=&#8221;https:\/\/empresa.gencat.cat\/ca\/treb_ambits_actuacio\/comerc\/intern\/normativa\/especifica\/&#8221; url_new_window=&#8221;on&#8221; use_icon=&#8221;on&#8221; font_icon=&#8221;&#xf56f;||fa||900&#8243; admin_label=&#8221;Blurb&#8221; _builder_version=&#8221;4.21.0&#8243; _module_preset=&#8221;default&#8221; text_orientation=&#8221;center&#8221; global_colors_info=&#8221;{}&#8221;][\/et_pb_blurb][\/et_pb_column][et_pb_column type=&#8221;1_4&#8243; _builder_version=&#8221;4.21.0&#8243; _module_preset=&#8221;default&#8221; global_colors_info=&#8221;{}&#8221;][et_pb_blurb title=&#8221;Regulaci\u00f3 comercial&#8221; url=&#8221;https:\/\/web.gencat.cat\/ca\/temes\/comerc\/index.html&#8221; url_new_window=&#8221;on&#8221; use_icon=&#8221;on&#8221; font_icon=&#8221;&#xf290;||fa||900&#8243; admin_label=&#8221;Blurb&#8221; _builder_version=&#8221;4.21.0&#8243; _module_preset=&#8221;default&#8221; text_orientation=&#8221;center&#8221; global_colors_info=&#8221;{}&#8221;][\/et_pb_blurb][et_pb_blurb title=&#8221;Llei reguladora de comer\u00e7, serveis i fires&#8221; url=&#8221;https:\/\/portaljuridic.gencat.cat\/ca\/document-del-pjur\/?documentId=794501&#8243; url_new_window=&#8221;on&#8221; use_icon=&#8221;on&#8221; font_icon=&#8221;&#xf0e3;||fa||900&#8243; admin_label=&#8221;Blurb&#8221; _builder_version=&#8221;4.21.0&#8243; _module_preset=&#8221;default&#8221; text_orientation=&#8221;center&#8221; global_colors_info=&#8221;{}&#8221;][\/et_pb_blurb][\/et_pb_column][\/et_pb_row][et_pb_row _builder_version=&#8221;4.21.0&#8243; _module_preset=&#8221;default&#8221; global_colors_info=&#8221;{}&#8221;][et_pb_column type=&#8221;4_4&#8243; _builder_version=&#8221;4.21.0&#8243; _module_preset=&#8221;default&#8221; global_colors_info=&#8221;{}&#8221;][et_pb_button button_url=&#8221;https:\/\/roquetes.cat\/web\/area-activitat-economica\/&#8221; button_text=&#8221;Tornar&#8221; button_alignment=&#8221;center&#8221; _builder_version=&#8221;4.24.2&#8243; _module_preset=&#8221;default&#8221; custom_button=&#8221;on&#8221; button_text_color=&#8221;#fddd35&#8243; button_bg_color=&#8221;#3d3d3d&#8221; global_colors_info=&#8221;{}&#8221;][\/et_pb_button][\/et_pb_column][\/et_pb_row][\/et_pb_section]<\/p>\n","protected":false},"excerpt":{"rendered":"<p>Des de la vessant de Comer\u00e7, l&#8217;objectiu que es treballa en aquesta \u00e0rea \u00e9s afavorir el desenvolupament del sector comercial urb\u00e0 local alhora que promoure una oferta quantitativament i qualitativa satisfact\u00f2ria per a la ciutat de Roquetes.En aquesta l\u00ednia, s\u2019emprenen diferents accions encaminades a promocionar, dinamitzar i donar suport al petit i mitj\u00e0 comer\u00e7 de [&hellip;]<\/p>\n","protected":false},"author":2,"featured_media":0,"parent":0,"menu_order":0,"comment_status":"closed","ping_status":"closed","template":"","meta":{"_et_pb_use_builder":"on","_et_pb_old_content":"","_et_gb_content_width":"","footnotes":""},"class_list":["post-9443","page","type-page","status-publish","hentry"],"_links":{"self":[{"href":"https:\/\/roquetes.cat\/web\/wp-json\/wp\/v2\/pages\/9443","targetHints":{"allow":["GET"]}}],"collection":[{"href":"https:\/\/roquetes.cat\/web\/wp-json\/wp\/v2\/pages"}],"about":[{"href":"https:\/\/roquetes.cat\/web\/wp-json\/wp\/v2\/types\/page"}],"author":[{"embeddable":true,"href":"https:\/\/roquetes.cat\/web\/wp-json\/wp\/v2\/users\/2"}],"replies":[{"embeddable":true,"href":"https:\/\/roquetes.cat\/web\/wp-json\/wp\/v2\/comments?post=9443"}],"version-history":[{"count":76,"href":"https:\/\/roquetes.cat\/web\/wp-json\/wp\/v2\/pages\/9443\/revisions"}],"predecessor-version":[{"id":11592,"href":"https:\/\/roquetes.cat\/web\/wp-json\/wp\/v2\/pages\/9443\/revisions\/11592"}],"wp:attachment":[{"href":"https:\/\/roquetes.cat\/web\/wp-json\/wp\/v2\/media?parent=9443"}],"curies":[{"name":"wp","href":"https:\/\/api.w.org\/{rel}","templated":true}]}}