{"id":9345,"date":"2023-06-26T08:47:08","date_gmt":"2023-06-26T06:47:08","guid":{"rendered":"https:\/\/roquetes.cat\/web\/?page_id=9345"},"modified":"2024-03-04T16:08:38","modified_gmt":"2024-03-04T14:08:38","slug":"activitat-economica-formacio","status":"publish","type":"page","link":"https:\/\/roquetes.cat\/web\/activitat-economica-formacio\/","title":{"rendered":"Activitat econ\u00f2mica &#8211; Formaci\u00f3"},"content":{"rendered":"<p>[et_pb_section fb_built=&#8221;1&#8243; fullwidth=&#8221;on&#8221; _builder_version=&#8221;4.21.0&#8243; _module_preset=&#8221;default&#8221; global_colors_info=&#8221;{}&#8221;][et_pb_fullwidth_image src=&#8221;https:\/\/roquetes.cat\/web\/wp-content\/uploads\/2023\/06\/ROQUETES_CANAL.webp&#8221; _builder_version=&#8221;4.21.0&#8243; _module_preset=&#8221;default&#8221; global_colors_info=&#8221;{}&#8221;][\/et_pb_fullwidth_image][\/et_pb_section][et_pb_section fb_built=&#8221;1&#8243; _builder_version=&#8221;4.21.0&#8243; _module_preset=&#8221;default&#8221; global_colors_info=&#8221;{}&#8221;][et_pb_row _builder_version=&#8221;4.21.0&#8243; _module_preset=&#8221;default&#8221; global_colors_info=&#8221;{}&#8221;][et_pb_column type=&#8221;4_4&#8243; _builder_version=&#8221;4.21.0&#8243; _module_preset=&#8221;default&#8221; global_colors_info=&#8221;{}&#8221;][et_pb_image src=&#8221;https:\/\/roquetes.cat\/web\/wp-content\/uploads\/2024\/03\/FORMACIO.jpg&#8221; title_text=&#8221;FORMACIO&#8221; _builder_version=&#8221;4.24.2&#8243; _module_preset=&#8221;default&#8221; hover_enabled=&#8221;0&#8243; border_width_all=&#8221;1px&#8221; border_color_all=&#8221;#d8d8d8&#8243; global_colors_info=&#8221;{}&#8221; sticky_enabled=&#8221;0&#8243;][\/et_pb_image][et_pb_text _builder_version=&#8221;4.21.0&#8243; _module_preset=&#8221;default&#8221; background_color=&#8221;#3d3d3d&#8221; custom_padding=&#8221;15px||||false|false&#8221; global_colors_info=&#8221;{}&#8221;]<\/p>\n<h1 style=\"text-align: center;\"><span style=\"color: #ffffff;\"><strong>\u00daLTIMS CURSOS DE FORMACI\u00d3<\/strong><\/span><\/h1>\n<p>[\/et_pb_text][et_pb_text admin_label=&#8221;Text&#8221; _builder_version=&#8221;4.24.2&#8243; _module_preset=&#8221;default&#8221; text_line_height=&#8221;2em&#8221; text_orientation=&#8221;justified&#8221; global_colors_info=&#8221;{}&#8221;]<\/p>\n<h3 lang=\"ca-ES\" align=\"justify\"><span style=\"font-family: Calibri, sans-serif;\">Des de l&#8217;\u00c0rea d&#8217;Activitat Econ\u00f2mica de l&#8217;Ajuntament de Roquetes, realitzem dia a dia un treball constant en l\u2019elaboraci\u00f3 d\u2019un cat\u00e0leg de cursos i activitats formatives a realitzar, per la millora de les compet\u00e8ncies professionals, transversals i personals d\u2019empreses i comer\u00e7os locals.<\/span><\/h3>\n<p>[\/et_pb_text][et_pb_blog fullwidth=&#8221;off&#8221; posts_number=&#8221;6&#8243; include_categories=&#8221;35&#8243; use_manual_excerpt=&#8221;off&#8221; excerpt_length=&#8221;150&#8243; show_author=&#8221;off&#8221; show_date=&#8221;off&#8221; show_categories=&#8221;off&#8221; show_excerpt=&#8221;off&#8221; show_pagination=&#8221;off&#8221; _builder_version=&#8221;4.21.0&#8243; _module_preset=&#8221;default&#8221; border_width_all_image=&#8221;1px&#8221; border_color_all_image=&#8221;#d1d1d1&#8243; box_shadow_style=&#8221;preset3&#8243; global_colors_info=&#8221;{}&#8221;][\/et_pb_blog][et_pb_button button_url=&#8221;https:\/\/roquetes.cat\/web\/category\/cursos\/&#8221; button_text=&#8221;M\u00e9s formaci\u00f3&#8221; button_alignment=&#8221;center&#8221; _builder_version=&#8221;4.21.0&#8243; _module_preset=&#8221;default&#8221; custom_button=&#8221;on&#8221; button_text_color=&#8221;#f7da00&#8243; button_bg_color=&#8221;#3d3d3d&#8221; global_colors_info=&#8221;{}&#8221;][\/et_pb_button][et_pb_text _builder_version=&#8221;4.21.0&#8243; _module_preset=&#8221;default&#8221; background_color=&#8221;#3d3d3d&#8221; custom_padding=&#8221;15px||||false|false&#8221; global_colors_info=&#8221;{}&#8221;]<\/p>\n<h1 style=\"text-align: center;\"><span style=\"color: #ffffff;\"><strong>TAMB\u00c9 ET POT INTERESSAR<\/strong><\/span><\/h1>\n<p>[\/et_pb_text][\/et_pb_column][\/et_pb_row][et_pb_row column_structure=&#8221;1_4,1_4,1_4,1_4&#8243; _builder_version=&#8221;4.21.0&#8243; _module_preset=&#8221;default&#8221; global_colors_info=&#8221;{}&#8221;][et_pb_column type=&#8221;1_4&#8243; _builder_version=&#8221;4.21.0&#8243; _module_preset=&#8221;default&#8221; global_colors_info=&#8221;{}&#8221;][et_pb_blurb title=&#8221;Guia de recursos formatius del territori&#8221; url=&#8221;https:\/\/www.baixebre.cat\/arees-dactuacio\/activacio-economica\/ocupacio\/guia-de-recursos-formatius&#8221; use_icon=&#8221;on&#8221; font_icon=&#8221;&#xf501;||fa||900&#8243; admin_label=&#8221;guia recursos&#8221; _builder_version=&#8221;4.21.0&#8243; _module_preset=&#8221;default&#8221; text_orientation=&#8221;center&#8221; global_colors_info=&#8221;{}&#8221;][\/et_pb_blurb][\/et_pb_column][et_pb_column type=&#8221;1_4&#8243; _builder_version=&#8221;4.21.0&#8243; _module_preset=&#8221;default&#8221; global_colors_info=&#8221;{}&#8221;][et_pb_blurb title=&#8221;Necessito orientaci\u00f3 professional&#8221; url=&#8221;https:\/\/serveiocupacio.gencat.cat\/ca\/persones\/necessito-orientacio-professional\/&#8221; use_icon=&#8221;on&#8221; font_icon=&#8221;&#xf14e;||fa||900&#8243; admin_label=&#8221;orientacio&#8221; _builder_version=&#8221;4.21.0&#8243; _module_preset=&#8221;default&#8221; text_orientation=&#8221;center&#8221; global_colors_info=&#8221;{}&#8221;][\/et_pb_blurb][\/et_pb_column][et_pb_column type=&#8221;1_4&#8243; _builder_version=&#8221;4.21.0&#8243; _module_preset=&#8221;default&#8221; global_colors_info=&#8221;{}&#8221;][et_pb_blurb title=&#8221;Vull formar-me!&#8221; url=&#8221;https:\/\/serveiocupacio.gencat.cat\/ca\/persones\/vull-formar-me\/&#8221; use_icon=&#8221;on&#8221; font_icon=&#8221;&#xf5da;||fa||900&#8243; admin_label=&#8221;vull formarme&#8221; _builder_version=&#8221;4.21.0&#8243; _module_preset=&#8221;default&#8221; text_orientation=&#8221;center&#8221; global_colors_info=&#8221;{}&#8221;][\/et_pb_blurb][\/et_pb_column][et_pb_column type=&#8221;1_4&#8243; _builder_version=&#8221;4.21.0&#8243; _module_preset=&#8221;default&#8221; global_colors_info=&#8221;{}&#8221;][et_pb_blurb title=&#8221;Cercador de cursos, especialitats i centres&#8221; url=&#8221;https:\/\/serveiocupacio.gencat.cat\/ca\/persones\/vull-formar-me\/cercadors-formacio-especialitats\/cercador-integrat&#8221; use_icon=&#8221;on&#8221; font_icon=&#8221;&#xe0f7;||divi||400&#8243; admin_label=&#8221;cercador&#8221; _builder_version=&#8221;4.21.0&#8243; _module_preset=&#8221;default&#8221; text_orientation=&#8221;center&#8221; global_colors_info=&#8221;{}&#8221;][\/et_pb_blurb][\/et_pb_column][\/et_pb_row][et_pb_row _builder_version=&#8221;4.21.0&#8243; _module_preset=&#8221;default&#8221; global_colors_info=&#8221;{}&#8221;][et_pb_column type=&#8221;4_4&#8243; _builder_version=&#8221;4.21.0&#8243; _module_preset=&#8221;default&#8221; global_colors_info=&#8221;{}&#8221;][et_pb_text _builder_version=&#8221;4.21.0&#8243; _module_preset=&#8221;default&#8221; background_color=&#8221;#3d3d3d&#8221; custom_padding=&#8221;15px||||false|false&#8221; global_colors_info=&#8221;{}&#8221;]<\/p>\n<h1 style=\"text-align: center;\"><span style=\"color: #ffffff;\"><strong>CURSOS, TALLERS I XERRADES DIRIGIDES A COMER\u00c7OS I EMPRESES<\/strong><\/span><\/h1>\n<p>[\/et_pb_text][\/et_pb_column][\/et_pb_row][et_pb_row column_structure=&#8221;1_5,1_5,1_5,1_5,1_5&#8243; _builder_version=&#8221;4.21.0&#8243; _module_preset=&#8221;default&#8221; global_colors_info=&#8221;{}&#8221;][et_pb_column type=&#8221;1_5&#8243; _builder_version=&#8221;4.21.0&#8243; _module_preset=&#8221;default&#8221; global_colors_info=&#8221;{}&#8221;][et_pb_code _builder_version=&#8221;4.21.0&#8243; _module_preset=&#8221;default&#8221; global_colors_info=&#8221;{}&#8221;]<div id=\"attachment_5314\" style=\"width: 210px\" class=\"wp-caption aligncenter\"><a href=\"https:\/\/www.baixebre.cat\/organismes\/baix-ebre-innova\/programa-360\"><img decoding=\"async\" aria-describedby=\"caption-attachment-5314\" class=\"wp-image-5314 size-full lazyload\" data-src=\"https:\/\/roquetes.cat\/web\/wp-content\/uploads\/2023\/06\/OCUPACIO.jpg\" src=\"data:image\/svg+xml;base64,PHN2ZyB3aWR0aD0iMSIgaGVpZ2h0PSIxIiB4bWxucz0iaHR0cDovL3d3dy53My5vcmcvMjAwMC9zdmciPjwvc3ZnPg==\" style=\"--smush-placeholder-width: 180px; --smush-placeholder-aspect-ratio: 180\/77;\" \/><\/a><p id=\"caption-attachment-5314\" class=\"wp-caption-text\">Programa 360 \u2013 Baix Ebre Innova (CCBE)<\/p><\/div>[\/et_pb_code][et_pb_code _builder_version=&#8221;4.21.0&#8243; _module_preset=&#8221;default&#8221; global_colors_info=&#8221;{}&#8221;]<div id=\"attachment_5314\" style=\"width: 210px\" class=\"wp-caption aligncenter\"><a href=\"https:\/\/xarxaempren.gencat.cat\/ca\/coneix-la-xarxa-empren\/serveis-de-la-xarxa-empren\/formacio-en-gestio-empresarial\/\"><img decoding=\"async\" aria-describedby=\"caption-attachment-5314\" class=\"wp-image-5314 size-full lazyload\" data-src=\"https:\/\/roquetes.cat\/web\/wp-content\/uploads\/2023\/06\/OCUPACIO-5.jpg\" src=\"data:image\/svg+xml;base64,PHN2ZyB3aWR0aD0iMSIgaGVpZ2h0PSIxIiB4bWxucz0iaHR0cDovL3d3dy53My5vcmcvMjAwMC9zdmciPjwvc3ZnPg==\" style=\"--smush-placeholder-width: 180px; --smush-placeholder-aspect-ratio: 180\/77;\" \/><\/a><p id=\"caption-attachment-5314\" class=\"wp-caption-text\">Formaci\u00f3 en gesti\u00f3 empresarial<\/p><\/div>[\/et_pb_code][\/et_pb_column][et_pb_column type=&#8221;1_5&#8243; _builder_version=&#8221;4.21.0&#8243; _module_preset=&#8221;default&#8221; global_colors_info=&#8221;{}&#8221;][et_pb_code _builder_version=&#8221;4.21.0&#8243; _module_preset=&#8221;default&#8221; global_colors_info=&#8221;{}&#8221;]<div id=\"attachment_5314\" style=\"width: 210px\" class=\"wp-caption aligncenter\"><a href=\"https:\/\/www.baixebre.cat\/organismes\/baix-ebre-innova\/cicle-de-seminaris-empreses-al-dia\"><img decoding=\"async\" aria-describedby=\"caption-attachment-5314\" class=\"wp-image-5314 size-full lazyload\" data-src=\"https:\/\/roquetes.cat\/web\/wp-content\/uploads\/2023\/06\/OCUPACIO-1.jpg\" src=\"data:image\/svg+xml;base64,PHN2ZyB3aWR0aD0iMSIgaGVpZ2h0PSIxIiB4bWxucz0iaHR0cDovL3d3dy53My5vcmcvMjAwMC9zdmciPjwvc3ZnPg==\" style=\"--smush-placeholder-width: 180px; --smush-placeholder-aspect-ratio: 180\/77;\" \/><\/a><p id=\"caption-attachment-5314\" class=\"wp-caption-text\">Cicle de seminaris empreses al dia<\/p><\/div>[\/et_pb_code][et_pb_code _builder_version=&#8221;4.21.0&#8243; _module_preset=&#8221;default&#8221; global_colors_info=&#8221;{}&#8221;]<div id=\"attachment_5314\" style=\"width: 210px\" class=\"wp-caption aligncenter\"><a href=\"https:\/\/empresa.gencat.cat\/ca\/treb_ambits_actuacio\/empresa-emprenedoria\/emprenedoria\/formacio\/xarxa-empren\/\"><img decoding=\"async\" aria-describedby=\"caption-attachment-5314\" class=\"wp-image-5314 size-full lazyload\" data-src=\"https:\/\/roquetes.cat\/web\/wp-content\/uploads\/2023\/06\/OCUPACIO-6.jpg\" src=\"data:image\/svg+xml;base64,PHN2ZyB3aWR0aD0iMSIgaGVpZ2h0PSIxIiB4bWxucz0iaHR0cDovL3d3dy53My5vcmcvMjAwMC9zdmciPjwvc3ZnPg==\" style=\"--smush-placeholder-width: 180px; --smush-placeholder-aspect-ratio: 180\/77;\" \/><\/a><p id=\"caption-attachment-5314\" class=\"wp-caption-text\">Formaci\u00f3 Xarxa <!\u2013- [et_pb_br_holder] -\u2013>Empr\u00e8n<\/p><\/div>[\/et_pb_code][\/et_pb_column][et_pb_column type=&#8221;1_5&#8243; _builder_version=&#8221;4.21.0&#8243; _module_preset=&#8221;default&#8221; global_colors_info=&#8221;{}&#8221;][et_pb_code _builder_version=&#8221;4.21.0&#8243; _module_preset=&#8221;default&#8221; global_colors_info=&#8221;{}&#8221;]<div id=\"attachment_5314\" style=\"width: 210px\" class=\"wp-caption aligncenter\"><a href=\"https:\/\/aula.canalempresa.gencat.cat\/login\/index.php\"><img decoding=\"async\" aria-describedby=\"caption-attachment-5314\" class=\"wp-image-5314 size-full lazyload\" data-src=\"https:\/\/roquetes.cat\/web\/wp-content\/uploads\/2023\/06\/OCUPACIO-2.jpg\" src=\"data:image\/svg+xml;base64,PHN2ZyB3aWR0aD0iMSIgaGVpZ2h0PSIxIiB4bWxucz0iaHR0cDovL3d3dy53My5vcmcvMjAwMC9zdmciPjwvc3ZnPg==\" style=\"--smush-placeholder-width: 180px; --smush-placeholder-aspect-ratio: 180\/77;\" \/><\/a><p id=\"caption-attachment-5314\" class=\"wp-caption-text\">Aula Virtual Gencat \u2013 Canal Empresa<\/p><\/div>[\/et_pb_code][et_pb_code _builder_version=&#8221;4.21.0&#8243; _module_preset=&#8221;default&#8221; global_colors_info=&#8221;{}&#8221;]<div id=\"attachment_5314\" style=\"width: 210px\" class=\"wp-caption aligncenter\"><a href=\"https:\/\/www.pimec.org\/ca\/pimes-autonoms\/formacio\"><img decoding=\"async\" aria-describedby=\"caption-attachment-5314\" class=\"wp-image-5314 size-full lazyload\" data-src=\"https:\/\/roquetes.cat\/web\/wp-content\/uploads\/2023\/06\/OCUPACIO-7.jpg\" src=\"data:image\/svg+xml;base64,PHN2ZyB3aWR0aD0iMSIgaGVpZ2h0PSIxIiB4bWxucz0iaHR0cDovL3d3dy53My5vcmcvMjAwMC9zdmciPjwvc3ZnPg==\" style=\"--smush-placeholder-width: 180px; --smush-placeholder-aspect-ratio: 180\/77;\" \/><\/a><p id=\"caption-attachment-5314\" class=\"wp-caption-text\">Pimec &#8211; Tota la formaci\u00f3 al teu abast<\/p><\/div>[\/et_pb_code][\/et_pb_column][et_pb_column type=&#8221;1_5&#8243; _builder_version=&#8221;4.21.0&#8243; _module_preset=&#8221;default&#8221; global_colors_info=&#8221;{}&#8221;][et_pb_code _builder_version=&#8221;4.21.0&#8243; _module_preset=&#8221;default&#8221; global_colors_info=&#8221;{}&#8221;]<div id=\"attachment_5314\" style=\"width: 210px\" class=\"wp-caption aligncenter\"><a href=\"https:\/\/www.reempresa.org\/Forma-t\"><img decoding=\"async\" aria-describedby=\"caption-attachment-5314\" class=\"wp-image-5314 size-full lazyload\" data-src=\"https:\/\/roquetes.cat\/web\/wp-content\/uploads\/2023\/06\/OCUPACIO-3.jpg\" src=\"data:image\/svg+xml;base64,PHN2ZyB3aWR0aD0iMSIgaGVpZ2h0PSIxIiB4bWxucz0iaHR0cDovL3d3dy53My5vcmcvMjAwMC9zdmciPjwvc3ZnPg==\" style=\"--smush-placeholder-width: 180px; --smush-placeholder-aspect-ratio: 180\/77;\" \/><\/a><p id=\"caption-attachment-5314\" class=\"wp-caption-text\">Reempresa &#8211; Portal Formaci\u00f3<\/p><\/div>[\/et_pb_code][et_pb_code _builder_version=&#8221;4.21.0&#8243; _module_preset=&#8221;default&#8221; global_colors_info=&#8221;{}&#8221;]<div id=\"attachment_5314\" style=\"width: 210px\" class=\"wp-caption aligncenter\"><a href=\"https:\/\/www.pimec.org\/ca\/pimes-autonoms\/agenda\"><img decoding=\"async\" aria-describedby=\"caption-attachment-5314\" class=\"wp-image-5314 size-full lazyload\" data-src=\"https:\/\/roquetes.cat\/web\/wp-content\/uploads\/2023\/06\/OCUPACIO-8.jpg\" src=\"data:image\/svg+xml;base64,PHN2ZyB3aWR0aD0iMSIgaGVpZ2h0PSIxIiB4bWxucz0iaHR0cDovL3d3dy53My5vcmcvMjAwMC9zdmciPjwvc3ZnPg==\" style=\"--smush-placeholder-width: 180px; --smush-placeholder-aspect-ratio: 180\/77;\" \/><\/a><p id=\"caption-attachment-5314\" class=\"wp-caption-text\">Pimec &#8211; Agenda i programaci\u00f3 d&#8217;actes<\/p><\/div>[\/et_pb_code][\/et_pb_column][et_pb_column type=&#8221;1_5&#8243; _builder_version=&#8221;4.21.0&#8243; _module_preset=&#8221;default&#8221; global_colors_info=&#8221;{}&#8221;][et_pb_code _builder_version=&#8221;4.21.0&#8243; _module_preset=&#8221;default&#8221; global_colors_info=&#8221;{}&#8221;]<div id=\"attachment_5314\" style=\"width: 210px\" class=\"wp-caption aligncenter\"><a href=\"https:\/\/xarxaempren.gencat.cat\/ca\/actualitat\/agenda\/\"><img decoding=\"async\" aria-describedby=\"caption-attachment-5314\" class=\"wp-image-5314 size-full lazyload\" data-src=\"https:\/\/roquetes.cat\/web\/wp-content\/uploads\/2023\/06\/OCUPACIO-4.jpg\" src=\"data:image\/svg+xml;base64,PHN2ZyB3aWR0aD0iMSIgaGVpZ2h0PSIxIiB4bWxucz0iaHR0cDovL3d3dy53My5vcmcvMjAwMC9zdmciPjwvc3ZnPg==\" style=\"--smush-placeholder-width: 180px; --smush-placeholder-aspect-ratio: 180\/77;\" \/><\/a><p id=\"caption-attachment-5314\" class=\"wp-caption-text\">Agenda Formaci\u00f3 Xarxa Empr\u00e8n<\/p><\/div>[\/et_pb_code][et_pb_code _builder_version=&#8221;4.21.0&#8243; _module_preset=&#8221;default&#8221; global_colors_info=&#8221;{}&#8221;]<div id=\"attachment_5314\" style=\"width: 210px\" class=\"wp-caption aligncenter\"><a href=\"https:\/\/urvempren.cat\/esdeveniments\/\"><img decoding=\"async\" aria-describedby=\"caption-attachment-5314\" class=\"wp-image-5314 size-full lazyload\" data-src=\"https:\/\/roquetes.cat\/web\/wp-content\/uploads\/2023\/06\/OCUPACIO-9.jpg\" src=\"data:image\/svg+xml;base64,PHN2ZyB3aWR0aD0iMSIgaGVpZ2h0PSIxIiB4bWxucz0iaHR0cDovL3d3dy53My5vcmcvMjAwMC9zdmciPjwvc3ZnPg==\" style=\"--smush-placeholder-width: 180px; --smush-placeholder-aspect-ratio: 180\/77;\" \/><\/a><p id=\"caption-attachment-5314\" class=\"wp-caption-text\">URV Empr\u00e8n &#8211; Agenda de formaci\u00f3<\/p><\/div>[\/et_pb_code][\/et_pb_column][\/et_pb_row][et_pb_row _builder_version=&#8221;4.21.0&#8243; _module_preset=&#8221;default&#8221; global_colors_info=&#8221;{}&#8221;][et_pb_column type=&#8221;4_4&#8243; _builder_version=&#8221;4.21.0&#8243; _module_preset=&#8221;default&#8221; global_colors_info=&#8221;{}&#8221;][et_pb_button button_url=&#8221;https:\/\/roquetes.cat\/web\/area-activitat-economica\/&#8221; button_text=&#8221;Tornar&#8221; button_alignment=&#8221;center&#8221; _builder_version=&#8221;4.24.2&#8243; _module_preset=&#8221;default&#8221; custom_button=&#8221;on&#8221; button_text_color=&#8221;#fddd35&#8243; button_bg_color=&#8221;#3d3d3d&#8221; global_colors_info=&#8221;{}&#8221;][\/et_pb_button][\/et_pb_column][\/et_pb_row][\/et_pb_section]<\/p>\n","protected":false},"excerpt":{"rendered":"<p>\u00daLTIMS CURSOS DE FORMACI\u00d3Des de l&#8217;\u00c0rea d&#8217;Activitat Econ\u00f2mica de l&#8217;Ajuntament de Roquetes, realitzem dia a dia un treball constant en l\u2019elaboraci\u00f3 d\u2019un cat\u00e0leg de cursos i activitats formatives a realitzar, per la millora de les compet\u00e8ncies professionals, transversals i personals d\u2019empreses i comer\u00e7os locals.TAMB\u00c9 ET POT INTERESSARCURSOS, TALLERS I XERRADES DIRIGIDES A COMER\u00c7OS I EMPRESES<\/p>\n","protected":false},"author":2,"featured_media":0,"parent":0,"menu_order":0,"comment_status":"closed","ping_status":"closed","template":"","meta":{"_et_pb_use_builder":"on","_et_pb_old_content":"","_et_gb_content_width":"","footnotes":""},"class_list":["post-9345","page","type-page","status-publish","hentry"],"_links":{"self":[{"href":"https:\/\/roquetes.cat\/web\/wp-json\/wp\/v2\/pages\/9345","targetHints":{"allow":["GET"]}}],"collection":[{"href":"https:\/\/roquetes.cat\/web\/wp-json\/wp\/v2\/pages"}],"about":[{"href":"https:\/\/roquetes.cat\/web\/wp-json\/wp\/v2\/types\/page"}],"author":[{"embeddable":true,"href":"https:\/\/roquetes.cat\/web\/wp-json\/wp\/v2\/users\/2"}],"replies":[{"embeddable":true,"href":"https:\/\/roquetes.cat\/web\/wp-json\/wp\/v2\/comments?post=9345"}],"version-history":[{"count":41,"href":"https:\/\/roquetes.cat\/web\/wp-json\/wp\/v2\/pages\/9345\/revisions"}],"predecessor-version":[{"id":11597,"href":"https:\/\/roquetes.cat\/web\/wp-json\/wp\/v2\/pages\/9345\/revisions\/11597"}],"wp:attachment":[{"href":"https:\/\/roquetes.cat\/web\/wp-json\/wp\/v2\/media?parent=9345"}],"curies":[{"name":"wp","href":"https:\/\/api.w.org\/{rel}","templated":true}]}}