{"id":9163,"date":"2023-06-16T12:49:15","date_gmt":"2023-06-16T10:49:15","guid":{"rendered":"https:\/\/roquetes.cat\/web\/?page_id=9163"},"modified":"2024-03-04T16:07:52","modified_gmt":"2024-03-04T14:07:52","slug":"activitat-economica-ocupacio","status":"publish","type":"page","link":"https:\/\/roquetes.cat\/web\/activitat-economica-ocupacio\/","title":{"rendered":"Activitat econ\u00f2mica &#8211; Ocupaci\u00f3"},"content":{"rendered":"<p>[et_pb_section fb_built=&#8221;1&#8243; fullwidth=&#8221;on&#8221; _builder_version=&#8221;4.21.0&#8243; _module_preset=&#8221;default&#8221; global_colors_info=&#8221;{}&#8221;][et_pb_fullwidth_image src=&#8221;https:\/\/roquetes.cat\/web\/wp-content\/uploads\/2023\/06\/ROQUETES_CANAL.webp&#8221; _builder_version=&#8221;4.21.0&#8243; _module_preset=&#8221;default&#8221; global_colors_info=&#8221;{}&#8221;][\/et_pb_fullwidth_image][\/et_pb_section][et_pb_section fb_built=&#8221;1&#8243; _builder_version=&#8221;4.21.0&#8243; _module_preset=&#8221;default&#8221; custom_padding=&#8221;|10px||10px|false|false&#8221; global_colors_info=&#8221;{}&#8221;][et_pb_row _builder_version=&#8221;4.21.0&#8243; _module_preset=&#8221;default&#8221; global_colors_info=&#8221;{}&#8221;][et_pb_column type=&#8221;4_4&#8243; _builder_version=&#8221;4.21.0&#8243; _module_preset=&#8221;default&#8221; global_colors_info=&#8221;{}&#8221;][et_pb_image src=&#8221;https:\/\/roquetes.cat\/web\/wp-content\/uploads\/2024\/03\/OCUPACIO.jpg&#8221; title_text=&#8221;OCUPACIO&#8221; _builder_version=&#8221;4.24.2&#8243; _module_preset=&#8221;default&#8221; hover_enabled=&#8221;0&#8243; border_width_all=&#8221;1px&#8221; border_color_all=&#8221;#dddddd&#8221; global_colors_info=&#8221;{}&#8221; sticky_enabled=&#8221;0&#8243;][\/et_pb_image][et_pb_text _builder_version=&#8221;4.21.0&#8243; _module_preset=&#8221;default&#8221; text_font=&#8221;||||||||&#8221; text_font_size=&#8221;18px&#8221; global_colors_info=&#8221;{}&#8221;]<\/p>\n<p align=\"justify\">El 28 de juny de 2017 es va presentar al sal\u00f3 de Plens de l\u2019Ajuntament de Roquetes, el dispositiu d&#8217;inserci\u00f3 sociolaboral, pr\u00e8via signatura d&#8217;un conveni amb el Consell Comarcal del Baix Ebre, i impulsat a trav\u00e9s del projecte Baix Ebre Avant, que t\u00e9 com a objectiu reduir l&#8217;\u00edndex d&#8217;atur a trav\u00e9s d&#8217;un servei d&#8217;intermediaci\u00f3 per connectar ofertes de treball amb persones que busquen feina.<\/p>\n<p>[\/et_pb_text][\/et_pb_column][\/et_pb_row][et_pb_row column_structure=&#8221;1_2,1_2&#8243; _builder_version=&#8221;4.21.0&#8243; _module_preset=&#8221;default&#8221; global_colors_info=&#8221;{}&#8221;][et_pb_column type=&#8221;1_2&#8243; _builder_version=&#8221;4.21.0&#8243; _module_preset=&#8221;default&#8221; global_colors_info=&#8221;{}&#8221;][et_pb_video src=&#8221;https:\/\/youtu.be\/z8-MR2vjFjA&#8221; _builder_version=&#8221;4.21.0&#8243; _module_preset=&#8221;default&#8221; global_colors_info=&#8221;{}&#8221;][\/et_pb_video][\/et_pb_column][et_pb_column type=&#8221;1_2&#8243; _builder_version=&#8221;4.21.0&#8243; _module_preset=&#8221;default&#8221; global_colors_info=&#8221;{}&#8221;][et_pb_text _builder_version=&#8221;4.21.0&#8243; _module_preset=&#8221;default&#8221; text_font=&#8221;||||||||&#8221; text_font_size=&#8221;18px&#8221; global_colors_info=&#8221;{}&#8221;]<\/p>\n<p align=\"justify\">Des de l\u2019Ajuntament de Roquetes continuem treballant per oferir el millor servei d\u2019orientaci\u00f3 i assessorament a persones en situaci\u00f3 de desocupaci\u00f3 que busquen feina i serveis d\u2019assessorament a empreses que busquen personal, per mig del Dispositiu d\u2019Inserci\u00f3 Sociolaboral del Baix Ebre.<\/p>\n<p lang=\"ca-ES\" align=\"center\"><strong><span style=\"color: #3d3d3d;\">Servei d\u2019atenci\u00f3 presencial, amb pr\u00e8via cita:<br \/>Tots els dijous i divendres alterns, de 9 a 14 hores<\/span><\/strong><\/p>\n<p>[\/et_pb_text][et_pb_button button_url=&#8221;https:\/\/forms.office.com\/Pages\/ResponsePage.aspx?id=jyMVabrDjEm6Q3pObTb3W3BjJ_IkqEdMmsNjP6vPMhtUMFYwSU9HT09OUTc1Rk5UVjdTSlpXUTAyVC4u&#038;origin=QRCode&#8221; button_text=&#8221;Sol\u00b7licita la teva cita!&#8221; button_alignment=&#8221;center&#8221; _builder_version=&#8221;4.21.0&#8243; _module_preset=&#8221;default&#8221; custom_button=&#8221;on&#8221; button_text_color=&#8221;#fddd35&#8243; button_bg_color=&#8221;#3d3d3d&#8221; global_colors_info=&#8221;{}&#8221;][\/et_pb_button][\/et_pb_column][\/et_pb_row][et_pb_row _builder_version=&#8221;4.21.0&#8243; _module_preset=&#8221;default&#8221; global_colors_info=&#8221;{}&#8221;][et_pb_column type=&#8221;4_4&#8243; _builder_version=&#8221;4.21.0&#8243; _module_preset=&#8221;default&#8221; global_colors_info=&#8221;{}&#8221;][et_pb_image src=&#8221;https:\/\/roquetes.cat\/web\/wp-content\/uploads\/2023\/06\/disroquetes.jpg&#8221; title_text=&#8221;disroquetes&#8221; url=&#8221;https:\/\/dis-roquetes.baixebre.cat\/seccion\/dispositiu-insercio-sociolaboral&#8221; _builder_version=&#8221;4.21.0&#8243; _module_preset=&#8221;default&#8221; border_width_all=&#8221;1px&#8221; border_color_all=&#8221;#c6c6c6&#8243; global_colors_info=&#8221;{}&#8221;][\/et_pb_image][\/et_pb_column][\/et_pb_row][et_pb_row _builder_version=&#8221;4.21.0&#8243; _module_preset=&#8221;default&#8221; global_colors_info=&#8221;{}&#8221;][et_pb_column type=&#8221;4_4&#8243; _builder_version=&#8221;4.21.0&#8243; _module_preset=&#8221;default&#8221; global_colors_info=&#8221;{}&#8221;][et_pb_text _builder_version=&#8221;4.21.0&#8243; _module_preset=&#8221;default&#8221; text_text_color=&#8221;#ffffff&#8221; background_color=&#8221;#3d3d3d&#8221; custom_padding=&#8221;10px||||false|false&#8221; global_colors_info=&#8221;{}&#8221;]<\/p>\n<h1 style=\"text-align: center;\"><span style=\"color: #ffffff;\"><strong>ET POT INTERESSAR<\/strong><\/span><\/h1>\n<p>[\/et_pb_text][\/et_pb_column][\/et_pb_row][et_pb_row column_structure=&#8221;1_6,1_6,1_6,1_6,1_6,1_6&#8243; _builder_version=&#8221;4.21.0&#8243; _module_preset=&#8221;default&#8221; global_colors_info=&#8221;{}&#8221;][et_pb_column type=&#8221;1_6&#8243; _builder_version=&#8221;4.21.0&#8243; _module_preset=&#8221;default&#8221; global_colors_info=&#8221;{}&#8221;][et_pb_blurb title=&#8221;Inscripci\u00f3 com a demandant d&#8217;ocupaci\u00f3&#8221; url=&#8221;https:\/\/serveiocupacio.gencat.cat\/ca\/detall\/article\/Nou-article-04621&#8243; url_new_window=&#8221;on&#8221; use_icon=&#8221;on&#8221; font_icon=&#8221;&#xf4ff;||fa||900&#8243; _builder_version=&#8221;4.21.0&#8243; _module_preset=&#8221;default&#8221; header_text_align=&#8221;center&#8221; global_colors_info=&#8221;{}&#8221;][\/et_pb_blurb][\/et_pb_column][et_pb_column type=&#8221;1_6&#8243; _builder_version=&#8221;4.21.0&#8243; _module_preset=&#8221;default&#8221; global_colors_info=&#8221;{}&#8221;][et_pb_blurb title=&#8221;Renovar Demanda d&#8217;Ocupaci\u00f3 (DARDO)&#8221; url=&#8221;https:\/\/oficinadetreball.gencat.cat\/socfuncions\/Renovacio.do?idiomaNavegacio=ca&#038;secure=S&#8221; url_new_window=&#8221;on&#8221; use_icon=&#8221;on&#8221; font_icon=&#8221;&#xf274;||fa||900&#8243; _builder_version=&#8221;4.21.0&#8243; _module_preset=&#8221;default&#8221; header_text_align=&#8221;center&#8221; global_colors_info=&#8221;{}&#8221;][\/et_pb_blurb][\/et_pb_column][et_pb_column type=&#8221;1_6&#8243; _builder_version=&#8221;4.21.0&#8243; _module_preset=&#8221;default&#8221; global_colors_info=&#8221;{}&#8221;][et_pb_blurb title=&#8221;Tr\u00e0mits SOC per a persones i empreses&#8221; url=&#8221;https:\/\/serveiocupacio.gencat.cat\/ca\/tramits\/&#8221; url_new_window=&#8221;on&#8221; use_icon=&#8221;on&#8221; font_icon=&#8221;&#xf56e;||fa||900&#8243; _builder_version=&#8221;4.21.0&#8243; _module_preset=&#8221;default&#8221; header_text_align=&#8221;center&#8221; global_colors_info=&#8221;{}&#8221;][\/et_pb_blurb][\/et_pb_column][et_pb_column type=&#8221;1_6&#8243; _builder_version=&#8221;4.21.0&#8243; _module_preset=&#8221;default&#8221; global_colors_info=&#8221;{}&#8221;][et_pb_blurb title=&#8221;Ofertes temporals del SOC&#8221; url=&#8221;https:\/\/serveiocupacio.gencat.cat\/ca\/soc\/treballa-amb-nosaltres\/ofertes-temporals-treball\/&#8221; url_new_window=&#8221;on&#8221; use_icon=&#8221;on&#8221; font_icon=&#8221;&#xe0f4;||divi||400&#8243; _builder_version=&#8221;4.21.0&#8243; _module_preset=&#8221;default&#8221; header_text_align=&#8221;center&#8221; global_colors_info=&#8221;{}&#8221;][\/et_pb_blurb][\/et_pb_column][et_pb_column type=&#8221;1_6&#8243; _builder_version=&#8221;4.21.0&#8243; _module_preset=&#8221;default&#8221; global_colors_info=&#8221;{}&#8221;][et_pb_blurb title=&#8221;Infografies dels Programes del SOC &#8221; url=&#8221;https:\/\/serveiocupacio.gencat.cat\/ca\/soc\/ambits-actuacio\/infografies-dels-programes-del-soc\/index.html&#8221; url_new_window=&#8221;on&#8221; use_icon=&#8221;on&#8221; font_icon=&#8221;&#xf05a;||fa||900&#8243; _builder_version=&#8221;4.21.0&#8243; _module_preset=&#8221;default&#8221; header_text_align=&#8221;center&#8221; global_colors_info=&#8221;{}&#8221;][\/et_pb_blurb][\/et_pb_column][et_pb_column type=&#8221;1_6&#8243; _builder_version=&#8221;4.21.0&#8243; _module_preset=&#8221;default&#8221; global_colors_info=&#8221;{}&#8221;][et_pb_blurb title=&#8221;Vols treballar a Europa? &#8221; url=&#8221;https:\/\/serveiocupacio.gencat.cat\/ca\/soc\/ambits-actuacio\/intermediacio-laboral\/xarxa-eures-treballar-a-europa\/index.html&#8221; url_new_window=&#8221;on&#8221; use_icon=&#8221;on&#8221; font_icon=&#8221;&#xf7a2;||fa||900&#8243; _builder_version=&#8221;4.21.0&#8243; _module_preset=&#8221;default&#8221; header_text_align=&#8221;center&#8221; global_colors_info=&#8221;{}&#8221;][\/et_pb_blurb][\/et_pb_column][\/et_pb_row][et_pb_row _builder_version=&#8221;4.21.0&#8243; _module_preset=&#8221;default&#8221; global_colors_info=&#8221;{}&#8221;][et_pb_column type=&#8221;4_4&#8243; _builder_version=&#8221;4.21.0&#8243; _module_preset=&#8221;default&#8221; global_colors_info=&#8221;{}&#8221;][et_pb_text _builder_version=&#8221;4.21.0&#8243; _module_preset=&#8221;default&#8221; text_text_color=&#8221;#ffffff&#8221; background_color=&#8221;#3d3d3d&#8221; custom_padding=&#8221;10px||||false|false&#8221; global_colors_info=&#8221;{}&#8221;]<\/p>\n<h1 style=\"text-align: center;\"><span style=\"color: #ffffff;\"><strong>ENLLA\u00c7OS D&#8217;INTER\u00c8S<\/strong><\/span><\/h1>\n<p>[\/et_pb_text][et_pb_image src=&#8221;https:\/\/roquetes.cat\/web\/wp-content\/uploads\/2023\/05\/banner_telegram_ofertes_feina_roquetes_baix_ebre.jpg&#8221; url=&#8221;https:\/\/t.me\/roquetesformacioitreball&#8221; force_fullwidth=&#8221;on&#8221; _builder_version=&#8221;4.21.0&#8243; _module_preset=&#8221;default&#8221; global_colors_info=&#8221;{}&#8221;][\/et_pb_image][\/et_pb_column][\/et_pb_row][et_pb_row column_structure=&#8221;1_4,1_4,1_4,1_4&#8243; disabled_on=&#8221;on|off|off&#8221; admin_label=&#8221;ENLLA\u00c7OS TREBALL&#8221; _builder_version=&#8221;4.21.0&#8243; _module_preset=&#8221;default&#8221; vertical_offset_last_edited=&#8221;off|desktop&#8221; custom_margin=&#8221;||||false|false&#8221; custom_padding=&#8221;||||false|false&#8221; global_colors_info=&#8221;{}&#8221;][et_pb_column type=&#8221;1_4&#8243; _builder_version=&#8221;4.21.0&#8243; _module_preset=&#8221;default&#8221; custom_padding=&#8221;|0px||0px|false|false&#8221; global_colors_info=&#8221;{}&#8221;][et_pb_code _builder_version=&#8221;4.21.0&#8243; _module_preset=&#8221;default&#8221; global_colors_info=&#8221;{}&#8221;]<div id=\"attachment_5313\" style=\"width: 210px\" class=\"wp-caption aligncenter\"><a href=\"https:\/\/feinaactiva.gencat.cat\/home\"><img decoding=\"async\" aria-describedby=\"caption-attachment-5313\" class=\"wp-image-5313 size-full lazyload\" data-src=\"https:\/\/roquetes.cat\/web\/wp-content\/uploads\/2023\/05\/10.png\" alt=\"\" width=\"200\" height=\"77\" src=\"data:image\/svg+xml;base64,PHN2ZyB3aWR0aD0iMSIgaGVpZ2h0PSIxIiB4bWxucz0iaHR0cDovL3d3dy53My5vcmcvMjAwMC9zdmciPjwvc3ZnPg==\" style=\"--smush-placeholder-width: 200px; --smush-placeholder-aspect-ratio: 200\/77;\" \/><\/a><p id=\"caption-attachment-5313\" class=\"wp-caption-text\">Portal de treball del Servei d&#8217;Ocupaci\u00f3 de Catalunya on trobar\u00e0s ofertes de feina<\/p><\/div><!-- [et_pb_line_break_holder] -->[\/et_pb_code][et_pb_code _builder_version=&#8221;4.21.0&#8243; _module_preset=&#8221;default&#8221; global_colors_info=&#8221;{}&#8221;]<div id=\"attachment_5314\" style=\"width: 210px\" class=\"wp-caption aligncenter\"><a href=\"https:\/\/serveiocupacio.gencat.cat\/ca\/soc\/ocupacio-juvenil\/\"><img decoding=\"async\" aria-describedby=\"caption-attachment-5314\" class=\"wp-image-5314 size-full lazyload\" data-src=\"https:\/\/roquetes.cat\/web\/wp-content\/uploads\/2023\/05\/11.png\" alt=\"\" width=\"200\" height=\"77\" src=\"data:image\/svg+xml;base64,PHN2ZyB3aWR0aD0iMSIgaGVpZ2h0PSIxIiB4bWxucz0iaHR0cDovL3d3dy53My5vcmcvMjAwMC9zdmciPjwvc3ZnPg==\" style=\"--smush-placeholder-width: 200px; --smush-placeholder-aspect-ratio: 200\/77;\" \/><\/a><p id=\"caption-attachment-5314\" class=\"wp-caption-text\">Feina, formaci\u00f3, orientaci\u00f3, emprenedoria i mobilitat internacional<\/p><\/div><!-- [et_pb_line_break_holder] -->[\/et_pb_code][\/et_pb_column][et_pb_column type=&#8221;1_4&#8243; _builder_version=&#8221;4.21.0&#8243; _module_preset=&#8221;default&#8221; global_colors_info=&#8221;{}&#8221;][et_pb_code _builder_version=&#8221;4.21.0&#8243; _module_preset=&#8221;default&#8221; custom_margin=&#8221;||||false|false&#8221; global_colors_info=&#8221;{}&#8221;]<div id=\"attachment_5314\" style=\"width: 210px\" class=\"wp-caption aligncenter\"><a href=\"https:\/\/dis-roquetes.baixebre.cat\/\"><img decoding=\"async\" aria-describedby=\"caption-attachment-5314\" class=\"wp-image-5314 size-full lazyload\" data-src=\"https:\/\/roquetes.cat\/web\/wp-content\/uploads\/2023\/05\/8.png\" alt=\"\" width=\"200\" height=\"77\" src=\"data:image\/svg+xml;base64,PHN2ZyB3aWR0aD0iMSIgaGVpZ2h0PSIxIiB4bWxucz0iaHR0cDovL3d3dy53My5vcmcvMjAwMC9zdmciPjwvc3ZnPg==\" style=\"--smush-placeholder-width: 200px; --smush-placeholder-aspect-ratio: 200\/77;\" \/><\/a><p id=\"caption-attachment-5314\" class=\"wp-caption-text\">Dispositiu d&#8217;inserci\u00f3, per connectar les persones amb empreses de les TTEE<\/p><\/div><!-- [et_pb_line_break_holder] -->[\/et_pb_code][et_pb_code admin_label=&#8221;Code&#8221; _builder_version=&#8221;4.21.0&#8243; _module_preset=&#8221;default&#8221; global_colors_info=&#8221;{}&#8221;]<div id=\"attachment_5314\" style=\"width: 210px\" class=\"wp-caption aligncenter\"><a href=\"https:\/\/www.infojobs.net\"><img decoding=\"async\" aria-describedby=\"caption-attachment-5314\" class=\"wp-image-5314 size-full lazyload\" data-src=\"https:\/\/roquetes.cat\/web\/wp-content\/uploads\/2023\/05\/12.png\" alt=\"\" width=\"200\" height=\"77\" src=\"data:image\/svg+xml;base64,PHN2ZyB3aWR0aD0iMSIgaGVpZ2h0PSIxIiB4bWxucz0iaHR0cDovL3d3dy53My5vcmcvMjAwMC9zdmciPjwvc3ZnPg==\" style=\"--smush-placeholder-width: 200px; --smush-placeholder-aspect-ratio: 200\/77;\" \/><\/a><p id=\"caption-attachment-5314\" class=\"wp-caption-text\">Portal web amb una gran quantitat d&#8217;ofertes de feina per a tots els sectors<\/p><\/div><!-- [et_pb_line_break_holder] -->[\/et_pb_code][\/et_pb_column][et_pb_column type=&#8221;1_4&#8243; _builder_version=&#8221;4.21.0&#8243; _module_preset=&#8221;default&#8221; global_colors_info=&#8221;{}&#8221;][et_pb_code _builder_version=&#8221;4.21.0&#8243; _module_preset=&#8221;default&#8221; global_colors_info=&#8221;{}&#8221;]<div id=\"attachment_5314\" style=\"width: 210px\" class=\"wp-caption aligncenter\"><a href=\"https:\/\/agencia.tortosa.cat\/\"><img decoding=\"async\" aria-describedby=\"caption-attachment-5314\" class=\"wp-image-5314 size-full lazyload\" data-src=\"https:\/\/roquetes.cat\/web\/wp-content\/uploads\/2023\/05\/9.png\" alt=\"\" width=\"200\" height=\"77\" src=\"data:image\/svg+xml;base64,PHN2ZyB3aWR0aD0iMSIgaGVpZ2h0PSIxIiB4bWxucz0iaHR0cDovL3d3dy53My5vcmcvMjAwMC9zdmciPjwvc3ZnPg==\" style=\"--smush-placeholder-width: 200px; --smush-placeholder-aspect-ratio: 200\/77;\" \/><\/a><p id=\"caption-attachment-5314\" class=\"wp-caption-text\">Centre de Formaci\u00f3 ocupacional on trobar\u00e0s tant cursos com feina del territori<\/p><\/div><!-- [et_pb_line_break_holder] -->[\/et_pb_code][et_pb_code _builder_version=&#8221;4.21.0&#8243; _module_preset=&#8221;default&#8221; global_colors_info=&#8221;{}&#8221;]<div id=\"attachment_5313\" style=\"width: 210px\" class=\"wp-caption aligncenter\"><a href=\"https:\/\/jovecat.gencat.cat\/ca\/temes\/treball\/oficina_jove_de_treball\/borsa_treball\/\"><img decoding=\"async\" aria-describedby=\"caption-attachment-5313\" class=\"wp-image-5313 size-full lazyload\" data-src=\"https:\/\/roquetes.cat\/web\/wp-content\/uploads\/2023\/05\/7.png\" alt=\"\" width=\"200\" height=\"77\" src=\"data:image\/svg+xml;base64,PHN2ZyB3aWR0aD0iMSIgaGVpZ2h0PSIxIiB4bWxucz0iaHR0cDovL3d3dy53My5vcmcvMjAwMC9zdmciPjwvc3ZnPg==\" style=\"--smush-placeholder-width: 200px; --smush-placeholder-aspect-ratio: 200\/77;\" \/><\/a><p id=\"caption-attachment-5313\" class=\"wp-caption-text\">Web de la Generalitat amb ofertes de feina per a joves arreu de tota Catalunya<\/p><\/div><!-- [et_pb_line_break_holder] -->[\/et_pb_code][\/et_pb_column][et_pb_column type=&#8221;1_4&#8243; _builder_version=&#8221;4.21.0&#8243; _module_preset=&#8221;default&#8221; global_colors_info=&#8221;{}&#8221;][et_pb_code _builder_version=&#8221;4.21.0&#8243; _module_preset=&#8221;default&#8221; global_colors_info=&#8221;{}&#8221;]<div id=\"attachment_5314\" style=\"width: 210px\" class=\"wp-caption aligncenter\"><a href=\"https:\/\/es.linkedin.com\/jobs\/search?keywords=Oferta&#038;location=Roquetes%2C%20Catalu%C3%B1a%2C%20Espa%C3%B1a&#038;locationId=&#038;geoId=103872484&#038;f_TPR=&#038;distance=25&#038;position=1&#038;pageNum=0\"><img decoding=\"async\" aria-describedby=\"caption-attachment-5314\" class=\"wp-image-5314 size-full lazyload\" data-src=\"https:\/\/roquetes.cat\/web\/wp-content\/uploads\/2023\/05\/13.png\" alt=\"\" width=\"200\" height=\"77\" src=\"data:image\/svg+xml;base64,PHN2ZyB3aWR0aD0iMSIgaGVpZ2h0PSIxIiB4bWxucz0iaHR0cDovL3d3dy53My5vcmcvMjAwMC9zdmciPjwvc3ZnPg==\" style=\"--smush-placeholder-width: 200px; --smush-placeholder-aspect-ratio: 200\/77;\" \/><\/a><p id=\"caption-attachment-5314\" class=\"wp-caption-text\">La xarxa social d&#8217;\u00e0mbit professional on trobar ofertes de feina especialitzades<\/p><\/div><!-- [et_pb_line_break_holder] -->[\/et_pb_code][et_pb_code _builder_version=&#8221;4.21.0&#8243; _module_preset=&#8221;default&#8221; global_colors_info=&#8221;{}&#8221;]<div id=\"attachment_5313\" style=\"width: 210px\" class=\"wp-caption aligncenter\"><img decoding=\"async\" aria-describedby=\"caption-attachment-5313\" class=\"wp-image-5313 size-full lazyload\" data-src=\"https:\/\/roquetes.cat\/web\/wp-content\/uploads\/2023\/06\/projectat.jpg\" alt=\"\" width=\"200\" height=\"77\" src=\"data:image\/svg+xml;base64,PHN2ZyB3aWR0aD0iMSIgaGVpZ2h0PSIxIiB4bWxucz0iaHR0cDovL3d3dy53My5vcmcvMjAwMC9zdmciPjwvc3ZnPg==\" style=\"--smush-placeholder-width: 200px; --smush-placeholder-aspect-ratio: 200\/77;\" \/><p id=\"caption-attachment-5313\" class=\"wp-caption-text\">Programa Projecta\u2019t &#8211; encarat a la millora professional de persones ocupades<\/p><\/div><!-- [et_pb_line_break_holder] -->[\/et_pb_code][\/et_pb_column][\/et_pb_row][et_pb_row _builder_version=&#8221;4.21.0&#8243; _module_preset=&#8221;default&#8221; global_colors_info=&#8221;{}&#8221;][et_pb_column type=&#8221;4_4&#8243; _builder_version=&#8221;4.21.0&#8243; _module_preset=&#8221;default&#8221; global_colors_info=&#8221;{}&#8221;][et_pb_button button_url=&#8221;https:\/\/roquetes.cat\/web\/area-activitat-economica\/&#8221; button_text=&#8221;Tornar&#8221; button_alignment=&#8221;center&#8221; _builder_version=&#8221;4.24.2&#8243; _module_preset=&#8221;default&#8221; custom_button=&#8221;on&#8221; button_text_color=&#8221;#fddd35&#8243; button_bg_color=&#8221;#3d3d3d&#8221; global_colors_info=&#8221;{}&#8221;][\/et_pb_button][\/et_pb_column][\/et_pb_row][\/et_pb_section]<\/p>\n","protected":false},"excerpt":{"rendered":"<p>El 28 de juny de 2017 es va presentar al sal\u00f3 de Plens de l\u2019Ajuntament de Roquetes, el dispositiu d&#8217;inserci\u00f3 sociolaboral, pr\u00e8via signatura d&#8217;un conveni amb el Consell Comarcal del Baix Ebre, i impulsat a trav\u00e9s del projecte Baix Ebre Avant, que t\u00e9 com a objectiu reduir l&#8217;\u00edndex d&#8217;atur a trav\u00e9s d&#8217;un servei d&#8217;intermediaci\u00f3 per [&hellip;]<\/p>\n","protected":false},"author":2,"featured_media":0,"parent":0,"menu_order":0,"comment_status":"closed","ping_status":"closed","template":"","meta":{"_et_pb_use_builder":"on","_et_pb_old_content":"","_et_gb_content_width":"","footnotes":""},"class_list":["post-9163","page","type-page","status-publish","hentry"],"_links":{"self":[{"href":"https:\/\/roquetes.cat\/web\/wp-json\/wp\/v2\/pages\/9163","targetHints":{"allow":["GET"]}}],"collection":[{"href":"https:\/\/roquetes.cat\/web\/wp-json\/wp\/v2\/pages"}],"about":[{"href":"https:\/\/roquetes.cat\/web\/wp-json\/wp\/v2\/types\/page"}],"author":[{"embeddable":true,"href":"https:\/\/roquetes.cat\/web\/wp-json\/wp\/v2\/users\/2"}],"replies":[{"embeddable":true,"href":"https:\/\/roquetes.cat\/web\/wp-json\/wp\/v2\/comments?post=9163"}],"version-history":[{"count":33,"href":"https:\/\/roquetes.cat\/web\/wp-json\/wp\/v2\/pages\/9163\/revisions"}],"predecessor-version":[{"id":11596,"href":"https:\/\/roquetes.cat\/web\/wp-json\/wp\/v2\/pages\/9163\/revisions\/11596"}],"wp:attachment":[{"href":"https:\/\/roquetes.cat\/web\/wp-json\/wp\/v2\/media?parent=9163"}],"curies":[{"name":"wp","href":"https:\/\/api.w.org\/{rel}","templated":true}]}}