{"id":6278,"date":"2023-05-11T14:50:30","date_gmt":"2023-05-11T12:50:30","guid":{"rendered":"https:\/\/roquetes.cat\/web\/?page_id=6278"},"modified":"2025-10-06T15:16:48","modified_gmt":"2025-10-06T13:16:48","slug":"pressupost-participatiu","status":"publish","type":"page","link":"https:\/\/roquetes.cat\/web\/pressupost-participatiu\/","title":{"rendered":"Pressupost participatiu 2025"},"content":{"rendered":"<p>[et_pb_section fb_built=&#8221;1&#8243; fullwidth=&#8221;on&#8221; _builder_version=&#8221;4.21.0&#8243; _module_preset=&#8221;default&#8221; global_colors_info=&#8221;{}&#8221;][et_pb_fullwidth_image src=&#8221;https:\/\/roquetes.cat\/web\/wp-content\/uploads\/2023\/04\/1.jpg&#8221; title_text=&#8221;1&#8243; _builder_version=&#8221;4.21.0&#8243; _module_preset=&#8221;default&#8221; global_colors_info=&#8221;{}&#8221;][\/et_pb_fullwidth_image][\/et_pb_section][et_pb_section fb_built=&#8221;1&#8243; _builder_version=&#8221;4.21.0&#8243; _module_preset=&#8221;default&#8221; background_enable_color=&#8221;off&#8221; background_enable_pattern_style=&#8221;on&#8221; background_pattern_style=&#8221;tufted&#8221; background_enable_mask_style=&#8221;on&#8221; background_mask_style=&#8221;wave&#8221; global_colors_info=&#8221;{}&#8221;][et_pb_row _builder_version=&#8221;4.21.0&#8243; _module_preset=&#8221;default&#8221; background_enable_color=&#8221;off&#8221; global_colors_info=&#8221;{}&#8221;][et_pb_column type=&#8221;4_4&#8243; _builder_version=&#8221;4.21.0&#8243; _module_preset=&#8221;default&#8221; global_colors_info=&#8221;{}&#8221;][et_pb_image src=&#8221;https:\/\/roquetes.cat\/web\/wp-content\/uploads\/2025\/10\/BANNER-PRESSUPOSTOS-PARTICIPATIUS-2025-BO.gif&#8221; title_text=&#8221;BANNER-PRESSUPOSTOS-PARTICIPATIUS-2025 BO&#8221; force_fullwidth=&#8221;on&#8221; admin_label=&#8221;Image&#8221; _builder_version=&#8221;4.27.4&#8243; _module_preset=&#8221;default&#8221; custom_margin_tablet=&#8221;&#8221; custom_margin_phone=&#8221;-35px||||false|false&#8221; custom_margin_last_edited=&#8221;on|phone&#8221; border_width_all=&#8221;1px&#8221; border_color_all=&#8221;#8F8F8F&#8221; global_colors_info=&#8221;{}&#8221;][\/et_pb_image][et_pb_text _builder_version=&#8221;4.27.4&#8243; _module_preset=&#8221;default&#8221; global_colors_info=&#8221;{}&#8221;]<\/p>\n<article class=\"entry\">\n<h2 style=\"text-align: center;\"><strong><span class=\"summary\" title=\"Document\">PRESSUPOSTOS PARTICIPATIUS 2025<\/span><\/strong><\/h2>\n<\/article>\n<p>[\/et_pb_text][et_pb_accordion toggle_icon=&#8221;&#x47;||divi||400&#8243; _builder_version=&#8221;4.27.4&#8243; _module_preset=&#8221;default&#8221; hover_enabled=&#8221;0&#8243; global_colors_info=&#8221;{}&#8221; sticky_enabled=&#8221;0&#8243;][et_pb_accordion_item title=&#8221;QU\u00c8 S\u00d3N ELS PRESSUPOSTOS PARTICIPATIUS?&#8221; open=&#8221;on&#8221; _builder_version=&#8221;4.27.4&#8243; _module_preset=&#8221;default&#8221; global_colors_info=&#8221;{}&#8221;]<\/p>\n<p>Els Pressupostos Participatius s\u00f3n un <strong>mecanisme\u00a0de democr\u00e0cia<\/strong> directa que permet a la ciutadania decidir sobre els pressupostos p\u00fablics. Roquetes vol impulsar-ne una nova edici\u00f3 on la ciutadania podr\u00e0 intervenir en la presa de decisions de la ciutat, proposant, debatent i decidint a qu\u00e8 es destinar\u00e0 una part del pressupost d\u2019inversions. Enguany, els ve\u00efns i ve\u00efnes dels nuclis urbans de Roquetes i Raval de Cristo decidiran novament la destinaci\u00f3 de <strong>40.000 \u20ac<\/strong>\u00a0de la partida d\u2019inversions del municipi.<\/p>\n<p>[\/et_pb_accordion_item][et_pb_accordion_item title=&#8221;DOTACI\u00d3 ECON\u00d2MICA I LA SEVA DISTRIBUCI\u00d3&#8221; _builder_version=&#8221;4.27.4&#8243; _module_preset=&#8221;default&#8221; global_colors_info=&#8221;{}&#8221; open=&#8221;off&#8221;]<\/p>\n<p>Per als pressupostos participatius del 2025, els ciutadans i ciutadanes podran proposar i donar la seva opini\u00f3 sobre un import total de 40.000 euros.<\/p>\n<p>La quantitat total \u00e9s dividir\u00e0 en dos parts, per tal de facilitar la implicaci\u00f3 dels nuclis poblacionals de nostra ciutat i de fomentar els valors de la participaci\u00f3 i el civisme:<\/p>\n<ul>\n<li style=\"list-style-type: none;\">\n<ul>\n<li>30.000 euros, com a m\u00e0xim, que aniran destinats a projectes proposats per conjunt de la ciutadania de Roquetes.<\/li>\n<li>10.000 euros, com a m\u00e0xim, que aniran destinats a projectes proposats per conjunt de la ciutadania de la Raval de Cristo.<\/li>\n<\/ul>\n<\/li>\n<\/ul>\n<p>[\/et_pb_accordion_item][et_pb_accordion_item title=&#8221;QUI POT PARTICIPAR?&#8221; _builder_version=&#8221;4.27.4&#8243; _module_preset=&#8221;default&#8221; global_colors_info=&#8221;{}&#8221; open=&#8221;off&#8221;]<\/p>\n<p>Podran participar i presentar propostes totes les persones majors de 16 anys i empadronades al municipi, abans de l&#8217;1 de gener de 2025.<br \/>Els partits pol\u00edtics i coalicions electorals no podran presentar propostes dins d&#8217;aquest proc\u00e9s. Tampoc ho podran fer ni els membres de la comissi\u00f3 ni els<br \/>regidors\/es.<\/p>\n<p>[\/et_pb_accordion_item][et_pb_accordion_item title=&#8221;COM ES PODEN PRESENTAR PROPOSTES?&#8221; _builder_version=&#8221;4.27.4&#8243; _module_preset=&#8221;default&#8221; global_colors_info=&#8221;{}&#8221; open=&#8221;off&#8221;]<\/p>\n<p>Es podr\u00e0 <strong>presentar 1 proposta<\/strong> per persona del <strong>2 de setembre fins al 22 de setembre<\/strong> de 2025 (ambd\u00f3s inclosos):<\/p>\n<ul>\n<li><span style=\"text-decoration: underline;\">Per mitjans telem\u00e0tics<\/span>:\n<ul>\n<li>A trav\u00e9s de la plana web municipal, omplint el seg\u00fcent formulari: <strong><a href=\"https:\/\/roquetes.cat\/web\/formulari-participacio\/\" target=\"_blank\" rel=\"noopener\">Formulari participaci\u00f3<\/a><\/strong><\/li>\n<\/ul>\n<\/li>\n<\/ul>\n<ul>\n<li><span style=\"text-decoration: underline;\">Presencialment<\/span>, omplint el formulari que podeu trobar al tr\u00edptic, al <a href=\"https:\/\/roquetes.cat\/web\/wp-content\/uploads\/2025\/08\/Formulari-PRESSUPOSTOS-PARTICIPATIUS.pdf\" target=\"_blank\" rel=\"noopener\">seg\u00fcent fomulari<\/a> i f\u00edsicament a les b\u00fasties disponibles a:\n<ul>\n<li>Ajuntament de Roquetes, Av. Diputaci\u00f3, s\/n (del 2 al 22 de setembre, de dilluns a divendres de 9h a 14h)<\/li>\n<li>Biblioteca de Roquetes Merc\u00e8 Lleix\u00e0, 2a planta del Centre C\u00edvic de Roquetes, Urbanitzaci\u00f3 Torre d&#8217;en Gil, s\/n (Del 2 al 10 de setembre, de dilluns a divendres de 9h a 13:30h. Del 12 al 22 de setembre, de dilluns a divendres de 16h a 20:30h; dimecres i dissabtes de 10h a 13:15h)<\/li>\n<li>Casal de la Ravaleta, Carrer Casal, 2 (dies 3, 10 i 22 de setembre de 10h a 12h)<\/li>\n<\/ul>\n<\/li>\n<\/ul>\n<p>&nbsp;<\/p>\n<p>[\/et_pb_accordion_item][et_pb_accordion_item title=&#8221;COM ES POT VOTAR?&#8221; _builder_version=&#8221;4.27.4&#8243; _module_preset=&#8221;default&#8221; hover_enabled=&#8221;0&#8243; global_colors_info=&#8221;{}&#8221; open=&#8221;off&#8221; sticky_enabled=&#8221;0&#8243;]<\/p>\n<p>Es podr\u00e0 <strong>votar fins a 3 propostes<\/strong> per persona del <strong>7 d&#8217;octubre fins al 20 d&#8217;octubre<\/strong> de 2025 (ambd\u00f3s inclosos):<\/p>\n<ul>\n<li><span style=\"text-decoration: underline;\">Per mitjans telem\u00e0tics<\/span>:\n<ul>\n<li>A trav\u00e9s de l&#8217;aplicaci\u00f3 eAgora (<a href=\"https:\/\/web.eagora.app\/a\/roquetes\">https:\/\/web.eagora.app\/a\/roquetes<\/a>)<\/li>\n<\/ul>\n<\/li>\n<\/ul>\n<ul>\n<li><span style=\"text-decoration: underline;\">Presencialment<\/span>,\u00a0a les b\u00fasties disponibles a:\n<ul>\n<li>Ajuntament de Roquetes, Av. Diputaci\u00f3, s\/n. (De dilluns a divendres de 9h a 14h)<\/li>\n<li>Biblioteca de Roquetes Merc\u00e8 Lleix\u00e0, 2a planta del Centre C\u00edvic de Roquetes, Urbanitzaci\u00f3 Torre d&#8217;en Gil, s\/n. (De dilluns a divendres de 16h a 20:30h; dimecres i dissabte de 10h a 13:15h)<\/li>\n<li>Casal de la Ravaleta, Carrer Casal, 2. (El 8 i 15 d&#8217;octubre de 10h a 12h)<\/li>\n<\/ul>\n<\/li>\n<\/ul>\n<p>&nbsp;<\/p>\n<p>[\/et_pb_accordion_item][et_pb_accordion_item title=&#8221;GUIA PRESSUPOSTOS PARTICIPATIUS&#8221; _builder_version=&#8221;4.27.4&#8243; _module_preset=&#8221;default&#8221; global_colors_info=&#8221;{}&#8221; open=&#8221;off&#8221;]<\/p>\n<ul>\n<li><a href=\"https:\/\/roquetes.cat\/web\/wp-content\/uploads\/2025\/08\/Guia-dels-pressupostos-participatius.pdf\" target=\"_blank\" rel=\"noopener\">Guia pressupostos participatius.<\/a><\/li>\n<\/ul>\n<p>[\/et_pb_accordion_item][et_pb_accordion_item title=&#8221;FORMULARI PRESSUPOSTOS PARTICIPATIUS&#8221; _builder_version=&#8221;4.27.4&#8243; _module_preset=&#8221;default&#8221; global_colors_info=&#8221;{}&#8221; open=&#8221;off&#8221;]<\/p>\n<ul>\n<li><a href=\"https:\/\/roquetes.cat\/web\/wp-content\/uploads\/2025\/08\/Formulari-PRESSUPOSTOS-PARTICIPATIUS.pdf\" target=\"_blank\" rel=\"noopener\">Formulari pressupostos participatius, imprimible.<\/a><\/li>\n<li><a href=\"https:\/\/roquetes.cat\/web\/formulari-participacio\/\" target=\"_blank\" rel=\"noopener\">Formulari pressupostos participatius, online.<\/a><\/li>\n<\/ul>\n<p>[\/et_pb_accordion_item][et_pb_accordion_item title=&#8221;REGLAMENT REGULADOR DELS PRESSUPOSTOS PARTICIPATIUS&#8221; _builder_version=&#8221;4.27.4&#8243; _module_preset=&#8221;default&#8221; global_colors_info=&#8221;{}&#8221; open=&#8221;off&#8221;]<\/p>\n<ul>\n<li><a href=\"https:\/\/roquetes.cat\/web\/wp-content\/uploads\/2025\/08\/Reglament-Pressupostos-Participatius_2025.pdf\" target=\"_blank\" rel=\"noopener\">Reglament regulador dels pressupostos participatius.<\/a><\/li>\n<\/ul>\n<p>[\/et_pb_accordion_item][\/et_pb_accordion][\/et_pb_column][\/et_pb_row][\/et_pb_section]<\/p>\n","protected":false},"excerpt":{"rendered":"<p>PRESSUPOSTOS PARTICIPATIUS 2025 Els Pressupostos Participatius s\u00f3n un mecanisme\u00a0de democr\u00e0cia directa que permet a la ciutadania decidir sobre els pressupostos p\u00fablics. Roquetes vol impulsar-ne una nova edici\u00f3 on la ciutadania podr\u00e0 intervenir en la presa de decisions de la ciutat, proposant, debatent i decidint a qu\u00e8 es destinar\u00e0 una part del pressupost d\u2019inversions. Enguany, els [&hellip;]<\/p>\n","protected":false},"author":2,"featured_media":0,"parent":0,"menu_order":0,"comment_status":"closed","ping_status":"closed","template":"","meta":{"_et_pb_use_builder":"on","_et_pb_old_content":"<div id=\"viewlet-below-content-title\">\u00a0<\/div><aside id=\"viewlet-above-content-body\"><\/aside><div id=\"content-core\"><div class=\"entries\">\u00a0<\/div><\/div>","_et_gb_content_width":"","footnotes":""},"class_list":["post-6278","page","type-page","status-publish","hentry"],"_links":{"self":[{"href":"https:\/\/roquetes.cat\/web\/wp-json\/wp\/v2\/pages\/6278","targetHints":{"allow":["GET"]}}],"collection":[{"href":"https:\/\/roquetes.cat\/web\/wp-json\/wp\/v2\/pages"}],"about":[{"href":"https:\/\/roquetes.cat\/web\/wp-json\/wp\/v2\/types\/page"}],"author":[{"embeddable":true,"href":"https:\/\/roquetes.cat\/web\/wp-json\/wp\/v2\/users\/2"}],"replies":[{"embeddable":true,"href":"https:\/\/roquetes.cat\/web\/wp-json\/wp\/v2\/comments?post=6278"}],"version-history":[{"count":71,"href":"https:\/\/roquetes.cat\/web\/wp-json\/wp\/v2\/pages\/6278\/revisions"}],"predecessor-version":[{"id":17185,"href":"https:\/\/roquetes.cat\/web\/wp-json\/wp\/v2\/pages\/6278\/revisions\/17185"}],"wp:attachment":[{"href":"https:\/\/roquetes.cat\/web\/wp-json\/wp\/v2\/media?parent=6278"}],"curies":[{"name":"wp","href":"https:\/\/api.w.org\/{rel}","templated":true}]}}