{"id":5647,"date":"2023-05-08T08:54:56","date_gmt":"2023-05-08T06:54:56","guid":{"rendered":"https:\/\/roquetes.cat\/web\/?page_id=5647"},"modified":"2023-06-14T11:54:12","modified_gmt":"2023-06-14T09:54:12","slug":"tinenca-responsable","status":"publish","type":"page","link":"https:\/\/roquetes.cat\/web\/tinenca-responsable\/","title":{"rendered":"TINEN\u00c7A RESPONSABLE"},"content":{"rendered":"<p>[et_pb_section fb_built=&#8221;1&#8243; fullwidth=&#8221;on&#8221; _builder_version=&#8221;4.21.0&#8243; _module_preset=&#8221;default&#8221; global_colors_info=&#8221;{}&#8221;][et_pb_fullwidth_image src=&#8221;https:\/\/roquetes.cat\/web\/wp-content\/uploads\/2023\/04\/1.jpg&#8221; title_text=&#8221;1&#8243; _builder_version=&#8221;4.21.0&#8243; _module_preset=&#8221;default&#8221; global_colors_info=&#8221;{}&#8221;][\/et_pb_fullwidth_image][\/et_pb_section][et_pb_section fb_built=&#8221;1&#8243; _builder_version=&#8221;4.21.0&#8243; _module_preset=&#8221;default&#8221; global_colors_info=&#8221;{}&#8221;][et_pb_row _builder_version=&#8221;4.21.0&#8243; _module_preset=&#8221;default&#8221; global_colors_info=&#8221;{}&#8221;][et_pb_column type=&#8221;4_4&#8243; _builder_version=&#8221;4.21.0&#8243; _module_preset=&#8221;default&#8221; global_colors_info=&#8221;{}&#8221;][et_pb_image src=&#8221;https:\/\/roquetes.cat\/web\/wp-content\/uploads\/2023\/05\/cuidam_roquetes.png&#8221; title_text=&#8221;cuidam_roquetes&#8221; _builder_version=&#8221;4.21.0&#8243; _module_preset=&#8221;default&#8221; global_colors_info=&#8221;{}&#8221;][\/et_pb_image][et_pb_text _builder_version=&#8221;4.21.0&#8243; _module_preset=&#8221;default&#8221; custom_margin=&#8221;|35px|||false|false&#8221; custom_padding=&#8221;|||35px|false|false&#8221; global_colors_info=&#8221;{}&#8221;]<\/p>\n<h3>\u00a0<\/h3>\n<h3 class=\"main__subtitle\" style=\"text-align: center;\">S\u00f3n la teva responsabilitat<\/h3>\n<p align=\"justify\">Tenir un animal de companyia \u00e9s la teva responsabilitat i per aix\u00f2 has de complir unes determinades obligacions com a propietari, per garantir el seu benestar i per assegurar una bona conviv\u00e8ncia amb el ve\u00efnat.<\/p>\n<p>[\/et_pb_text][et_pb_toggle title=&#8221;\ud83d\udc3e El meu animal de companyia est\u00e0 censat?&#8221; _builder_version=&#8221;4.21.0&#8243; _module_preset=&#8221;default&#8221; global_colors_info=&#8221;{}&#8221;]<\/p>\n<ul>\n<li>\n<p lang=\"ca-ES\" align=\"justify\"><span style=\"color: #000000;\"><span style=\"font-family: Arial, sans-serif;\">Els gossos, gats i\/o fures han de tenir posat un<\/span><\/span><span style=\"color: #000000;\"><span style=\"font-family: Arial, sans-serif;\"><b> XIP IDENTIFICATIU<\/b><\/span><\/span><span style=\"color: #000000;\"><span style=\"font-family: Arial, sans-serif;\"> i estar <\/span><\/span><span style=\"color: #000000;\"><span style=\"font-family: Arial, sans-serif;\"><b>CENSATS<\/b><\/span><\/span><span style=\"color: #000000;\"><span style=\"font-family: Arial, sans-serif;\">, a l&#8217;ajuntament.<\/span><\/span><\/p>\n<\/li>\n<li>\n<p lang=\"ca-ES\" align=\"justify\"><span style=\"color: #000000;\"><span style=\"font-family: Arial, sans-serif;\">No oblideu posar-li la <\/span><\/span><span style=\"color: #000000;\"><span style=\"font-family: Arial, sans-serif;\"><b>PLACA IDENTIFICATIVA<\/b><\/span><\/span><span style=\"color: #000000;\"><span style=\"font-family: Arial, sans-serif;\">. En cas de p\u00e8rdua podreu recuperar-lo m\u00e9s r\u00e0pidament.<\/span><\/span><\/p>\n<\/li>\n<li>\n<p lang=\"ca-ES\" align=\"justify\"><span style=\"color: #000000;\"><span style=\"font-family: Arial, sans-serif;\">En cas de <\/span><\/span><span style=\"color: #000000;\"><span style=\"font-family: Arial, sans-serif;\"><b>MODIFICACI\u00d3 DE DOMICILI, DE BAIXA O P\u00c8RDUA <\/b><\/span><\/span><span style=\"color: #000000;\"><span style=\"font-family: Arial, sans-serif;\">de l&#8217;animal cal comunicar-ho a l&#8217;ajuntament. <\/span><\/span><\/p>\n<\/li>\n<li>\n<p lang=\"ca-ES\" align=\"justify\"><span style=\"color: #000000;\"><span style=\"font-family: Arial, sans-serif;\">Si el teu gos \u00e9s classificat com a <\/span><\/span><span style=\"color: #000000;\"><span style=\"font-family: Arial, sans-serif;\"><b>perill\u00f3s<\/b><\/span><\/span><span style=\"color: #000000;\"><span style=\"font-family: Arial, sans-serif;\">, tingues present que ha de circular amb <\/span><\/span><span style=\"color: #000000;\"><span style=\"font-family: Arial, sans-serif;\"><b>morri\u00f3<\/b><\/span><\/span><span style=\"color: #000000;\"><span style=\"font-family: Arial, sans-serif;\"> per la via p\u00fablica i has d&#8217;obtenir la <\/span><\/span><span style=\"color: #000000;\"><span style=\"font-family: Arial, sans-serif;\"><b>llic\u00e8ncia municipal per a la seva tinen\u00e7a i\/o conducci\u00f3<\/b><\/span><\/span><\/p>\n<\/li>\n<\/ul>\n<p lang=\"ca-ES\" align=\"justify\"><img decoding=\"async\" class=\"wp-image-5652 alignnone size-full aligncenter lazyload\" data-src=\"https:\/\/roquetes.cat\/web\/wp-content\/uploads\/2023\/05\/info_roquetes_gossos.png\" alt=\"\" width=\"527\" height=\"111\" data-srcset=\"https:\/\/roquetes.cat\/web\/wp-content\/uploads\/2023\/05\/info_roquetes_gossos.png 527w, https:\/\/roquetes.cat\/web\/wp-content\/uploads\/2023\/05\/info_roquetes_gossos-480x101.png 480w\" data-sizes=\"(min-width: 0px) and (max-width: 480px) 480px, (min-width: 481px) 527px, 100vw\" src=\"data:image\/svg+xml;base64,PHN2ZyB3aWR0aD0iMSIgaGVpZ2h0PSIxIiB4bWxucz0iaHR0cDovL3d3dy53My5vcmcvMjAwMC9zdmciPjwvc3ZnPg==\" style=\"--smush-placeholder-width: 527px; --smush-placeholder-aspect-ratio: 527\/111;\" \/><\/p>\n<p>[\/et_pb_toggle][et_pb_toggle title=&#8221;\ud83d\udc3e Tinc cura del meu animal?&#8221; _builder_version=&#8221;4.21.0&#8243; _module_preset=&#8221;default&#8221; global_colors_info=&#8221;{}&#8221;]<\/p>\n<ul>\n<li>\n<p lang=\"ca-ES\" align=\"justify\"><span style=\"color: #000000;\"><span style=\"font-family: Arial, sans-serif;\">Cuida&#8217;l, alimenta&#8217;l i tingues els teus animals de companyia en <\/span><\/span><span style=\"color: #000000;\"><span style=\"font-family: Arial, sans-serif;\"><b>BONES CONDICIONS HIGI\u00c8NIQUES I SANIT\u00c0RIES, <\/b><\/span><\/span><span style=\"color: #000000;\"><span style=\"font-family: Arial, sans-serif;\">amb condicions <\/span><\/span><span style=\"color: #000000;\"><span style=\"font-family: Arial, sans-serif;\"><b>adequades<\/b><\/span><\/span><span style=\"color: #000000;\"><span style=\"font-family: Arial, sans-serif;\"> de <\/span><\/span><span style=\"color: #000000;\"><span style=\"font-family: Arial, sans-serif;\"><b>ventilaci\u00f3, humitat, temperatura i llum.<\/b><\/span><\/span><\/p>\n<\/li>\n<li>\n<p lang=\"ca-ES\" align=\"justify\"><span style=\"color: #000000;\"><span style=\"font-family: Arial, sans-serif;\">Qualsevol <\/span><\/span><span style=\"color: #000000;\"><span style=\"font-family: Arial, sans-serif;\"><b>animal de companyia <\/b><\/span><\/span><span style=\"color: #000000;\"><span style=\"font-family: Arial, sans-serif;\">sempre ha de tenir a l&#8217;<\/span><\/span><span style=\"color: #000000;\"><span style=\"font-family: Arial, sans-serif;\"><b>abast aigua<\/b><\/span><\/span><span style=\"color: #000000;\"><span style=\"font-family: Arial, sans-serif;\"> potable i neta.<\/span><\/span><\/p>\n<\/li>\n<li>\n<p lang=\"ca-ES\" align=\"justify\"><span style=\"color: #000000;\"><span style=\"font-family: Arial, sans-serif;\">Cal mantenir la <\/span><\/span><span style=\"color: #000000;\"><span style=\"font-family: Arial, sans-serif;\"><b>cartilla veterin\u00e0ria i les vacunes al dia,<\/b><\/span><\/span><span style=\"color: #000000;\"><span style=\"font-family: Arial, sans-serif;\"> i proporcionar les cures m\u00ednimes necess\u00e0ries.<\/span><\/span><\/p>\n<\/li>\n<li>\n<p lang=\"ca-ES\" align=\"justify\"><span style=\"color: #000000;\"><span style=\"font-family: Arial, sans-serif;\">El seu <\/span><\/span><span style=\"color: #000000;\"><span style=\"font-family: Arial, sans-serif;\"><b>espai <\/b><\/span><\/span><span style=\"color: #000000;\"><span style=\"font-family: Arial, sans-serif;\">s&#8217;han de mantenir <\/span><\/span><span style=\"color: #000000;\"><span style=\"font-family: Arial, sans-serif;\"><b>net<\/b><\/span><\/span><span style=\"color: #000000;\"><span style=\"font-family: Arial, sans-serif;\">, retirant els excrements i els orins de manera quotidiana.<\/span><\/span><\/p>\n<\/li>\n<li>\n<p lang=\"ca-ES\" align=\"justify\"><span style=\"color: #000000;\"><span style=\"font-family: Arial, sans-serif;\">Els <\/span><\/span><span style=\"color: #000000;\"><span style=\"font-family: Arial, sans-serif;\"><b>animals de companyia <\/b><\/span><\/span><span style=\"color: #000000;\"><span style=\"font-family: Arial, sans-serif;\">que estan <\/span><\/span><span style=\"color: #000000;\"><span style=\"font-family: Arial, sans-serif;\"><b>lligats <\/b><\/span><\/span><span style=\"color: #000000;\"><span style=\"font-family: Arial, sans-serif;\">o en un<\/span><\/span><span style=\"color: #000000;\"><span style=\"font-family: Arial, sans-serif;\"><b> espai redu\u00eft<\/b><\/span><\/span><span style=\"color: #000000;\"><span style=\"font-family: Arial, sans-serif;\"> no poden restar en aquestes condicions de forma permanent.<\/span><\/span><\/p>\n<\/li>\n<li>\n<p lang=\"ca-ES\" align=\"justify\"><span style=\"color: #000000;\"><span style=\"font-family: Arial, sans-serif;\">Als espais p\u00fablics, els gossos han d&#8217;anar amb <\/span><\/span><span style=\"color: #000000;\"><span style=\"font-family: Arial, sans-serif;\"><b>CORRETJA I COLLAR<\/b><\/span><\/span><span style=\"color: #000000;\"><span style=\"font-family: Arial, sans-serif;\">, a m\u00e9s s&#8217;hauran de <\/span><\/span><span style=\"color: #000000;\"><span style=\"font-family: Arial, sans-serif;\"><b>RECOLLIR LES DEPOSICIONS <\/b><\/span><\/span><span style=\"color: #000000;\"><span style=\"font-family: Arial, sans-serif;\">que facin.<\/span><\/span><\/p>\n<\/li>\n<\/ul>\n<p>[\/et_pb_toggle][et_pb_toggle title=&#8221;\ud83d\udc3e Respectem les normes b\u00e0siques de conviv\u00e8ncia?&#8221; _builder_version=&#8221;4.21.0&#8243; _module_preset=&#8221;default&#8221; global_colors_info=&#8221;{}&#8221;]<\/p>\n<ul>\n<li>\n<p lang=\"ca-ES\" align=\"justify\"><span style=\"color: #000000;\"><span style=\"font-family: Arial, sans-serif;\"><b>No es perm\u00e8s<\/b><\/span><\/span><span style=\"color: #000000;\"><span style=\"font-family: Arial, sans-serif;\"> entrar <\/span><\/span><span style=\"color: #000000;\"><span style=\"font-family: Arial, sans-serif;\"><b>gossos <\/b><\/span><\/span><span style=\"color: #000000;\"><span style=\"font-family: Arial, sans-serif;\">a les <\/span><\/span><span style=\"color: #000000;\"><span style=\"font-family: Arial, sans-serif;\"><b>zones infantils de parcs i jardins.<\/b><\/span><\/span><\/p>\n<\/li>\n<li>\n<p lang=\"ca-ES\" align=\"justify\"><span style=\"color: #000000;\"><span style=\"font-family: Arial, sans-serif;\">Els propietaris i posse\u00efdors d&#8217;animals hauran <\/span><\/span><span style=\"color: #000000;\"><span style=\"font-family: Arial, sans-serif;\"><b>D&#8217;EVITAR MOL\u00c8STIES A ALTRES PERSONES<\/b><\/span><\/span><span style=\"color: #000000;\"><span style=\"font-family: Arial, sans-serif;\"> ja sigui per sorolls, olors o d&#8217;altres circumst\u00e0ncies.<\/span><\/span><\/p>\n<\/li>\n<li>\n<p lang=\"ca-ES\" align=\"justify\"><span style=\"color: #000000;\"><span style=\"font-family: Arial, sans-serif;\">S&#8217;ha de <\/span><\/span><span style=\"color: #000000;\"><span style=\"font-family: Arial, sans-serif;\"><b>respectar la tranquil\u00b7litat dels ve\u00efns<\/b><\/span><\/span><span style=\"color: #000000;\"><span style=\"font-family: Arial, sans-serif;\">, amb especial atenci\u00f3 a les hores nocturnes (des de les 22 fins les 8 hores).<\/span><\/span><\/p>\n<\/li>\n<li>\n<p lang=\"ca-ES\" align=\"justify\"><span style=\"color: #000000;\"><span style=\"font-family: Arial, sans-serif;\">El\/la<\/span><\/span><span style=\"color: #000000;\"><span style=\"font-family: Arial, sans-serif;\"><b> PROPIETARI\/\u00c0RIA o posse\u00efdor\/a<\/b><\/span><\/span><span style=\"color: #000000;\"><span style=\"font-family: Arial, sans-serif;\"> d&#8217;un animal <\/span><\/span><span style=\"color: #000000;\"><span style=\"font-family: Arial, sans-serif;\"><b>\u00c9S EL RESPONSABLE<\/b><\/span><\/span><span style=\"color: #000000;\"><span style=\"font-family: Arial, sans-serif;\"> dels danys, dels perjudicis i de les mol\u00e8sties que ocasioni.<\/span><\/span><\/p>\n<\/li>\n<li>\n<p lang=\"ca-ES\" align=\"justify\"><span style=\"color: #000000;\"><span style=\"font-family: Arial, sans-serif;\">No es pot <\/span><\/span><span style=\"color: #000000;\"><span style=\"font-family: Arial, sans-serif;\"><b>MALTRACTAR, VENDRE<\/b><\/span><\/span><span style=\"color: #000000;\"><span style=\"font-family: Arial, sans-serif;\"> (fora dels establiments autoritzats) o <\/span><\/span><span style=\"color: #000000;\"><span style=\"font-family: Arial, sans-serif;\"><b>ABANDONAR <\/b><\/span><\/span><span style=\"color: #000000;\"><span style=\"font-family: Arial, sans-serif;\">qualsevol tipus d&#8217;animals.<\/span><\/span><\/p>\n<\/li>\n<li>\n<p lang=\"ca-ES\" align=\"justify\"><span style=\"color: #000000;\"><span style=\"font-family: Arial, sans-serif;\">Els animals abandonats, salvatges o incontrolats <\/span><\/span><span style=\"color: #000000;\"><span style=\"font-family: Arial, sans-serif;\"><b>NO ES PODRAN ALIMENTAR<\/b><\/span><\/span><span style=\"color: #000000;\"><span style=\"font-family: Arial, sans-serif;\"> a les vies p\u00fabliques, amb la finalitat d&#8217;evitar-ne una proliferaci\u00f3 incontrolada sense cap control sanitari, exceptuant persones autoritzades per l&#8217;Ajuntament.<\/span><\/span><\/p>\n<\/li>\n<li>\n<p lang=\"ca-ES\" align=\"justify\"><span style=\"color: #000000;\"><span style=\"font-family: Arial, sans-serif;\">S&#8217;hauran de prendre les <\/span><\/span><span style=\"color: #000000;\"><span style=\"font-family: Arial, sans-serif;\"><b>mesures <\/b><\/span><\/span><span style=\"color: #000000;\"><span style=\"font-family: Arial, sans-serif;\">necess\u00e0ries per <\/span><\/span><span style=\"color: #000000;\"><span style=\"font-family: Arial, sans-serif;\"><b>evitar que les deposicions i els orins<\/b><\/span><\/span><span style=\"color: #000000;\"><span style=\"font-family: Arial, sans-serif;\"> dels animals, puguin afectar pisos, les fa\u00e7anes o la via p\u00fablica.<\/span><\/span><\/p>\n<\/li>\n<li>\n<p lang=\"ca-ES\" align=\"justify\"><span style=\"color: #000000;\"><span style=\"font-family: Arial, sans-serif;\">Qui passeja l&#8217;animal t\u00e9 l&#8217;obligaci\u00f3 de <\/span><\/span><span style=\"color: #000000;\"><span style=\"font-family: Arial, sans-serif;\"><b>recollir\/retirar els excrements<\/b><\/span><\/span><span style=\"color: #000000;\"><span style=\"font-family: Arial, sans-serif;\"> del seu animal i dipositar-los de forma higi\u00e8nicament i acceptable <\/span><\/span><span style=\"color: #000000;\"><span style=\"font-family: Arial, sans-serif;\"><b>en una paperera<\/b><\/span><\/span><span style=\"color: #000000;\"><span style=\"font-family: Arial, sans-serif;\">, fins i tot en els pipicans.<\/span><\/span><\/p>\n<\/li>\n<li>\n<p lang=\"ca-ES\" align=\"justify\"><span style=\"color: #000000;\"><span style=\"font-family: Arial, sans-serif;\">Consulta quins <\/span><\/span><span style=\"color: #000000;\"><span style=\"font-family: Arial, sans-serif;\"><b>pipicans <\/b><\/span><\/span><span style=\"color: #000000;\"><span style=\"font-family: Arial, sans-serif;\">tens m\u00e9s a prop i fes-ne un \u00fas adequat.<\/span><\/span><\/p>\n<\/li>\n<li>\n<p lang=\"ca-ES\" align=\"justify\"><span style=\"color: #000000;\"><span style=\"font-family: Arial, sans-serif;\">Porta amb tu una <\/span><\/span><span style=\"color: #000000;\"><span style=\"font-family: Arial, sans-serif;\"><b>ampolleta d&#8217;aigua<\/b><\/span><\/span><span style=\"color: #000000;\"><span style=\"font-family: Arial, sans-serif;\"> per netejar els pixums de la teva mascota, per evitar brut\u00edcia i males olors al carrer.<\/span><\/span><\/p>\n<\/li>\n<li>\n<p lang=\"ca-ES\" align=\"justify\"><span style=\"color: #000000;\"><span style=\"font-family: Arial, sans-serif;\">Recorda que la tinen\u00e7a dels animals de companyia est\u00e0 regulada per la llei i les ordenances municipals. El seu incompliment pot comportar sancions econ\u00f2miques importants als responsables dels animals.<\/span><\/span><\/p>\n<\/li>\n<\/ul>\n<p>[\/et_pb_toggle][et_pb_image src=&#8221;https:\/\/roquetes.cat\/web\/wp-content\/uploads\/2023\/05\/info_roquetes_auca_mascotes.png&#8221; title_text=&#8221;info_roquetes_auca_mascotes&#8221; align=&#8221;center&#8221; _builder_version=&#8221;4.21.0&#8243; _module_preset=&#8221;default&#8221; border_radii=&#8221;on|10px|10px|10px|10px&#8221; border_width_all=&#8221;1px&#8221; border_color_all=&#8221;#000000&#8243; global_colors_info=&#8221;{}&#8221;][\/et_pb_image][et_pb_text _builder_version=&#8221;4.21.0&#8243; _module_preset=&#8221;default&#8221; global_colors_info=&#8221;{}&#8221;]<\/p>\n<pre style=\"text-align: center;\">Dibuixos dels guanyadors del concurs de l'auca \"Jo s\u00f3c responsable, i tu?\"\n- De 4t EP Escola Marcel\u00b7l\u00ed Domingo\n- De 4t, 5\u00e8 i 6\u00e8 EP Escola la Ravaleta\n<\/pre>\n<h4 style=\"text-align: center;\"><strong><a href='https:\/\/roquetes.cat\/web\/pipicans-i-zones-desbarjo\/' class='big-button biggreen'>\ud83d\udc3e PIPICANS I ZONES D&#8217;ESBARJO<\/a><\/strong><\/h4>\n<p>[\/et_pb_text][\/et_pb_column][\/et_pb_row][\/et_pb_section]<\/p>\n","protected":false},"excerpt":{"rendered":"<p>\u00a0 S\u00f3n la teva responsabilitat Tenir un animal de companyia \u00e9s la teva responsabilitat i per aix\u00f2 has de complir unes determinades obligacions com a propietari, per garantir el seu benestar i per assegurar una bona conviv\u00e8ncia amb el ve\u00efnat. Els gossos, gats i\/o fures han de tenir posat un XIP IDENTIFICATIU i estar CENSATS, [&hellip;]<\/p>\n","protected":false},"author":2,"featured_media":0,"parent":0,"menu_order":0,"comment_status":"closed","ping_status":"closed","template":"","meta":{"_et_pb_use_builder":"on","_et_pb_old_content":"","_et_gb_content_width":"","footnotes":""},"class_list":["post-5647","page","type-page","status-publish","hentry"],"_links":{"self":[{"href":"https:\/\/roquetes.cat\/web\/wp-json\/wp\/v2\/pages\/5647","targetHints":{"allow":["GET"]}}],"collection":[{"href":"https:\/\/roquetes.cat\/web\/wp-json\/wp\/v2\/pages"}],"about":[{"href":"https:\/\/roquetes.cat\/web\/wp-json\/wp\/v2\/types\/page"}],"author":[{"embeddable":true,"href":"https:\/\/roquetes.cat\/web\/wp-json\/wp\/v2\/users\/2"}],"replies":[{"embeddable":true,"href":"https:\/\/roquetes.cat\/web\/wp-json\/wp\/v2\/comments?post=5647"}],"version-history":[{"count":28,"href":"https:\/\/roquetes.cat\/web\/wp-json\/wp\/v2\/pages\/5647\/revisions"}],"predecessor-version":[{"id":8760,"href":"https:\/\/roquetes.cat\/web\/wp-json\/wp\/v2\/pages\/5647\/revisions\/8760"}],"wp:attachment":[{"href":"https:\/\/roquetes.cat\/web\/wp-json\/wp\/v2\/media?parent=5647"}],"curies":[{"name":"wp","href":"https:\/\/api.w.org\/{rel}","templated":true}]}}