{"id":5564,"date":"2023-05-05T15:27:14","date_gmt":"2023-05-05T13:27:14","guid":{"rendered":"https:\/\/roquetes.cat\/web\/?page_id=5564"},"modified":"2025-09-22T13:28:17","modified_gmt":"2025-09-22T11:28:17","slug":"pipicans-i-zones-desbarjo","status":"publish","type":"page","link":"https:\/\/roquetes.cat\/web\/pipicans-i-zones-desbarjo\/","title":{"rendered":"PIPICANS I ZONES D&#8217;ESBARJO"},"content":{"rendered":"<p>[et_pb_section fb_built=&#8221;1&#8243; fullwidth=&#8221;on&#8221; _builder_version=&#8221;4.21.0&#8243; _module_preset=&#8221;default&#8221; global_colors_info=&#8221;{}&#8221;][et_pb_fullwidth_image src=&#8221;https:\/\/roquetes.cat\/web\/wp-content\/uploads\/2023\/04\/1.jpg&#8221; title_text=&#8221;1&#8243; _builder_version=&#8221;4.21.0&#8243; _module_preset=&#8221;default&#8221; global_colors_info=&#8221;{}&#8221;][\/et_pb_fullwidth_image][\/et_pb_section][et_pb_section fb_built=&#8221;1&#8243; _builder_version=&#8221;4.21.0&#8243; _module_preset=&#8221;default&#8221; global_colors_info=&#8221;{}&#8221;][et_pb_row _builder_version=&#8221;4.21.0&#8243; _module_preset=&#8221;default&#8221; global_colors_info=&#8221;{}&#8221;][et_pb_column type=&#8221;4_4&#8243; _builder_version=&#8221;4.21.0&#8243; _module_preset=&#8221;default&#8221; global_colors_info=&#8221;{}&#8221;][et_pb_image src=&#8221;https:\/\/roquetes.cat\/web\/wp-content\/uploads\/2023\/05\/cuidam_roquetes.png&#8221; title_text=&#8221;cuidam_roquetes&#8221; _builder_version=&#8221;4.21.0&#8243; _module_preset=&#8221;default&#8221; custom_margin_tablet=&#8221;&#8221; custom_margin_phone=&#8221;0px||||false|false&#8221; custom_margin_last_edited=&#8221;on|phone&#8221; custom_padding=&#8221;0px||||false|false&#8221; global_colors_info=&#8221;{}&#8221;][\/et_pb_image][et_pb_text admin_label=&#8221;Text&#8221; _builder_version=&#8221;4.27.4&#8243; _module_preset=&#8221;default&#8221; custom_margin=&#8221;|40px|||false|false&#8221; custom_padding=&#8221;|||35px|false|false&#8221; global_colors_info=&#8221;{}&#8221;]<\/p>\n<h1 class=\"header-benestar__title\" style=\"text-align: center;\"><strong>PIPICANS I ZONES D&#8217;ESBARJO<\/strong><\/h1>\n<p>&nbsp;<\/p>\n<h3 lang=\"ca-ES\" style=\"text-align: center;\" align=\"justify\"><span style=\"color: #000000;\"><span style=\"font-family: Arial, sans-serif;\">Suma&#8217;t a la campanya per una Roquetes m\u00e9s c\u00edvica!<\/span><\/span><\/h3>\n<p align=\"justify\">Per tal de fomentar la bona conviv\u00e8ncia entre les persones i els animals a la ciutat, l&#8217;Ajuntament de Roquetes ha habilitat zones adequades dins l&#8217;\u00e0mbit urb\u00e0 perqu\u00e8 els propietaris dels gossos puguin portar-los a fer les seves necessitats i espais tancats per l&#8217;alliberament, sense pertorbar la conviv\u00e8ncia amb la resta d&#8217;usuaris de la via p\u00fablica i ve\u00efns de la ciutat.<\/p>\n<h3 style=\"text-align: center;\" align=\"justify\"><strong>Normes d\u2019\u00fas\u00a0<\/strong><\/h3>\n<p align=\"justify\"><div class='et-box et-shadow'>\n\t\t\t\t\t<div class='et-box-content'>Els serveis municipals fan un seguiment espec\u00edfic i programat de l&#8217;estat i condicions en qu\u00e8 es troben aquests espais, i peri\u00f2dicament es realitzen els tractaments de desinfecci\u00f3 d&#8217;aquestes zones, a la vegada que els usuaris estan obligats a fer-ne un \u00fas responsable, portar els animals lligats i recollir els seus excrements.<\/div><\/div><\/p>\n<h3 style=\"text-align: center;\" align=\"justify\"><\/h3>\n<p style=\"text-align: center;\">[\/et_pb_text][et_pb_text disabled_on=&#8221;on|on|on&#8221; _builder_version=&#8221;4.27.4&#8243; _module_preset=&#8221;default&#8221; disabled=&#8221;on&#8221; global_colors_info=&#8221;{}&#8221;]<\/p>\n<h3 style=\"text-align: center;\" align=\"justify\"><strong><a href='https:\/\/roquetes.cat\/web\/category\/animals-perduts-cuidam\/' class='big-button biggreen'>\ud83d\udc3e Has perdut la teva mascota? Consulta aqu\u00ed! \ud83d\udc3e<\/a><\/strong><\/h3>\n<p>[\/et_pb_text][et_pb_text _builder_version=&#8221;4.27.4&#8243; _module_preset=&#8221;default&#8221; global_colors_info=&#8221;{}&#8221;]<\/p>\n<h3 class=\"main__subtitle\" style=\"text-align: center;\">Ubicaci\u00f3 dels Espais d&#8217;higiene o pipicans<\/h3>\n<p style=\"text-align: center;\">Actualment hi ha instal\u00b7lats set pipicans.\u00a0 Podeu veure la seva ubicaci\u00f3 fent clic a sobre:<\/p>\n<p>[\/et_pb_text][\/et_pb_column][\/et_pb_row][et_pb_row _builder_version=&#8221;4.21.0&#8243; _module_preset=&#8221;default&#8221; global_colors_info=&#8221;{}&#8221;][et_pb_column type=&#8221;4_4&#8243; _builder_version=&#8221;4.21.0&#8243; _module_preset=&#8221;default&#8221; global_colors_info=&#8221;{}&#8221;][et_pb_image src=&#8221;https:\/\/roquetes.cat\/web\/wp-content\/uploads\/2025\/09\/Pipica-Torre-den-Gil.webp&#8221; title_text=&#8221;Pipic\u00e0 Torre d&#8217;en Gil&#8221; url=&#8221;https:\/\/goo.gl\/maps\/VDBiuSphXjzjTbhJA&#8221; url_new_window=&#8221;on&#8221; _builder_version=&#8221;4.27.4&#8243; _module_preset=&#8221;default&#8221; hover_enabled=&#8221;0&#8243; global_colors_info=&#8221;{}&#8221; sticky_enabled=&#8221;0&#8243;][\/et_pb_image][et_pb_image src=&#8221;https:\/\/roquetes.cat\/web\/wp-content\/uploads\/2025\/09\/Pipica-Pare-Romana.webp&#8221; title_text=&#8221;Pipic\u00e0 Pare Roma\u00f1\u00e0&#8221; url=&#8221;https:\/\/goo.gl\/maps\/tKh41q5KCkHVMbzM6&#8243; url_new_window=&#8221;on&#8221; _builder_version=&#8221;4.27.4&#8243; _module_preset=&#8221;default&#8221; hover_enabled=&#8221;0&#8243; global_colors_info=&#8221;{}&#8221; sticky_enabled=&#8221;0&#8243;][\/et_pb_image][et_pb_image src=&#8221;https:\/\/roquetes.cat\/web\/wp-content\/uploads\/2025\/09\/Pipica-Vall-del-Marques.webp&#8221; title_text=&#8221;Pipic\u00e0 Vall del Marqu\u00e8s&#8221; url=&#8221;https:\/\/goo.gl\/maps\/j6X9bNQuo2ybZFaw8&#8243; url_new_window=&#8221;on&#8221; _builder_version=&#8221;4.27.4&#8243; _module_preset=&#8221;default&#8221; hover_enabled=&#8221;0&#8243; global_colors_info=&#8221;{}&#8221; sticky_enabled=&#8221;0&#8243;][\/et_pb_image][et_pb_image src=&#8221;https:\/\/roquetes.cat\/web\/wp-content\/uploads\/2025\/09\/Pipica-Parc-Natural.webp&#8221; title_text=&#8221;Pipic\u00e0 Parc Natural&#8221; url=&#8221;https:\/\/goo.gl\/maps\/NhjLnzAyA4DAJcpDA&#8221; url_new_window=&#8221;on&#8221; _builder_version=&#8221;4.27.4&#8243; _module_preset=&#8221;default&#8221; hover_enabled=&#8221;0&#8243; global_colors_info=&#8221;{}&#8221; sticky_enabled=&#8221;0&#8243;][\/et_pb_image][et_pb_image src=&#8221;https:\/\/roquetes.cat\/web\/wp-content\/uploads\/2025\/09\/Pipica-Raval-de-Cristo.webp&#8221; title_text=&#8221;Pipic\u00e0 Raval de Cristo&#8221; url=&#8221;https:\/\/goo.gl\/maps\/5bptT8ih2ShbiRcQ7&#8243; url_new_window=&#8221;on&#8221; _builder_version=&#8221;4.27.4&#8243; _module_preset=&#8221;default&#8221; hover_enabled=&#8221;0&#8243; global_colors_info=&#8221;{}&#8221; sticky_enabled=&#8221;0&#8243;][\/et_pb_image][et_pb_image src=&#8221;https:\/\/roquetes.cat\/web\/wp-content\/uploads\/2025\/09\/Pipica-Canal.webp&#8221; title_text=&#8221;Pipic\u00e0 Canal&#8221; url=&#8221;https:\/\/goo.gl\/maps\/qpgoiCsW65zxG9hY8&#8243; url_new_window=&#8221;on&#8221; _builder_version=&#8221;4.27.4&#8243; _module_preset=&#8221;default&#8221; hover_enabled=&#8221;0&#8243; global_colors_info=&#8221;{}&#8221; sticky_enabled=&#8221;0&#8243;][\/et_pb_image][et_pb_image src=&#8221;https:\/\/roquetes.cat\/web\/wp-content\/uploads\/2023\/05\/p7.png&#8221; title_text=&#8221;p7&#8243; url=&#8221;https:\/\/www.google.es\/maps\/place\/Raval+de+Crist.,+43529+Raval+de+Cristo,+Tarragona\/@40.8068278,0.4922987,17z\/data=!3m1!4b1!4m6!3m5!1s0x12a0e4da426db503:0xee15ab00a3a00808!8m2!3d40.8068238!4d0.494879!16s%2Fg%2F11xcxy8fr&#8221; disabled_on=&#8221;on|on|on&#8221; _builder_version=&#8221;4.21.0&#8243; _module_preset=&#8221;default&#8221; disabled=&#8221;on&#8221; global_colors_info=&#8221;{}&#8221;][\/et_pb_image][\/et_pb_column][\/et_pb_row][et_pb_row _builder_version=&#8221;4.21.0&#8243; _module_preset=&#8221;default&#8221; global_colors_info=&#8221;{}&#8221;][et_pb_column type=&#8221;4_4&#8243; _builder_version=&#8221;4.21.0&#8243; _module_preset=&#8221;default&#8221; global_colors_info=&#8221;{}&#8221;][et_pb_text _builder_version=&#8221;4.21.0&#8243; _module_preset=&#8221;default&#8221; custom_margin=&#8221;|40px|||false|false&#8221; custom_padding=&#8221;|||35px|false|false&#8221; global_colors_info=&#8221;{}&#8221;]<\/p>\n<p class=\"main__p\" align=\"justify\">La tinen\u00e7a responsable comporta tenir cura dels animals, mantenir-los saludables visitant peri\u00f2dicament al veterinari, alimentar-los correctament, permetre\u2019ls fer exercici\u00a0 di\u00e0riament, proporcinar-los un allotjament adequat, recollir les seves defecacions i esbandir els seu orins amb aigua a la via publica. L\u2019Ajuntament de Roquetes incideix en la responsabilitat de tenir el teu gos, gat o fura identificat amb un microxip i amb un xapa penjada al coll i de l\u2019obligatorietat de censar-lo al municipi de resid\u00e8ncia.<\/p>\n<p align=\"justify\"><img decoding=\"async\" class=\"wp-image-5636  aligncenter lazyload\" data-src=\"https:\/\/roquetes.cat\/web\/wp-content\/uploads\/2023\/05\/image-from-rawpixel-id-3299633-original-scaled.jpg\" alt=\"\" width=\"502\" height=\"295\" src=\"data:image\/svg+xml;base64,PHN2ZyB3aWR0aD0iMSIgaGVpZ2h0PSIxIiB4bWxucz0iaHR0cDovL3d3dy53My5vcmcvMjAwMC9zdmciPjwvc3ZnPg==\" style=\"--smush-placeholder-width: 502px; --smush-placeholder-aspect-ratio: 502\/295;\" \/><\/p>\n<p class=\"main__p\">Tenir la teva mascota censada i amb microxip et permetr\u00e0:<\/p>\n<p class=\"main__p\"><strong>1. Recuperar-la en cas de p\u00e8rdua o robatori.<\/strong><br \/><strong>2. Evitar els abandonaments i el seu patiment.<\/strong><br \/><strong>3. Reduir les despeses que generen els abandonaments i el volum de gossos als centres d\u2019acolllida.<\/strong><br \/><strong>4. I la ciutat podr\u00e0 adaptar-se al nombre d\u2019animals que habiten al municipi.<\/strong><\/p>\n<h3>\u00a0<\/h3>\n<h4 style=\"text-align: center;\"><em>\u00abTenir un animal de companyia \u00e9s responsabilitat teva\u00bb.<\/em><\/h4>\n<p align=\"justify\">[\/et_pb_text][et_pb_button button_url=&#8221;https:\/\/roquetes.cat\/web\/tinenca-responsable\/&#8221; button_text=&#8221;M\u00e9s informaci\u00f3&#8221; button_alignment=&#8221;center&#8221; _builder_version=&#8221;4.21.0&#8243; _module_preset=&#8221;default&#8221; custom_button=&#8221;on&#8221; button_text_color=&#8221;#fddd35&#8243; button_bg_color=&#8221;#3d3d3d&#8221; global_colors_info=&#8221;{}&#8221;][\/et_pb_button][\/et_pb_column][\/et_pb_row][\/et_pb_section]<\/p>\n","protected":false},"excerpt":{"rendered":"<p>PIPICANS I ZONES D&#8217;ESBARJO &nbsp; Suma&#8217;t a la campanya per una Roquetes m\u00e9s c\u00edvica! Per tal de fomentar la bona conviv\u00e8ncia entre les persones i els animals a la ciutat, l&#8217;Ajuntament de Roquetes ha habilitat zones adequades dins l&#8217;\u00e0mbit urb\u00e0 perqu\u00e8 els propietaris dels gossos puguin portar-los a fer les seves necessitats i espais tancats [&hellip;]<\/p>\n","protected":false},"author":2,"featured_media":0,"parent":0,"menu_order":0,"comment_status":"closed","ping_status":"closed","template":"","meta":{"_et_pb_use_builder":"on","_et_pb_old_content":"","_et_gb_content_width":"","footnotes":""},"class_list":["post-5564","page","type-page","status-publish","hentry"],"_links":{"self":[{"href":"https:\/\/roquetes.cat\/web\/wp-json\/wp\/v2\/pages\/5564","targetHints":{"allow":["GET"]}}],"collection":[{"href":"https:\/\/roquetes.cat\/web\/wp-json\/wp\/v2\/pages"}],"about":[{"href":"https:\/\/roquetes.cat\/web\/wp-json\/wp\/v2\/types\/page"}],"author":[{"embeddable":true,"href":"https:\/\/roquetes.cat\/web\/wp-json\/wp\/v2\/users\/2"}],"replies":[{"embeddable":true,"href":"https:\/\/roquetes.cat\/web\/wp-json\/wp\/v2\/comments?post=5564"}],"version-history":[{"count":56,"href":"https:\/\/roquetes.cat\/web\/wp-json\/wp\/v2\/pages\/5564\/revisions"}],"predecessor-version":[{"id":16912,"href":"https:\/\/roquetes.cat\/web\/wp-json\/wp\/v2\/pages\/5564\/revisions\/16912"}],"wp:attachment":[{"href":"https:\/\/roquetes.cat\/web\/wp-json\/wp\/v2\/media?parent=5564"}],"curies":[{"name":"wp","href":"https:\/\/api.w.org\/{rel}","templated":true}]}}