{"id":4476,"date":"2023-04-19T09:05:22","date_gmt":"2023-04-19T07:05:22","guid":{"rendered":"https:\/\/roquetes.cat\/web\/?page_id=4476"},"modified":"2023-05-22T09:54:58","modified_gmt":"2023-05-22T07:54:58","slug":"serveis-socials","status":"publish","type":"page","link":"https:\/\/roquetes.cat\/web\/serveis-socials\/","title":{"rendered":"Serveis Socials"},"content":{"rendered":"<p>[et_pb_section fb_built=&#8221;1&#8243; fullwidth=&#8221;on&#8221; _builder_version=&#8221;4.20.4&#8243; _module_preset=&#8221;default&#8221; global_colors_info=&#8221;{}&#8221;][et_pb_fullwidth_image src=&#8221;https:\/\/roquetes.cat\/web\/wp-content\/uploads\/2023\/04\/1.jpg&#8221; title_text=&#8221;1&#8243; _builder_version=&#8221;4.20.4&#8243; _module_preset=&#8221;default&#8221; global_colors_info=&#8221;{}&#8221;][\/et_pb_fullwidth_image][\/et_pb_section][et_pb_section fb_built=&#8221;1&#8243; _builder_version=&#8221;4.20.4&#8243; _module_preset=&#8221;default&#8221; global_colors_info=&#8221;{}&#8221;][et_pb_row _builder_version=&#8221;4.20.4&#8243; _module_preset=&#8221;default&#8221; global_colors_info=&#8221;{}&#8221;][et_pb_column type=&#8221;4_4&#8243; _builder_version=&#8221;4.20.4&#8243; _module_preset=&#8221;default&#8221; global_colors_info=&#8221;{}&#8221;][et_pb_text _builder_version=&#8221;4.21.0&#8243; _module_preset=&#8221;default&#8221; hover_enabled=&#8221;0&#8243; global_colors_info=&#8221;{}&#8221; sticky_enabled=&#8221;0&#8243;]<\/p>\n<h1>Serveis Socials<\/h1>\n<p>S\u00f3n el punt d\u2019acc\u00e9s immediat al sistema c\u00e1tala de serveis socials, s\u00f3n els m\u00e9s propers als ciutadans. Tenen com a finalitat atendre les necessitats socials m\u00e9s b\u00e0siques de les persones i les fam\u00edlies, aix\u00ed com prevenir situacions de risc o exclusi\u00f3 social.<\/p>\n<h4>Qui en forma part?<\/h4>\n<p>Som un equip multiprofesional format per una treballadora social, una educadora, una agent d\u2019acollida per a immigrants, les treballadores familiars i properament les educadores del Centre Obert.<\/p>\n<p>Les nostres funcions s\u00f3n:<\/p>\n<ul>\n<li>\n<div>Informar, orientar i asesorar sobre recursos i serveis.<\/div>\n<\/li>\n<li>\n<div>Tramitaci\u00f3 de prestaci\u00f3 i serveis.<\/div>\n<\/li>\n<\/ul>\n<p>Suport personalitzat.<\/p>\n<p>Gesti\u00f3 dels serveis d\u2019atenci\u00f3 domiciliar\u00eda<\/p>\n<ul>\n<li>Treball Social Comunitari.<\/li>\n<li>Detecci\u00f3 i prevenci\u00f3 de situacions de risc i exclusi\u00f3 social.<\/li>\n<\/ul>\n<h4>Amb qui treballem?<\/h4>\n<p>Fam\u00edlia, inf\u00e0ncia i adolesc\u00e8ncia<\/p>\n<p>Gesti\u00f3 i\/o tramitaci\u00f3 de prestacions econ\u00f2miques: ajut a fam\u00edlies amb infants menors de 3-6 anys, beques de llibres, menjador, llar d\u2019infants&#8230;<\/p>\n<ul>\n<li>\n<div>Informaci\u00f3, orientaci\u00f3 i formaci\u00f3 a fam\u00edlies.<\/div>\n<\/li>\n<li>\n<div>Dinamitzaci\u00f3 d\u2019activitats d\u2019educaci\u00f3 en el lleure.<\/div>\n<\/li>\n<\/ul>\n<p>Dona<\/p>\n<ul>\n<li>Atenci\u00f3 i suport en situacions de violencia de g\u00e8nere.<\/li>\n<li>Dianitzaci\u00f3 del teixit associatiu.<\/li>\n<li>Suport a la inserci\u00f3 laboral.<\/li>\n<\/ul>\n<p>Persones amb disminuci\u00f3<\/p>\n<p>Tramitaci\u00f3 de prestacions: pensions no contributives d\u2019invalidesa, informaci\u00f3 i gesti\u00f3 del programa d\u2019ajudes especifiques per a persones en disminuci\u00f3, ajudes t\u00e8cniques, serveis d\u2019atenci\u00f3 personal i domiciliar\u00eda, ajuts per a l\u2019obetnci\u00f3 del carnet de conduir i adaptaci\u00f3 de vehicle&#8230;.<\/p>\n<ul>\n<li>Tramitaci\u00f3 de serveis i recursos: reconeixement del grau de disminuci\u00f3, tarja d\u2019aparcament .<\/li>\n<li>Orientaci\u00f3 a la formaci\u00f3 i a l\u2019obenci\u00f3 de llocas de treball protegits<\/li>\n<\/ul>\n<p>Ciutadania i immigraci\u00f3<\/p>\n<ul>\n<li>Acollida dels nous vinguts: servei de traducci\u00f3, informaci\u00f3 de tr\u00e0mits, mediaci\u00f3<\/li>\n<li>Punt de trobada: taller d\u2019acolliment ling\u00fc\u00edstic i cultural.<\/li>\n<\/ul>\n<h4>Ajuda a domicili<\/h4>\n<p>\u00c9s un instrument d&#8217;actuaci\u00f3 dels Serveis Socials d&#8217;Atenci\u00f3 Prim\u00e0ria que es materialitza en la realitzaci\u00f3 d&#8217;accions organitzades per prestar suport personal, atenci\u00f3 i ajut, especialment a les persones amb dificultats de desenvolupament, manca d&#8217;autonomia personal, disminuci\u00f3 o una problem\u00e0tica familiar especial, despla\u00e7ant els serveis necessaris al domicili, per tal d&#8217;evitar o retardar situacions d&#8217;internament i mantenir l&#8217;usuari\/a en el seu medi amb garanties d&#8217;una atenci\u00f3 adequada. El professional que es responsabilitza de l&#8217;execuci\u00f3 i gesti\u00f3 directa de\u00a0<a title=\"Enlla\u00e7 a l'apartat Ajuda a Domicili de la secci\u00f3 Ajuda a Domicili\" href=\"http:\/\/www.baixebre.cat\/serveis-socials-ajuda-domicili.asp\">serveis d&#8217;atenci\u00f3 domicili\u00e0ria<\/a>, d&#8217;acord amb un pla d&#8217;intervenci\u00f3 definit per l&#8217;equip d&#8217;atenci\u00f3 social prim\u00e0ria, \u00e9s el treballador\/a familiar. Algunes de les tasques que realitza el treballador\/a familiar s\u00f3n:<\/p>\n<ul>\n<li>Control de l&#8217;alimentaci\u00f3.<\/li>\n<li>Control de la medicaci\u00f3.<\/li>\n<li>Higiene corporal.<\/li>\n<li>Acompanyament fora de la llar.<\/li>\n<li>Suport personal.<\/li>\n<li>Ordre i neteja de la llar i de la roba.<\/li>\n<li>Compra i preparaci\u00f3 d&#8217;\u00e0pats.<\/li>\n<li>Afavorir la relaci\u00f3 i la comunicaci\u00f3 amb l&#8217;exterior.<\/li>\n<li>Tamb\u00e9 es realitza una modalitat d&#8217;ajuda a domicili mitjan\u00e7ant Teleassist\u00e8ncia.<\/li>\n<\/ul>\n<p>Per informaci\u00f3 i tr\u00e0mit adre\u00e7ar-se als serveis socials de ll\u2019Ajuntament. Servei de teleassist\u00e8ncia<\/p>\n<p>El servei de\u00a0<a title=\"Enlla\u00e7 a l'apartat Servei de Teleasist\u00e8ncia de la secci\u00f3 Ajuda a Domicili\" href=\"http:\/\/www.baixebre.cat\/serveis-socials-teleassistencia.asp\">Teleassist\u00e8ncia<\/a>\u00a0\u00e9s una modalitat dels serveis d&#8217;atenci\u00f3 domicili\u00e0ria el qual, amb la tecnologia adequada, ofereix als usuaris\/es una atenci\u00f3 permanent i a dist\u00e0ncia, assegurant una resposta r\u00e0pida a les eventualitats que els puguin sorgir. El servei de teleassist\u00e8ncia permet a l&#8217;usuari\/a, amb un sistema f\u00e0cil d&#8217;operar, estar connectat permanentment a una central d&#8217;alarma i entrar en contacte verbal amb un centre d&#8217;atenci\u00f3 at\u00e8s per professionals capacitats per donar una resposta adequada a qualsevol tipus d&#8217;emerg\u00e8ncia, b\u00e9 per s\u00ed mateixos o mobilitzant altres recursos humans i materials, propis de l&#8217;usuari o existents en la comunitat.<\/p>\n<ul>\n<li>Aquest servei va destinat priorit\u00e0riament a persones de m\u00e9s de 85 anys que viuen soles i no necessiten ajuda personal d&#8217;una tercera persona.<\/li>\n<li>A persones menors d&#8217;aquesta edat que viuen soles amb un alt grau de depend\u00e8ncia i que no necessiten ajuda permanent de tercera persona.<\/li>\n<li>A altres persones que per la seva situaci\u00f3 social, familiar o m\u00e8dica ho requereixin.<\/li>\n<\/ul>\n<p>Actualment tamb\u00e9 \u00e9s tramita aquesta ajuda recurs per a les v\u00edctimes de la violencia de g\u00e8nere. Per a informaci\u00f3 i tr\u00e0mits adre\u00e7ar-se als Serveis Socials de l\u2019Ajuntament. Ajuts Per a L&#8217;adquisici\u00f3 de llibres i l&#8217;assist\u00e8ncia a llar d&#8217;infants, a col\u00f2nies i campaments<\/p>\n<p>Aquests ajuts els poden sol.licitar als alumnes que assisteixen als centres d&#8217;educaci\u00f3 infantil, prim\u00e0ria i secund\u00e0ria, p\u00fablics i privats concertats, centres d&#8217;educaci\u00f3 especial i llars d&#8217;infants. Tamb\u00e9 s&#8217;adrecen als nois\/es perqu\u00e8 participen a l&#8217;estiu en col\u00f2nies o campaments, organitzades per entitats de lleure. Els ajuts es poden sol\u00b7licitar als Serveis Socials del municipi de la comarca o al\u00a0<a title=\"Enlla\u00e7 a l'apartat contacta d'aquest lloc web\" href=\"http:\/\/www.baixebre.cat\/contacta.asp\">Departament de Serveis socials de Consell Comarcal<\/a>.<\/p>\n<p>Ajuts per al transport urb\u00e0 de la l\u00ednia tortosa-roquetes-raval de cristo<\/p>\n<p>Aquest ajut consisteix en un abonament fins a un m\u00e0xim del 60% en l\u2019adquisici\u00f3 dels bitllets de transport p\u00fablic de la l\u00ednia abans esmentada, per a les persones majors de 65 anys amb una invalides permanent o disminucions, econ\u00f2micament necessitaedes, i per a estudiants matriculats en centres p\u00fablics o privats.<\/p>\n<h4>Punts de trobada<\/h4>\n<p>Taller d\u2019iniciaci\u00f3 a l\u2019aprenentatge de la llengua, cultura i recursos, per tal d\u2019assolir coneixements b\u00e0sics i integrar-se de manera positiva en el seu entorn m\u00e9s proper.<\/p>\n<ul>\n<li>Es realitzen a Roquetes les dimarts i dimecres de 15\u201915 a 16\u201945<\/li>\n<li>Es realitzen a la Raval de Crist en dilluns i divendres de 15\u201915 a 16\u201945.<\/li>\n<\/ul>\n<p>&nbsp;<\/p>\n<blockquote>\n<h5 class=\"et_pb_toggle_title\"><strong>SERVEIS SOCIALS<\/strong><\/h5>\n<\/blockquote>\n<div class=\"et_pb_toggle_content clearfix\">\n<blockquote>\n<p>Carrer del Canal, 11 \u2013 Planta Baixa<br \/>43520 Roquetes (Tarragona)<\/p>\n<p><strong>DADES DE CONTACTE<\/strong><br \/>Tel.977 502 321<br \/>s.socials@roquetes.cat<\/p>\n<\/blockquote>\n<\/div>\n<p>[\/et_pb_text][\/et_pb_column][\/et_pb_row][\/et_pb_section]<\/p>\n","protected":false},"excerpt":{"rendered":"<p>Serveis Socials S\u00f3n el punt d\u2019acc\u00e9s immediat al sistema c\u00e1tala de serveis socials, s\u00f3n els m\u00e9s propers als ciutadans. Tenen com a finalitat atendre les necessitats socials m\u00e9s b\u00e0siques de les persones i les fam\u00edlies, aix\u00ed com prevenir situacions de risc o exclusi\u00f3 social. Qui en forma part? Som un equip multiprofesional format per una [&hellip;]<\/p>\n","protected":false},"author":2,"featured_media":0,"parent":0,"menu_order":0,"comment_status":"closed","ping_status":"closed","template":"","meta":{"_et_pb_use_builder":"on","_et_pb_old_content":"","_et_gb_content_width":"","footnotes":""},"class_list":["post-4476","page","type-page","status-publish","hentry"],"_links":{"self":[{"href":"https:\/\/roquetes.cat\/web\/wp-json\/wp\/v2\/pages\/4476","targetHints":{"allow":["GET"]}}],"collection":[{"href":"https:\/\/roquetes.cat\/web\/wp-json\/wp\/v2\/pages"}],"about":[{"href":"https:\/\/roquetes.cat\/web\/wp-json\/wp\/v2\/types\/page"}],"author":[{"embeddable":true,"href":"https:\/\/roquetes.cat\/web\/wp-json\/wp\/v2\/users\/2"}],"replies":[{"embeddable":true,"href":"https:\/\/roquetes.cat\/web\/wp-json\/wp\/v2\/comments?post=4476"}],"version-history":[{"count":4,"href":"https:\/\/roquetes.cat\/web\/wp-json\/wp\/v2\/pages\/4476\/revisions"}],"predecessor-version":[{"id":6948,"href":"https:\/\/roquetes.cat\/web\/wp-json\/wp\/v2\/pages\/4476\/revisions\/6948"}],"wp:attachment":[{"href":"https:\/\/roquetes.cat\/web\/wp-json\/wp\/v2\/media?parent=4476"}],"curies":[{"name":"wp","href":"https:\/\/api.w.org\/{rel}","templated":true}]}}