{"id":4046,"date":"2023-03-22T13:27:26","date_gmt":"2023-03-22T11:27:26","guid":{"rendered":"https:\/\/roquetes.cat\/web\/?page_id=4046"},"modified":"2023-05-29T11:24:06","modified_gmt":"2023-05-29T09:24:06","slug":"oferta-de-treball-auxiliar-administratiu","status":"publish","type":"page","link":"https:\/\/roquetes.cat\/web\/oferta-de-treball-auxiliar-administratiu\/","title":{"rendered":"Oferta de treball: Auxiliar Administratiu"},"content":{"rendered":"<p>[et_pb_section fb_built=&#8221;1&#8243; fullwidth=&#8221;on&#8221; _builder_version=&#8221;4.20.2&#8243; _module_preset=&#8221;default&#8221; global_colors_info=&#8221;{}&#8221;][et_pb_fullwidth_image src=&#8221;https:\/\/roquetes.cat\/web\/wp-content\/uploads\/2022\/11\/Diseno-sin-titulo-1.png&#8221; title_text=&#8221;Dise\u00f1o sin t\u00edtulo (1)&#8221; _builder_version=&#8221;4.21.0&#8243; _module_preset=&#8221;default&#8221; global_colors_info=&#8221;{}&#8221;][\/et_pb_fullwidth_image][\/et_pb_section][et_pb_section fb_built=&#8221;1&#8243; _builder_version=&#8221;4.20.2&#8243; _module_preset=&#8221;default&#8221; global_colors_info=&#8221;{}&#8221;][et_pb_row _builder_version=&#8221;4.20.2&#8243; _module_preset=&#8221;default&#8221; global_colors_info=&#8221;{}&#8221;][et_pb_column type=&#8221;4_4&#8243; _builder_version=&#8221;4.20.2&#8243; _module_preset=&#8221;default&#8221; global_colors_info=&#8221;{}&#8221;][et_pb_text _builder_version=&#8221;4.21.0&#8243; _module_preset=&#8221;default&#8221; custom_padding=&#8221;|15px||15px|false|false&#8221; hover_enabled=&#8221;0&#8243; global_colors_info=&#8221;{}&#8221; sticky_enabled=&#8221;0&#8243;]<\/p>\n<h4><strong>CONCURS OPOSICI\u00d3 LLIURE, AMB CAR\u00c0CTER D\u2019URG\u00c8NCIA, D\u2019UNA BORSA DE TREBALL D\u2019AUXILIARS ADMINISTRATIUS\/VES DE L\u2019AJUNTAMENT DE ROQUETES<\/strong><\/h4>\n<p>&nbsp;<\/p>\n<table style=\"height: 231px;\" border=\"1\" cellspacing=\"0\">\n<colgroup span=\"2\" width=\"225\"><\/colgroup>\n<tbody>\n<tr style=\"height: 23px;\">\n<td style=\"height: 33px; width: 254.328px;\" align=\"left\" height=\"17\"><img decoding=\"async\" class=\"alignnone wp-image-4057 size-full lazyload\" style=\"--smush-placeholder-width: 50px; --smush-placeholder-aspect-ratio: 50\/50;vertical-align: middle;\" data-src=\"https:\/\/roquetes.cat\/web\/wp-content\/uploads\/2023\/03\/docs.jpg\" alt=\"\" width=\"50\" height=\"50\" src=\"data:image\/svg+xml;base64,PHN2ZyB3aWR0aD0iMSIgaGVpZ2h0PSIxIiB4bWxucz0iaHR0cDovL3d3dy53My5vcmcvMjAwMC9zdmciPjwvc3ZnPg==\" \/><a href=\"https:\/\/tauler.seu.cat\/pagDetall.do?idEdicte=425868&amp;idens=4313310007\"><strong>Veure document<\/strong><\/a><\/td>\n<td style=\"background-color: #ffffe6; height: 33px; width: 824.672px;\" align=\"left\">Llistat provisional de persones admeses i excloses; composici\u00f3 del tribunal qualificador, data, lloc i hora de realitzaci\u00f3 de proves, de la borsa de treball d&#8217;auxiliars administratius\/ves<\/td>\n<\/tr>\n<tr style=\"height: 23px;\">\n<td style=\"height: 33px; width: 254.328px;\" align=\"left\" height=\"17\"><img decoding=\"async\" class=\"alignnone wp-image-4057 size-full lazyload\" style=\"--smush-placeholder-width: 50px; --smush-placeholder-aspect-ratio: 50\/50;vertical-align: middle;\" data-src=\"https:\/\/roquetes.cat\/web\/wp-content\/uploads\/2023\/03\/docs.jpg\" alt=\"\" width=\"50\" height=\"50\" src=\"data:image\/svg+xml;base64,PHN2ZyB3aWR0aD0iMSIgaGVpZ2h0PSIxIiB4bWxucz0iaHR0cDovL3d3dy53My5vcmcvMjAwMC9zdmciPjwvc3ZnPg==\" \/><a href=\"https:\/\/tauler.seu.cat\/pagDetall.do?idEdicte=428397&amp;idens=4313310007\"><strong>Veure document<\/strong><\/a><\/td>\n<td style=\"background-color: #ffffe6; height: 33px; width: 824.672px;\" align=\"left\">Decret llista definitiva, de la borsa de treball d&#8217;auxiliars administratius\/ves<\/td>\n<\/tr>\n<tr style=\"height: 23px;\">\n<td style=\"height: 33px; width: 254.328px;\" align=\"left\" height=\"17\"><img decoding=\"async\" class=\"alignnone wp-image-4057 size-full lazyload\" style=\"--smush-placeholder-width: 50px; --smush-placeholder-aspect-ratio: 50\/50;vertical-align: middle;\" data-src=\"https:\/\/roquetes.cat\/web\/wp-content\/uploads\/2023\/03\/docs.jpg\" alt=\"\" width=\"50\" height=\"50\" src=\"data:image\/svg+xml;base64,PHN2ZyB3aWR0aD0iMSIgaGVpZ2h0PSIxIiB4bWxucz0iaHR0cDovL3d3dy53My5vcmcvMjAwMC9zdmciPjwvc3ZnPg==\" \/><a href=\"https:\/\/tauler.seu.cat\/pagDetall.do?idEdicte=428397&amp;idens=4313310007\"><strong>Veure document<\/strong><\/a><\/td>\n<td style=\"background-color: #ffffe6; height: 33px; width: 824.672px;\" align=\"left\">Decret llista definitiva, de la borsa de treball d&#8217;auxiliars administratius\/ves<\/td>\n<\/tr>\n<tr style=\"height: 23px;\">\n<td style=\"height: 33px; width: 254.328px;\" align=\"left\" height=\"17\"><img decoding=\"async\" class=\"alignnone wp-image-4057 size-full lazyload\" style=\"--smush-placeholder-width: 50px; --smush-placeholder-aspect-ratio: 50\/50;vertical-align: middle;\" data-src=\"https:\/\/roquetes.cat\/web\/wp-content\/uploads\/2023\/03\/docs.jpg\" alt=\"\" width=\"50\" height=\"50\" src=\"data:image\/svg+xml;base64,PHN2ZyB3aWR0aD0iMSIgaGVpZ2h0PSIxIiB4bWxucz0iaHR0cDovL3d3dy53My5vcmcvMjAwMC9zdmciPjwvc3ZnPg==\" \/><a href=\"https:\/\/tauler.seu.cat\/pagDetall.do?idEdicte=429081&amp;idens=4313310007\"><strong>Veure document<\/strong><\/a><\/td>\n<td style=\"background-color: #ffffe6; height: 33px; width: 824.672px;\" align=\"left\">Resultats 1er. Exercici. Coneixement de la llengua catalana<\/td>\n<\/tr>\n<tr style=\"height: 23px;\">\n<td style=\"height: 33px; width: 254.328px;\" align=\"left\" height=\"17\"><img decoding=\"async\" class=\"alignnone wp-image-4057 size-full lazyload\" style=\"--smush-placeholder-width: 50px; --smush-placeholder-aspect-ratio: 50\/50;vertical-align: middle;\" data-src=\"https:\/\/roquetes.cat\/web\/wp-content\/uploads\/2023\/03\/docs.jpg\" alt=\"\" width=\"50\" height=\"50\" src=\"data:image\/svg+xml;base64,PHN2ZyB3aWR0aD0iMSIgaGVpZ2h0PSIxIiB4bWxucz0iaHR0cDovL3d3dy53My5vcmcvMjAwMC9zdmciPjwvc3ZnPg==\" \/><a href=\"https:\/\/tauler.seu.cat\/pagDetall.do?idEdicte=429083&amp;idens=4313310007\"><strong>Veure document<\/strong><\/a><\/td>\n<td style=\"background-color: #ffffe6; height: 33px; width: 824.672px;\" align=\"left\">Resultats 2on. Exercici. Coneixement de llengua espanyola<\/td>\n<\/tr>\n<tr style=\"height: 23px;\">\n<td style=\"height: 33px; width: 254.328px;\" align=\"left\" height=\"17\"><img decoding=\"async\" class=\"alignnone wp-image-4057 size-full lazyload\" style=\"--smush-placeholder-width: 50px; --smush-placeholder-aspect-ratio: 50\/50;vertical-align: middle;\" data-src=\"https:\/\/roquetes.cat\/web\/wp-content\/uploads\/2023\/03\/docs.jpg\" alt=\"\" width=\"50\" height=\"50\" src=\"data:image\/svg+xml;base64,PHN2ZyB3aWR0aD0iMSIgaGVpZ2h0PSIxIiB4bWxucz0iaHR0cDovL3d3dy53My5vcmcvMjAwMC9zdmciPjwvc3ZnPg==\" \/><a href=\"https:\/\/tauler.seu.cat\/pagDetall.do?idEdicte=429085&amp;idens=4313310007\"><strong>Veure document<\/strong><\/a><\/td>\n<td style=\"background-color: #ffffe6; height: 33px; width: 824.672px;\" align=\"left\">Resultats 3er. Exercici. Prova de coneixements de compet\u00e8ncia en tecnologies de la informaci\u00f3 i la comunicaci\u00f3<\/td>\n<\/tr>\n<tr style=\"height: 23px;\">\n<td style=\"height: 33px; width: 254.328px;\" align=\"left\" height=\"17\"><img decoding=\"async\" class=\"alignnone wp-image-4057 size-full lazyload\" style=\"--smush-placeholder-width: 50px; --smush-placeholder-aspect-ratio: 50\/50;vertical-align: middle;\" data-src=\"https:\/\/roquetes.cat\/web\/wp-content\/uploads\/2023\/03\/docs.jpg\" alt=\"\" width=\"50\" height=\"50\" src=\"data:image\/svg+xml;base64,PHN2ZyB3aWR0aD0iMSIgaGVpZ2h0PSIxIiB4bWxucz0iaHR0cDovL3d3dy53My5vcmcvMjAwMC9zdmciPjwvc3ZnPg==\" \/><a href=\"https:\/\/tauler.seu.cat\/pagDetall.do?idEdicte=429098&amp;idens=4313310007\"><strong>Veure document<\/strong><\/a><\/td>\n<td style=\"background-color: #ffffe6; height: 33px; width: 824.672px;\" align=\"left\">Resultats 4t. Exercici. Prova te\u00f2rica<\/td>\n<\/tr>\n<tr style=\"height: 23px;\">\n<td style=\"height: 33px; width: 254.328px;\" align=\"left\" height=\"17\"><img decoding=\"async\" class=\"alignnone wp-image-4057 size-full lazyload\" style=\"--smush-placeholder-width: 50px; --smush-placeholder-aspect-ratio: 50\/50;vertical-align: middle;\" data-src=\"https:\/\/roquetes.cat\/web\/wp-content\/uploads\/2023\/03\/docs.jpg\" alt=\"\" width=\"50\" height=\"50\" src=\"data:image\/svg+xml;base64,PHN2ZyB3aWR0aD0iMSIgaGVpZ2h0PSIxIiB4bWxucz0iaHR0cDovL3d3dy53My5vcmcvMjAwMC9zdmciPjwvc3ZnPg==\" \/><a href=\"https:\/\/roquetes.cat\/web\/wp-content\/uploads\/2023\/05\/B-A-A_2023-05-16_4T-exercici_proves-amb-solucions-web.pdf\"><strong>Veure document<\/strong><\/a><\/td>\n<td style=\"background-color: #ffffe6; height: 33px; width: 824.672px;\" align=\"left\">Document plantilla de correcci\u00f3 i resultats del 4t exercici. Prova te\u00f2rica<\/td>\n<\/tr>\n<tr style=\"height: 23px;\">\n<td style=\"height: 33px; width: 254.328px;\" align=\"left\" height=\"17\"><img decoding=\"async\" class=\"alignnone wp-image-4057 size-full lazyload\" style=\"--smush-placeholder-width: 50px; --smush-placeholder-aspect-ratio: 50\/50;vertical-align: middle;\" data-src=\"https:\/\/roquetes.cat\/web\/wp-content\/uploads\/2023\/03\/docs.jpg\" alt=\"\" width=\"50\" height=\"50\" src=\"data:image\/svg+xml;base64,PHN2ZyB3aWR0aD0iMSIgaGVpZ2h0PSIxIiB4bWxucz0iaHR0cDovL3d3dy53My5vcmcvMjAwMC9zdmciPjwvc3ZnPg==\" \/><a href=\"https:\/\/tauler.seu.cat\/pagDetall.do?idEdicte=429449&amp;idens=4313310007\"><strong>Veure document<\/strong><\/a><\/td>\n<td style=\"background-color: #ffffe6; height: 33px; width: 824.672px;\" align=\"left\">Resultats finals fase oposici\u00f3<\/td>\n<\/tr>\n<tr>\n<td style=\"width: 254.328px;\"><a href=\"https:\/\/tauler.seu.cat\/pagDetall.do?idEdicte=430722&amp;idens=4313310007\"><img decoding=\"async\" class=\"alignnone wp-image-4057 size-full lazyload\" style=\"--smush-placeholder-width: 50px; --smush-placeholder-aspect-ratio: 50\/50;vertical-align: middle;\" data-src=\"https:\/\/roquetes.cat\/web\/wp-content\/uploads\/2023\/03\/docs.jpg\" alt=\"\" width=\"50\" height=\"50\" src=\"data:image\/svg+xml;base64,PHN2ZyB3aWR0aD0iMSIgaGVpZ2h0PSIxIiB4bWxucz0iaHR0cDovL3d3dy53My5vcmcvMjAwMC9zdmciPjwvc3ZnPg==\" \/><strong>Veure document<\/strong><\/a><\/td>\n<td style=\"background-color: #ffffe6; width: 824.672px;\">Resultats finals fase concurs<\/td>\n<\/tr>\n<tr>\n<td style=\"width: 254.328px;\"><a href=\"https:\/\/tauler.seu.cat\/pagDetall.do?idEdicte=431787&amp;idens=4313310007\"><img decoding=\"async\" class=\"alignnone wp-image-4057 size-full lazyload\" style=\"--smush-placeholder-width: 50px; --smush-placeholder-aspect-ratio: 50\/50;vertical-align: middle;\" data-src=\"https:\/\/roquetes.cat\/web\/wp-content\/uploads\/2023\/03\/docs.jpg\" alt=\"\" width=\"50\" height=\"50\" src=\"data:image\/svg+xml;base64,PHN2ZyB3aWR0aD0iMSIgaGVpZ2h0PSIxIiB4bWxucz0iaHR0cDovL3d3dy53My5vcmcvMjAwMC9zdmciPjwvc3ZnPg==\" \/><strong>Veure document<\/strong><\/a><\/td>\n<td style=\"background-color: #ffffe6; width: 824.672px;\"><span>Resultats<\/span><span> finals fase de concurs \u2013 oposici\u00f3<\/span><\/td>\n<\/tr>\n<\/tbody>\n<\/table>\n<p>&nbsp;<\/p>\n<p>[\/et_pb_text][et_pb_text _builder_version=&#8221;4.21.0&#8243; _module_preset=&#8221;default&#8221; custom_padding=&#8221;|15px||15px|false|false&#8221; global_colors_info=&#8221;{}&#8221;]<\/p>\n<p>\ud83d\udd34 <strong>Termini tancat<\/strong><\/p>\n<table style=\"height: 522px; width: 100%;\" border=\"1\" width=\"100%\" cellspacing=\"0\">\n<colgroup span=\"2\" width=\"225\"><\/colgroup>\n<tbody>\n<tr style=\"height: 23px;\">\n<td style=\"background-color: #eceded; height: 23px; width: 99.9342%; text-align: left;\" colspan=\"2\" align=\"center\" height=\"17\"><b>DETALL DEL PROC\u00c9S SELECTIU PER A LA CONSTITUCI\u00d3, MITJAN\u00c7ANT CONCURS OPOSICI\u00d3 LLIURE,<br \/>AMB CAR\u00c0CTER D\u2019URG\u00c8NCIA, D\u2019UNA BORSA DE TREBALL D\u2019AUXILIARS<br \/>ADMINISTRATIUS\/VES<\/b><\/td>\n<\/tr>\n<tr style=\"height: 23px;\">\n<td style=\"height: 23px; width: 16.0632%;\" align=\"left\" height=\"17\"><b>Data de publicaci\u00f3:<\/b><\/td>\n<td style=\"height: 23px; width: 83.871%;\" align=\"left\">22\/03\/23<\/td>\n<\/tr>\n<tr style=\"height: 32px;\">\n<td style=\"height: 32px; width: 16.0632%;\" align=\"left\" height=\"32\"><b>Nom de l\u2019oferta de treball:<\/b><\/td>\n<td style=\"height: 32px; width: 83.871%;\" align=\"left\">BASES PER A LA CONSTITUCI\u00d3, MITJAN\u00c7ANT CONCURS OPOSICI\u00d3 LLIURE,<br \/>AMB CAR\u00c0CTER D\u2019URG\u00c8NCIA, D\u2019UNA BORSA DE TREBALL D\u2019AUXILIARS<br \/>ADMINISTRATIUS\/VES DE L\u2019AJUNTAMENT DE ROQUETES<\/td>\n<\/tr>\n<tr style=\"height: 23px;\">\n<td style=\"height: 23px; width: 16.0632%;\" align=\"left\" height=\"17\"><b>Categoria:<\/b><\/td>\n<td style=\"height: 23px; width: 83.871%;\" align=\"left\">C2<\/td>\n<\/tr>\n<tr style=\"height: 23px;\">\n<td style=\"height: 23px; width: 16.0632%;\" align=\"left\" height=\"17\"><b>Organisme que contracta:<\/b><\/td>\n<td style=\"height: 23px; width: 83.871%;\" align=\"left\">Ajuntament de Roquetes<\/td>\n<\/tr>\n<tr style=\"height: 23px;\">\n<td style=\"height: 23px; width: 16.0632%;\" align=\"left\" height=\"17\"><b>Consulta les bases de l&#8217;oferta:<\/b><\/td>\n<td style=\"height: 23px; width: 83.871%;\" align=\"left\"><a href=\"https:\/\/roquetes.cat\/web\/wp-content\/uploads\/2022\/11\/Decret-Anunci-signat.pdf\"><img decoding=\"async\" class=\"wp-image-4057 alignnone size-full lazyload\" style=\"--smush-placeholder-width: 50px; --smush-placeholder-aspect-ratio: 50\/50;vertical-align: middle;\" data-src=\"https:\/\/roquetes.cat\/web\/wp-content\/uploads\/2023\/03\/docs.jpg\" alt=\"\" width=\"50\" height=\"50\" src=\"data:image\/svg+xml;base64,PHN2ZyB3aWR0aD0iMSIgaGVpZ2h0PSIxIiB4bWxucz0iaHR0cDovL3d3dy53My5vcmcvMjAwMC9zdmciPjwvc3ZnPg==\" \/>CONSULTA LES BASES<\/a><\/td>\n<\/tr>\n<tr style=\"height: 375px;\">\n<td style=\"height: 375px; width: 16.0632%;\" align=\"left\" height=\"375\"><strong>Instruccions per presentar la sol\u00b7licitud:<\/strong><\/td>\n<td style=\"height: 375px; width: 83.871%;\" align=\"left\"><strong>Primer pas:<\/strong><br \/>Preparar la documentaci\u00f3 seg\u00fcent:<\/p>\n<ul>\n<li>NIF \/ document acreditatiu de la nacionalitat.<\/li>\n<li>Titulaci\u00f3 exigida, d&#8217;acord amb les bases.<\/li>\n<li>Certificat acreditatiu dels coneixements de llengua catalana exigits en la convocat\u00f2ria nivell de sufici\u00e8ncia (C1).<\/li>\n<li>Curr\u00edculum vitae<\/li>\n<li>Certificaci\u00f3 acreditativa de compet\u00e8ncies en tecnologies de la informaci\u00f3 i la comunicaci\u00f3 (ACTIC nivell mitj\u00e0)<\/li>\n<li>Informe vida laboral em\u00e8s per la Tresoreria General de la Seguretat Social TGSS, a data de presentaci\u00f3 de la sol\u00b7licitud.<\/li>\n<li>Informe dels per\u00edodes de desocupaci\u00f3 em\u00e8s per l&#8217;Oficina de Treball de la Generalitat OTG a la data de presentaci\u00f3 de la sol\u00b7licitud.<\/li>\n<li>Justificant acreditatiu del pagament dels drets d&#8217;examen \/ document acreditatiu de l&#8217;exempci\u00f3 de pagament<span style=\"font-family: Liberation Serif;\"><br \/><\/span><\/li>\n<\/ul>\n<p><strong>Segon pas:<\/strong><br \/>Emplenar els formularis seg\u00fcents:<\/p>\n<p><a href=\"https:\/\/roquetes.cat\/web\/wp-content\/uploads\/2023\/04\/Model-Sollicitud-borsa-auxiliars-adm-2023.pdf\" target=\"_blank\" rel=\"noopener\"><img decoding=\"async\" class=\"wp-image-4057 alignnone size-full lazyload\" style=\"--smush-placeholder-width: 50px; --smush-placeholder-aspect-ratio: 50\/50;vertical-align: middle;\" data-src=\"https:\/\/roquetes.cat\/web\/wp-content\/uploads\/2023\/03\/docs.jpg\" alt=\"\" width=\"50\" height=\"50\" src=\"data:image\/svg+xml;base64,PHN2ZyB3aWR0aD0iMSIgaGVpZ2h0PSIxIiB4bWxucz0iaHR0cDovL3d3dy53My5vcmcvMjAwMC9zdmciPjwvc3ZnPg==\" \/><\/a><strong>ACTUALITZAT!<\/strong> <a href=\"https:\/\/roquetes.cat\/web\/wp-content\/uploads\/2023\/04\/Model-Sollicitud-borsa-auxiliars-adm-2023.pdf\" target=\"_blank\" rel=\"noopener\">SOL\u00b7LICITUD BORSA DE TREBALL AUXILIARS ADMINISTRATIUS\/VES<\/a><\/p>\n<p><a href=\"https:\/\/roquetes.cat\/web\/wp-content\/uploads\/2022\/11\/Sollicitud-annex-merits.pdf\"><img decoding=\"async\" class=\"wp-image-4057 alignnone size-full lazyload\" style=\"--smush-placeholder-width: 50px; --smush-placeholder-aspect-ratio: 50\/50;vertical-align: middle;\" data-src=\"https:\/\/roquetes.cat\/web\/wp-content\/uploads\/2023\/03\/docs.jpg\" alt=\"\" width=\"50\" height=\"50\" src=\"data:image\/svg+xml;base64,PHN2ZyB3aWR0aD0iMSIgaGVpZ2h0PSIxIiB4bWxucz0iaHR0cDovL3d3dy53My5vcmcvMjAwMC9zdmciPjwvc3ZnPg==\" \/> QUADRE RESUM DELS M\u00c8RITS AL\u00b7LEGATS <\/a><\/p>\n<p><strong>Tercer pas:<\/strong><br \/>Presentar tota la documentaci\u00f3 anterior, ja sigui <strong>de forma presencial<\/strong> al Registre General de l\u2019Ajuntament de Roquetes \u2013 de les 9:00-14:00h, o <strong>de forma telem\u00e0tica<\/strong> com preveu l\u2019article 16 de la Llei 39\/2015, de 1 d\u2019octubre, del Procediment Administratiu Com\u00fa de les Administracions P\u00fabliques:<\/p>\n<p><a href=\"https:\/\/actio.dipta.cat\/catalegserveis\/id\/4313310007\/servei\/AT064_SERVE_00010?origen=seu\">\u2197\ufe0f Inst\u00e0ncia per a participar en una borsa de treball<\/a><\/p>\n<p><span style=\"font-family: Liberation Serif;\">\u00a0<\/span><\/p>\n<p>&nbsp;<\/p>\n<\/td>\n<\/tr>\n<\/tbody>\n<\/table>\n<p>[\/et_pb_text][\/et_pb_column][\/et_pb_row][\/et_pb_section]<\/p>\n","protected":false},"excerpt":{"rendered":"<p>CONCURS OPOSICI\u00d3 LLIURE, AMB CAR\u00c0CTER D\u2019URG\u00c8NCIA, D\u2019UNA BORSA DE TREBALL D\u2019AUXILIARS ADMINISTRATIUS\/VES DE L\u2019AJUNTAMENT DE ROQUETES &nbsp; Veure document Llistat provisional de persones admeses i excloses; composici\u00f3 del tribunal qualificador, data, lloc i hora de realitzaci\u00f3 de proves, de la borsa de treball d&#8217;auxiliars administratius\/ves Veure document Decret llista definitiva, de la borsa de treball [&hellip;]<\/p>\n","protected":false},"author":2,"featured_media":0,"parent":0,"menu_order":0,"comment_status":"closed","ping_status":"closed","template":"","meta":{"_et_pb_use_builder":"on","_et_pb_old_content":"","_et_gb_content_width":"","footnotes":""},"class_list":["post-4046","page","type-page","status-publish","hentry"],"_links":{"self":[{"href":"https:\/\/roquetes.cat\/web\/wp-json\/wp\/v2\/pages\/4046","targetHints":{"allow":["GET"]}}],"collection":[{"href":"https:\/\/roquetes.cat\/web\/wp-json\/wp\/v2\/pages"}],"about":[{"href":"https:\/\/roquetes.cat\/web\/wp-json\/wp\/v2\/types\/page"}],"author":[{"embeddable":true,"href":"https:\/\/roquetes.cat\/web\/wp-json\/wp\/v2\/users\/2"}],"replies":[{"embeddable":true,"href":"https:\/\/roquetes.cat\/web\/wp-json\/wp\/v2\/comments?post=4046"}],"version-history":[{"count":40,"href":"https:\/\/roquetes.cat\/web\/wp-json\/wp\/v2\/pages\/4046\/revisions"}],"predecessor-version":[{"id":7612,"href":"https:\/\/roquetes.cat\/web\/wp-json\/wp\/v2\/pages\/4046\/revisions\/7612"}],"wp:attachment":[{"href":"https:\/\/roquetes.cat\/web\/wp-json\/wp\/v2\/media?parent=4046"}],"curies":[{"name":"wp","href":"https:\/\/api.w.org\/{rel}","templated":true}]}}