{"id":18111,"date":"2026-01-21T12:05:14","date_gmt":"2026-01-21T11:05:14","guid":{"rendered":"https:\/\/roquetes.cat\/web\/?page_id=18111"},"modified":"2026-01-21T14:56:01","modified_gmt":"2026-01-21T13:56:01","slug":"padro","status":"publish","type":"page","link":"https:\/\/roquetes.cat\/web\/padro\/","title":{"rendered":"Padr\u00f3 d&#8217;habitants"},"content":{"rendered":"<p>[et_pb_section fb_built=&#8221;1&#8243; _builder_version=&#8221;4.27.5&#8243; _module_preset=&#8221;default&#8221; global_colors_info=&#8221;{}&#8221;][et_pb_row _builder_version=&#8221;4.27.5&#8243; _module_preset=&#8221;default&#8221; global_colors_info=&#8221;{}&#8221;][et_pb_column type=&#8221;4_4&#8243; _builder_version=&#8221;4.27.5&#8243; _module_preset=&#8221;default&#8221; global_colors_info=&#8221;{}&#8221;][et_pb_text _builder_version=&#8221;4.27.5&#8243; _module_preset=&#8221;default&#8221; global_colors_info=&#8221;{}&#8221;]<\/p>\n<h2 style=\"text-align: center;\"><strong>PADR\u00d3 D&#8217;HABITANTS<\/strong><\/h2>\n<p>[\/et_pb_text][\/et_pb_column][\/et_pb_row][et_pb_row _builder_version=&#8221;4.27.5&#8243; _module_preset=&#8221;default&#8221; custom_margin=&#8221;||||false|false&#8221; custom_padding=&#8221;|24px||24px|false|false&#8221; global_colors_info=&#8221;{}&#8221;][et_pb_column type=&#8221;4_4&#8243; _builder_version=&#8221;4.27.5&#8243; _module_preset=&#8221;default&#8221; global_colors_info=&#8221;{}&#8221;][et_pb_text _builder_version=&#8221;4.27.5&#8243; _module_preset=&#8221;default&#8221; hover_enabled=&#8221;0&#8243; global_colors_info=&#8221;{}&#8221; text_font_size=&#8221;16px&#8221; sticky_enabled=&#8221;0&#8243;]<\/p>\n<p>Per ser at\u00e8s pel Padr\u00f3 d&#8217;Habitants de l&#8217;Ajuntament de Roquetes \u00e9s necess\u00e0ria la petici\u00f3 d&#8217;una<strong> cita pr\u00e8via<\/strong> aix\u00ed com dur la <strong>documentaci\u00f3 necess\u00e0ria<\/strong>:<\/p>\n<p>[\/et_pb_text][et_pb_toggle title=&#8221;Documentaci\u00f3 necess\u00e0ria per empadronar-se o canviar-se de domicili&#8221; _builder_version=&#8221;4.27.5&#8243; _module_preset=&#8221;default&#8221; title_level=&#8221;h2&#8243; title_font=&#8221;|600|||||||&#8221; hover_enabled=&#8221;0&#8243; global_colors_info=&#8221;{}&#8221; body_font_size=&#8221;16px&#8221; sticky_enabled=&#8221;0&#8243;]<\/p>\n<p><strong>Documentaci\u00f3 vigent acreditativa de la identitat:<\/strong><\/p>\n<p>Espanyols: DNI (obligatori per a majors de 14 anys).<\/p>\n<p>Estrangers:<\/p>\n<ul>\n<li>Ciutadans d&#8217;Estats membres de la Uni\u00f3 Europea, Isl\u00e0ndia, Liechtenstein, Noruega i Su\u00efssa: Certificat de Registre de Ciutad\u00e0 de la Uni\u00f3, en el qu\u00e8 consta el n\u00famero d&#8217;identitat d&#8217;estranger (NIE), juntament amb el document acreditatiu de la identitat o passaport expedit per les autoritats del seu pa\u00eds.<\/li>\n<li>Resta: Targeta d&#8217;identitat d&#8217;estranger expedida per les autoritats espanyoles, en la que hi consta el N\u00famero d&#8217;Identitat d&#8217;Estranger (NIE) o, si no, passaport expedit per les autoritats del seu pa\u00eds.<\/li>\n<\/ul>\n<p>Menors d\u2019edat:<\/p>\n<ul>\n<li>Fins als 14 anys: Llibre de Fam\u00edlia o Certificat de naixement, sempre i quan no disposin de document identificatiu.<\/li>\n<li>Majors de 14 anys: els mateixos documents d\u2019identificaci\u00f3 exigits per als majors d\u2019edat.<\/li>\n<\/ul>\n<p><strong>Documentaci\u00f3 que acrediti la representaci\u00f3 de menors o incapacitats<\/strong><\/p>\n<p>Menors no emancipats: Llibre de Fam\u00edlia o Certificat de naixement.<\/p>\n<p>Empadronament amb un sol progenitor:<\/p>\n<ul>\n<li>Si existeix, resoluci\u00f3 judicial sobre la guarda i custodia.<\/li>\n<li>Consentiment de l\u2019altre progenitor o autoritzaci\u00f3 judicial, en virtut de l\u2019art. 154 del Codi Civil, per a dur a terme la modificaci\u00f3 de domicili o resid\u00e8ncia.<\/li>\n<li>Excepcionalment, en determinats sup\u00f2sits, declaraci\u00f3 responsable justificant la impossibilitat de disposar de la firma d\u2019un altre progenitor, segons el model facilitat per l\u2019Ajuntament.<\/li>\n<li>Si la guarda i cust\u00f2dia \u00e9s compartida i la resoluci\u00f3 no es pronuncia sobre el lloc d\u2019empadronament, s\u2019haur\u00e0 d\u2019aportar el mutu acord d\u2019ambd\u00f3s progenitors o una resoluci\u00f3 judicial que es pronunci\u00ef expressament sobre l\u2019empadronament.<\/li>\n<\/ul>\n<p>Persones amb discapacitat per a l\u2019exercici de la seva capacitat jur\u00eddica: autoritzaci\u00f3 o resoluci\u00f3 judicial que acrediti la representativitat.<\/p>\n<p><strong>Documentaci\u00f3 acreditativa del domicili<\/strong><\/p>\n<ul>\n<li>T\u00edtol de propietat (Escriptura, Nota del Registre &#8230;).<\/li>\n<li>Contracte d&#8217;arrendament de l&#8217;habitatge per a \u00fas de resid\u00e8ncia habitual, acompanyat de l&#8217;\u00faltim rebut de lloguer i del dip\u00f2sit de la fian\u00e7a a l\u2019INCASOL (art. 36.1 de la LAU).<\/li>\n<li>En cas d&#8217;Autoritzaci\u00f3 de persona empadronada: t\u00edtol acreditatiu de la possessi\u00f3 efectiva de l&#8217;habitatge (propietat, lloguer &#8230;) a nom de la mateixa.<\/li>\n<li>Quan s&#8217;emplenin o es presentin autoritzacions, aquestes hauran d\u2019anar acompanyades de la fotoc\u00f2pia del document d\u2019identitat de la persona que autoritza.<\/li>\n<\/ul>\n<p>[\/et_pb_toggle][et_pb_toggle title=&#8221;Petici\u00f3 de cita pr\u00e8via&#8221; _builder_version=&#8221;4.27.5&#8243; _module_preset=&#8221;default&#8221; title_level=&#8221;h2&#8243; title_font=&#8221;|600|||||||&#8221; hover_enabled=&#8221;0&#8243; custom_css_free_form=&#8221;.et_pb_button&#8221; global_colors_info=&#8221;{}&#8221; body_font_size=&#8221;16px&#8221; sticky_enabled=&#8221;0&#8243;]<\/p>\n<p><a href=\"https:\/\/web.eagora.app\/a\/roquetes\/booking\/calendar\/04ec1459-ab2e-4fb5-aa62-792e9928392e\" target=\"_blank\" class=\"et_pb_button\" rel=\"noopener\">Alta, Modificaci\u00f3, Certificat i\/o Volant<\/a><\/p>\n<p>Aquest servei permet al ciutad\u00e0 reservar cita pr\u00e8via per fer gestions al Padr\u00f3 d&#8217;Habitants de l&#8217;Ajuntament de Roquetes. Seleccioneu la vostra petici\u00f3, introdu\u00efu les vostres dades i seleccioneu la data que us vagi millor.<\/p>\n<p><a href=\"https:\/\/web.eagora.app\/a\/roquetes\/booking\/calendar\/99537f65-4f7e-4035-abb0-fd00da531cb5\" target=\"_blank\" class=\"et_pb_button\" rel=\"noopener\">Volant urgent<\/a><\/p>\n<p>Amb aquesta cita pr\u00e8via, es podr\u00e0 sol\u00b7licitar <strong>EXCLUSIVAMENT<\/strong> el volant d&#8217;empadronament. En cap cas es podr\u00e0 realitzar cap altre tr\u00e0mit al Padr\u00f3 d&#8217;Habitants.<\/p>\n<p>En cas de necessitar realitzar alguna modificaci\u00f3, alta o sol\u00b7licitar un certificat haur\u00e0 de sol\u00b7licitar cita a l&#8217;altre servei activat per a tal efecte.<\/p>\n<p>[\/et_pb_toggle][et_pb_toggle title=&#8221;Preguntes freq\u00fcents&#8221; disabled_on=&#8221;on|on|on&#8221; _builder_version=&#8221;4.27.5&#8243; _module_preset=&#8221;default&#8221; title_level=&#8221;h2&#8243; title_font=&#8221;|600|||||||&#8221; hover_enabled=&#8221;0&#8243; disabled=&#8221;on&#8221; global_colors_info=&#8221;{}&#8221; body_font_size=&#8221;16px&#8221; sticky_enabled=&#8221;0&#8243;]<\/p>\n<p>TEXT.<\/p>\n<p>[\/et_pb_toggle][\/et_pb_column][\/et_pb_row][\/et_pb_section]<\/p>\n","protected":false},"excerpt":{"rendered":"<p>PADR\u00d3 D&#8217;HABITANTSPer ser at\u00e8s pel Padr\u00f3 d&#8217;Habitants de l&#8217;Ajuntament de Roquetes \u00e9s necess\u00e0ria la petici\u00f3 d&#8217;una cita pr\u00e8via aix\u00ed com dur la documentaci\u00f3 necess\u00e0ria:Documentaci\u00f3 vigent acreditativa de la identitat: Espanyols: DNI (obligatori per a majors de 14 anys). Estrangers: Ciutadans d&#8217;Estats membres de la Uni\u00f3 Europea, Isl\u00e0ndia, Liechtenstein, Noruega i Su\u00efssa: Certificat de Registre de [&hellip;]<\/p>\n","protected":false},"author":2,"featured_media":0,"parent":0,"menu_order":0,"comment_status":"closed","ping_status":"closed","template":"","meta":{"_et_pb_use_builder":"on","_et_pb_old_content":"","_et_gb_content_width":"","footnotes":""},"class_list":["post-18111","page","type-page","status-publish","hentry"],"_links":{"self":[{"href":"https:\/\/roquetes.cat\/web\/wp-json\/wp\/v2\/pages\/18111","targetHints":{"allow":["GET"]}}],"collection":[{"href":"https:\/\/roquetes.cat\/web\/wp-json\/wp\/v2\/pages"}],"about":[{"href":"https:\/\/roquetes.cat\/web\/wp-json\/wp\/v2\/types\/page"}],"author":[{"embeddable":true,"href":"https:\/\/roquetes.cat\/web\/wp-json\/wp\/v2\/users\/2"}],"replies":[{"embeddable":true,"href":"https:\/\/roquetes.cat\/web\/wp-json\/wp\/v2\/comments?post=18111"}],"version-history":[{"count":23,"href":"https:\/\/roquetes.cat\/web\/wp-json\/wp\/v2\/pages\/18111\/revisions"}],"predecessor-version":[{"id":18146,"href":"https:\/\/roquetes.cat\/web\/wp-json\/wp\/v2\/pages\/18111\/revisions\/18146"}],"wp:attachment":[{"href":"https:\/\/roquetes.cat\/web\/wp-json\/wp\/v2\/media?parent=18111"}],"curies":[{"name":"wp","href":"https:\/\/api.w.org\/{rel}","templated":true}]}}