{"id":13321,"date":"2024-08-30T12:09:54","date_gmt":"2024-08-30T10:09:54","guid":{"rendered":"https:\/\/roquetes.cat\/web\/?page_id=13321"},"modified":"2024-08-30T14:19:05","modified_gmt":"2024-08-30T12:19:05","slug":"next-generation","status":"publish","type":"page","link":"https:\/\/roquetes.cat\/web\/next-generation\/","title":{"rendered":"Next Generation"},"content":{"rendered":"<p>[et_pb_section fb_built=&#8221;1&#8243; _builder_version=&#8221;4.27.0&#8243; _module_preset=&#8221;default&#8221; global_colors_info=&#8221;{}&#8221;][et_pb_row _builder_version=&#8221;4.27.0&#8243; _module_preset=&#8221;default&#8221; global_colors_info=&#8221;{}&#8221;][et_pb_column type=&#8221;4_4&#8243; _builder_version=&#8221;4.27.0&#8243; _module_preset=&#8221;default&#8221; global_colors_info=&#8221;{}&#8221;][et_pb_text _builder_version=&#8221;4.27.0&#8243; _module_preset=&#8221;default&#8221; global_colors_info=&#8221;{}&#8221;]<\/p>\n<div id=\"titlebreads\">\n<h1 id=\"parent-fieldname-title\" class=\"documentFirstHeading\"><strong>Next Generation Roquetes<\/strong><\/h1>\n<\/div>\n<p>[\/et_pb_text][et_pb_image src=&#8221;https:\/\/roquetes.cat\/web\/wp-content\/uploads\/2024\/08\/logo_next.jpg&#8221; title_text=&#8221;harmonitzacio_totslogos&#8221; _builder_version=&#8221;4.27.0&#8243; _module_preset=&#8221;default&#8221; global_colors_info=&#8221;{}&#8221;][\/et_pb_image][et_pb_text _builder_version=&#8221;4.27.0&#8243; _module_preset=&#8221;default&#8221; hover_enabled=&#8221;0&#8243; global_colors_info=&#8221;{}&#8221; sticky_enabled=&#8221;0&#8243;]<\/p>\n<div class=\"i4t-include-wrapper-h2\" role=\"region\" aria-labelledby=\"i4t-id-0gwatog11\" data-insuit-uuid=\"d38515c1-0d53-4db0-943d-a64803205047\">\n<div class=\"i4t-include-wrapper-h2\" role=\"region\" aria-labelledby=\"i4t-id-0gwatog11\">\n<h2 class=\"wrapper-h2-0 i4t-reference-include\" id=\"i4t-id-0gwatog11\">Qu\u00e8 s\u00f3n els Next Generation EU?<\/h2>\n<p>Formen part d\u2019un instrument temporal de la Uni\u00f3 Europea (UE) que t\u00e9 com a finalitat contribuir a la reconstrucci\u00f3 dels pa\u00efsos membres de la UE, \u00a0reparant els efectes econ\u00f2mics, socials i sanitaris de la pand\u00e8mia de la COVID-19 i alhora impulsar la transici\u00f3 ecol\u00f2gica i digital dels pa\u00efsos que en formen part.<\/p>\n<p>Per fer-ho, es destinen 750.000 milions d\u2019euros en subvencions per a projectes transformadors dels diferents estats membre.<\/p>\n<p>&nbsp;<\/p>\n<\/div>\n<\/div>\n<div class=\"i4t-include-wrapper-h2\" role=\"region\" aria-labelledby=\"i4t-id-z548lvl7u\" data-insuit-uuid=\"1deddf73-6066-4897-af5f-48e8d0829ea2\">\n<div class=\"i4t-include-wrapper-h2\" role=\"region\" aria-labelledby=\"i4t-id-z548lvl7u\">\n<h2 class=\"wrapper-h2-1 i4t-reference-include wrapper-h2-0\" id=\"i4t-id-z548lvl7u\">Els principals eixos de la recuperaci\u00f3<\/h2>\n<p>Dels 750.000 milions d\u2019euros d&#8217;aquest fons, 390.000 milions seran transfer\u00e8ncies als estats i 360.000 milions d\u2019euros en pr\u00e9stecs vehiculats en els\u00a0set programes\u00a0seg\u00fcents:<\/p>\n<ul>\n<li>Mecanisme de Recuperaci\u00f3 i Resili\u00e8ncia, MRR<\/li>\n<li>Iniciativa de cohesi\u00f3 REACT-UE<\/li>\n<li>Fons de Transici\u00f3 Justa, FTJ<\/li>\n<li>Fons Europeu Agr\u00edcola de Desenvolupament Rural, FEADER<\/li>\n<li>Programa InvestEU, de suport a la inversi\u00f3<\/li>\n<li>Programa d&#8217;investigaci\u00f3 Horitz\u00f3 Europa<\/li>\n<li>Mecanisme de Protecci\u00f3 Civil RescEU<\/li>\n<\/ul>\n<p>&nbsp;<\/p>\n<\/div>\n<\/div>\n<div class=\"i4t-include-wrapper-h2\" role=\"region\" aria-labelledby=\"i4t-id-st3ce2a2l\" data-insuit-uuid=\"efa6f616-b01e-4b46-8ed9-a420d19b6901\">\n<div class=\"i4t-include-wrapper-h2\" role=\"region\" aria-labelledby=\"i4t-id-st3ce2a2l\">\n<h2 class=\"wrapper-h2-2 i4t-reference-include wrapper-h2-0\" id=\"i4t-id-st3ce2a2l\">Recuperaci\u00f3 i resili\u00e8ncia, focus de la inversi\u00f3<\/h2>\n<p>El Mecanisme de Recuperaci\u00f3 i Resili\u00e8ncia (MRR) \u00e9s el nucli dels fons.<\/p>\n<p>T\u00e9 com a finalitat donar suport a la inversi\u00f3 i les reformes dels Estats per aconseguir una recuperaci\u00f3 sostenible i resilient, al mateix temps que es promouen actuacions en el marc d\u2019aquests 6 pilars:<\/p>\n<ul>\n<li>Transici\u00f3 ecol\u00f2gica<\/li>\n<li>Transformaci\u00f3 digital<\/li>\n<li>Creixement intel\u00b7ligent, sostenible i integrador<\/li>\n<li>Cohesi\u00f3 social i territorial<\/li>\n<li>Salut i resili\u00e8ncia econ\u00f2mica, social i institucional<\/li>\n<li>Pol\u00edtiques per a la pr\u00f2xima generaci\u00f3<\/li>\n<\/ul>\n<p>&nbsp;<\/p>\n<\/div>\n<\/div>\n<h2 class=\"wrapper-h2-3 i4t-reference-include wrapper-h2-0\" id=\"i4t-id-g9bsn88hv\">L\u2019aposta de Roquetes pels Next Generation EU<\/h2>\n<p>El model de ciutat, sostenible i transformadora, impulsat per l\u2019Ajuntament de Roquetes fa que molts dels projectes de mandat previstos encaixin en les l\u00ednies estrat\u00e8giques d\u2019aquests fons europeus de recuperaci\u00f3 econ\u00f2mica.<\/p>\n<p>&nbsp;<\/p>\n<p>&nbsp;<\/p>\n<h2 class=\"western\" align=\"justify\" style=\"text-align: center;\"><span style=\"font-family: Arial, sans-serif;\"><b>INFORMACI\u00d3 PROJECTES EMMARCATS DINS DEL PROGRAMA FONS NEXT GENERATION<\/b><\/span><\/h2>\n<p><span style=\"font-family: Arial, sans-serif;\"><b><\/b><\/span><\/p>\n<p><span style=\"font-family: Arial, sans-serif;\"><b><\/b><\/span><\/p>\n<p><span style=\"font-family: Arial, sans-serif;\"><b><\/b><\/span><\/p>\n<p><span style=\"font-family: Arial, sans-serif;\"><b><\/b><\/span><\/p>\n<h3 align=\"justify\"><strong>PROJECTE DE CREACI\u00d3 DE NOVES PLACES DE PRIMER CICLE D&#8217;EDUCACI\u00d3 INFANTIL, ESCOLA BRESSOL MUNICIPAL LA CARAMELLA<\/strong><\/h3>\n<h3><strong><\/strong><\/h3>\n<p align=\"justify\"><strong>Pressupost de despeses:<\/strong> 1.134.294,78 \u20ac<\/p>\n<p align=\"justify\">(inclou obra, personal, subministraments, manteniment i neteja)<\/p>\n<p align=\"justify\"><strong>Ajut concedit:<\/strong> 417.995 \u20ac<\/p>\n<p align=\"justify\"><strong>Termini d&#8217;execuci\u00f3:<\/strong> tercer trimestre del 2024<\/p>\n<p align=\"justify\">\n<h3 class=\"i4t-include-wrapper-h2\" role=\"region\" aria-labelledby=\"i4t-id-g9bsn88hv\"><strong>PROJECTE FLEXIBILITZACI\u00d3 I ACCESSIBILITAT DE LA F.P. AULA MENTOR<\/strong><\/h3>\n<h3><strong><\/strong><\/h3>\n<p align=\"justify\"><strong>Pressupost de despeses:<\/strong> 4.000 \u20ac<\/p>\n<p align=\"justify\"><strong>Ajut concedit:<\/strong> 4.000 \u20ac<\/p>\n<p align=\"justify\"><strong>Termini d&#8217;execuci\u00f3:<\/strong> quart trimestre del 2024<\/p>\n<p align=\"justify\">\n<p align=\"justify\">\n<h3 class=\"i4t-include-wrapper-h2\" role=\"region\" aria-labelledby=\"i4t-id-g9bsn88hv\" data-insuit-uuid=\"9d26c28f-7bb0-483a-8d28-75ef4d1a1459\"><strong>PROJECTE ADQUISICI\u00d3 DE LLIBRES PER A LA BIBLIOTECA MUNICIPAL MERC\u00c8 LLEIX\u00c0<\/strong><\/h3>\n<p><strong><\/strong><\/p>\n<p align=\"justify\"><span style=\"font-family: inherit;\"><strong>Pressupost de despeses:<\/strong> 1.700 \u20ac<\/span><\/p>\n<p align=\"justify\"><strong>Ajut concedit:<\/strong> 1.700 \u20ac<\/p>\n<p align=\"justify\"><strong>Termini d&#8217;execuci\u00f3:<\/strong> quart trimestre del 2024<\/p>\n<p>[\/et_pb_text][\/et_pb_column][\/et_pb_row][\/et_pb_section]<\/p>\n","protected":false},"excerpt":{"rendered":"<p>Next Generation Roquetes Qu\u00e8 s\u00f3n els Next Generation EU? Formen part d\u2019un instrument temporal de la Uni\u00f3 Europea (UE) que t\u00e9 com a finalitat contribuir a la reconstrucci\u00f3 dels pa\u00efsos membres de la UE, \u00a0reparant els efectes econ\u00f2mics, socials i sanitaris de la pand\u00e8mia de la COVID-19 i alhora impulsar la transici\u00f3 ecol\u00f2gica i digital [&hellip;]<\/p>\n","protected":false},"author":2,"featured_media":0,"parent":0,"menu_order":0,"comment_status":"closed","ping_status":"closed","template":"","meta":{"_et_pb_use_builder":"on","_et_pb_old_content":"","_et_gb_content_width":"","footnotes":""},"class_list":["post-13321","page","type-page","status-publish","hentry"],"_links":{"self":[{"href":"https:\/\/roquetes.cat\/web\/wp-json\/wp\/v2\/pages\/13321","targetHints":{"allow":["GET"]}}],"collection":[{"href":"https:\/\/roquetes.cat\/web\/wp-json\/wp\/v2\/pages"}],"about":[{"href":"https:\/\/roquetes.cat\/web\/wp-json\/wp\/v2\/types\/page"}],"author":[{"embeddable":true,"href":"https:\/\/roquetes.cat\/web\/wp-json\/wp\/v2\/users\/2"}],"replies":[{"embeddable":true,"href":"https:\/\/roquetes.cat\/web\/wp-json\/wp\/v2\/comments?post=13321"}],"version-history":[{"count":7,"href":"https:\/\/roquetes.cat\/web\/wp-json\/wp\/v2\/pages\/13321\/revisions"}],"predecessor-version":[{"id":13342,"href":"https:\/\/roquetes.cat\/web\/wp-json\/wp\/v2\/pages\/13321\/revisions\/13342"}],"wp:attachment":[{"href":"https:\/\/roquetes.cat\/web\/wp-json\/wp\/v2\/media?parent=13321"}],"curies":[{"name":"wp","href":"https:\/\/api.w.org\/{rel}","templated":true}]}}