{"id":11799,"date":"2024-05-07T13:27:06","date_gmt":"2024-05-07T11:27:06","guid":{"rendered":"https:\/\/roquetes.cat\/web\/?page_id=11799"},"modified":"2026-03-13T12:30:12","modified_gmt":"2026-03-13T11:30:12","slug":"llar","status":"publish","type":"page","link":"https:\/\/roquetes.cat\/web\/llar\/","title":{"rendered":"Llar d\u2019Infants \u201cLa Caramella\u201d"},"content":{"rendered":"<p>[et_pb_section fb_built=&#8221;1&#8243; _builder_version=&#8221;4.25.0&#8243; _module_preset=&#8221;default&#8221; global_colors_info=&#8221;{}&#8221;][et_pb_row _builder_version=&#8221;4.25.0&#8243; _module_preset=&#8221;default&#8221; global_colors_info=&#8221;{}&#8221;][et_pb_column type=&#8221;4_4&#8243; _builder_version=&#8221;4.25.0&#8243; _module_preset=&#8221;default&#8221; global_colors_info=&#8221;{}&#8221;][et_pb_text _builder_version=&#8221;4.27.4&#8243; _module_preset=&#8221;default&#8221; global_colors_info=&#8221;{}&#8221;]<\/p>\n<h1 style=\"text-align: center;\"><strong>Llar d&#8217;Infants Municipal &#8220;La Caramella&#8221;<\/strong><\/h1>\n<p>&nbsp;<\/p>\n<p><strong><\/strong><\/p>\n<p><strong>La Llar d\u2019Infants &#8220;La Caramella&#8221;, de titularitat municipal est\u00e0 ubicada a la Urbanitzaci\u00f3 Torre d\u2019en Gil S\/N.<\/strong><\/p>\n<h3><\/h3>\n<p><strong><\/strong><\/p>\n<p>[\/et_pb_text][et_pb_image src=&#8221;https:\/\/roquetes.cat\/web\/wp-content\/uploads\/2026\/03\/Llar_Portes_Obertes-2026-scaled.jpg&#8221; _builder_version=&#8221;4.27.6&#8243; _module_preset=&#8221;default&#8221; title_text=&#8221;Llar_Portes_Obertes-2026&#8243; hover_enabled=&#8221;0&#8243; sticky_enabled=&#8221;0&#8243;][\/et_pb_image][et_pb_heading title=&#8221;Matr\u00edcula viva fins exhaurir places!&#8221; _builder_version=&#8221;4.27.4&#8243; _module_preset=&#8221;default&#8221; title_level=&#8221;h2&#8243; title_font=&#8221;|600|||||||&#8221; title_text_align=&#8221;center&#8221; background_enable_color=&#8221;off&#8221; custom_margin=&#8221;||||false|false&#8221; custom_padding=&#8221;10px||||false|false&#8221; border_width_all=&#8221;2px&#8221; border_color_all=&#8221;gcid-body-color&#8221; border_style_all=&#8221;dashed&#8221; global_colors_info=&#8221;{%22gcid-body-color%22:%91%22border_color_all%22%93}&#8221;][\/et_pb_heading][et_pb_text _builder_version=&#8221;4.27.4&#8243; _module_preset=&#8221;default&#8221; global_colors_info=&#8221;{}&#8221;]<\/p>\n<table border=\"2\" style=\"width: 25%; border-collapse: collapse; border-style: solid; margin-left: auto; margin-right: auto;\">\n<tbody>\n<tr>\n<td style=\"width: 50%; text-align: center;\"><strong>NIVELL<\/strong><\/td>\n<td style=\"width: 50%; text-align: center;\"><strong>PLACES<\/strong><\/td>\n<\/tr>\n<tr>\n<td style=\"width: 50%; text-align: center;\">i0<\/td>\n<td style=\"width: 50%; text-align: center;\"><strong><span style=\"color: #339966;\">DISPONIBLES<\/span><\/strong><\/td>\n<\/tr>\n<tr>\n<td style=\"width: 50%; text-align: center;\">i1<\/td>\n<td style=\"width: 50%; text-align: center;\">COMPLETES<\/td>\n<\/tr>\n<tr>\n<td style=\"width: 50%; text-align: center;\">i2<\/td>\n<td style=\"width: 50%; text-align: center;\"><strong><span style=\"color: #339966;\">DISPONIBLES<\/span><\/strong><\/td>\n<\/tr>\n<\/tbody>\n<\/table>\n<p>&nbsp;<\/p>\n<p>[\/et_pb_text][et_pb_button button_url=&#8221;https:\/\/actio.dipta.cat\/catalegserveis\/id\/4313310007\/servei\/AT064_SERVE_00034?origen=seu&#8221; url_new_window=&#8221;on&#8221; button_text=&#8221; Sol\u00b7licitud preinscripci\u00f3 Llar d&#8217;infants %22La Caramella%22&#8243; button_alignment=&#8221;left&#8221; disabled_on=&#8221;off|off|off&#8221; admin_label=&#8221;Bot\u00f3 preinscripci\u00f3&#8221; _builder_version=&#8221;4.27.4&#8243; _module_preset=&#8221;default&#8221; custom_button=&#8221;on&#8221; button_text_color=&#8221;#FFFFFF&#8221; button_bg_color=&#8221;#008e1c&#8221; button_border_radius=&#8221;13px&#8221; button_icon=&#8221;&#x69;||divi||400&#8243; button_icon_placement=&#8221;left&#8221; button_on_hover=&#8221;off&#8221; global_colors_info=&#8221;{}&#8221;][\/et_pb_button][et_pb_button button_url=&#8221;https:\/\/actio.dipta.cat\/catalegserveis\/id\/4313310007\/servei\/AT064_SERVE_00035?origen=seu&#8221; url_new_window=&#8221;on&#8221; button_text=&#8221;Sol\u00b7licitud alta matr\u00edcula Llar d&#8217;infants %22La Caramella%22&#8243; button_alignment=&#8221;left&#8221; disabled_on=&#8221;off|off|off&#8221; admin_label=&#8221;Bot\u00f3 preinscripci\u00f3&#8221; _builder_version=&#8221;4.27.4&#8243; _module_preset=&#8221;default&#8221; custom_button=&#8221;on&#8221; button_text_color=&#8221;#FFFFFF&#8221; button_bg_color=&#8221;#0C71C3&#8243; button_border_radius=&#8221;13px&#8221; button_icon=&#8221;&#x69;||divi||400&#8243; button_icon_placement=&#8221;left&#8221; button_on_hover=&#8221;off&#8221; global_colors_info=&#8221;{}&#8221;][\/et_pb_button][et_pb_text _builder_version=&#8221;4.27.6&#8243; _module_preset=&#8221;default&#8221; global_colors_info=&#8221;{}&#8221;]<\/p>\n<p><strong><\/strong><\/p>\n<h4><strong>Calendari de preinscripci\u00f3 i matr\u00edcula 2025-2026:<\/strong><\/h4>\n<ul>\n<li><strong>Del 8 al 22 de maig de 2025: presentaci\u00f3 de sol\u00b7licituds preinscripci\u00f3<\/strong><\/li>\n<li><strong>30 de maig de 2025: llista de sol\u00b7licituds amb la puntuaci\u00f3 provisional<\/strong><\/li>\n<li><strong>Del 2 al 6 de juny de 2025: presentaci\u00f3 de reclamacions<\/strong><\/li>\n<li><strong>Entre el 9 i el 12 de juny de 2025: sorteig per resoldre les sol\u00b7licituds de preinscripci\u00f3 empatades en punts<\/strong><\/li>\n<li><strong>16 de juny de 2025: llista ordenada amb la puntuaci\u00f3 dels infants admesos i, si escau, llista d&#8217;espera<\/strong><\/li>\n<li><strong>Del 16 al 25 de juny: Per\u00edode matr\u00edcula.<\/strong><\/li>\n<\/ul>\n<p><strong><\/strong><\/p>\n<p><strong><\/strong><\/p>\n<h4><strong style=\"font-size: 18px;\"><\/strong><\/h4>\n<h4><strong style=\"font-size: 18px;\">Desc\u00e0rregues:<\/strong><strong style=\"font-size: 18px;\"><\/strong><\/h4>\n<p><strong style=\"font-size: 18px;\"><\/strong><\/p>\n<p><strong><a href=\"https:\/\/roquetes.cat\/web\/wp-content\/uploads\/2025\/03\/Autoritzacio-preinscripcio-progenitor-tutor-a.pdf\">\ud83d\udcc2 Autoritzaci\u00f3 preinscripci\u00f3 progenitor\/a o tutor\/a (2)<\/a><br \/><\/strong><\/p>\n<p><strong><a href=\"https:\/\/roquetes.cat\/web\/wp-content\/uploads\/2025\/04\/Autoritzacio-progenitor_a-tutor_a-matricula.pdf\" target=\"_blank\" rel=\"noopener\">\ud83d\udcc2 Autoritzaci\u00f3 matr\u00edcula progenitor\/a o tutor\/a (2)<\/a><\/strong><strong><\/strong><\/p>\n<p><strong><a href=\"https:\/\/roquetes.cat\/web\/wp-content\/uploads\/2025\/04\/Ordre-domiciliacio-SEPA.pdf\" target=\"_blank\" rel=\"noopener\">\ud83d\udcc2 Ordre domicialitzaci\u00f3 SEPA<\/a><\/strong><\/p>\n<p><a href=\"https:\/\/roquetes.cat\/web\/wp-content\/uploads\/2024\/08\/TAXA_PRESTACIO_SERVEI-LLAR_INFANTS-LA_CARAMELLA.pdf\" target=\"_blank\" rel=\"noopener\"><strong>\ud83d\udcc2<\/strong> <strong>Ordenan\u00e7a fiscal reguladora de la taxa per la prestaci\u00f3 del servei de Llar d&#8217;Infants &#8220;La Caramella&#8221;<\/strong><\/a><\/p>\n<p><strong>\ud83d\udcc2 <a href=\"https:\/\/roquetes.cat\/web\/wp-content\/uploads\/2024\/05\/Reglament-regulador-Llar-Infants-La-Caramella.pdf\" target=\"_blank\" rel=\"noopener\">Reglament regulador del servei de Llar d&#8217;Infants Municipal &#8220;La Caramella&#8221;<\/a><\/strong><\/p>\n<p><strong>\ud83d\udcc2 <a href=\"https:\/\/roquetes.cat\/web\/wp-content\/uploads\/2023\/08\/Projecte_llar_infants_municipal-La_Caramella.pdf\" target=\"_blank\" rel=\"noopener\">Projecte executiu per a la creaci\u00f3 d\u2019una llar d\u2019infants municipal \u201cLa Caramella\u201c<\/a><\/strong><\/p>\n<p><strong>\ud83d\udcc2 <a href=\"https:\/\/roquetes.cat\/web\/wp-content\/uploads\/2025\/02\/Criteris_no_assistencia_malalties_transmisibles.pdf\">Criteris de no assist\u00e8ncia de l\u2019alumnat a l\u2019escola o la llar d\u2019infants durant un per\u00edode de temps determinat a causa de malalties transmissibles<\/a><\/strong><\/p>\n<p><a href=\"https:\/\/roquetes.cat\/web\/wp-content\/uploads\/2026\/03\/Quadern-informatiu-2025-2026-La-Caramella.pdf\" target=\"_blank\" rel=\"noopener\"><strong>\ud83d\udcc2 Quadern informatiu Curs 2025-2026<\/strong><\/a><\/p>\n<p><a href=\"https:\/\/roquetes.cat\/web\/wp-content\/uploads\/2026\/03\/NOFC-Llar-dinfants-municipal-La-Caramella.pdf\" target=\"_blank\" rel=\"noopener\"><strong>\ud83d\udcc2 Normes d\u2019organitzaci\u00f3 i funcionament de centre<\/strong><\/a><\/p>\n<p><a href=\"https:\/\/roquetes.cat\/web\/wp-content\/uploads\/2026\/03\/PEC-La-Caramella.pdf\" target=\"_blank\" rel=\"noopener\"><strong>\ud83d\udcc2 Projecte Educatiu de Centre (PEC)<\/strong><\/a><\/p>\n<p><strong><\/strong><\/p>\n<p><strong><a href=\"https:\/\/roquetes.cat\/web\/wp-content\/uploads\/2024\/05\/Planol_Planta-Llar-Infants_La-Caramella-scaled.jpg\"><img decoding=\"async\" data-src=\"https:\/\/roquetes.cat\/web\/wp-content\/uploads\/2024\/05\/Planol_Planta-Llar-Infants_La-Caramella-scaled.jpg\" width=\"651\" height=\"461\" alt=\"\" class=\"wp-image-11832 alignnone size-full lazyload\" style=\"--smush-placeholder-width: 651px; --smush-placeholder-aspect-ratio: 651\/461;display: block; margin-left: auto; margin-right: auto;\" src=\"data:image\/svg+xml;base64,PHN2ZyB3aWR0aD0iMSIgaGVpZ2h0PSIxIiB4bWxucz0iaHR0cDovL3d3dy53My5vcmcvMjAwMC9zdmciPjwvc3ZnPg==\" \/><\/a><\/strong><\/p>\n<p><strong><\/strong><\/p>\n<h3 style=\"text-align: center;\"><\/h3>\n<p><strong><img decoding=\"async\" data-src=\"https:\/\/roquetes.cat\/web\/wp-content\/uploads\/2024\/05\/logos-llar.png\" width=\"905\" height=\"60\" alt=\"\" class=\"wp-image-11841 alignnone size-full lazyload\" data-srcset=\"https:\/\/roquetes.cat\/web\/wp-content\/uploads\/2024\/05\/logos-llar.png 905w, https:\/\/roquetes.cat\/web\/wp-content\/uploads\/2024\/05\/logos-llar-480x32.png 480w\" data-sizes=\"(min-width: 0px) and (max-width: 480px) 480px, (min-width: 481px) 905px, 100vw\" src=\"data:image\/svg+xml;base64,PHN2ZyB3aWR0aD0iMSIgaGVpZ2h0PSIxIiB4bWxucz0iaHR0cDovL3d3dy53My5vcmcvMjAwMC9zdmciPjwvc3ZnPg==\" style=\"--smush-placeholder-width: 905px; --smush-placeholder-aspect-ratio: 905\/60;\" \/><\/strong><\/p>\n<p>[\/et_pb_text][\/et_pb_column][\/et_pb_row][\/et_pb_section]<\/p>\n","protected":false},"excerpt":{"rendered":"<p>Llar d&#8217;Infants Municipal &#8220;La Caramella&#8221; &nbsp; La Llar d\u2019Infants &#8220;La Caramella&#8221;, de titularitat municipal est\u00e0 ubicada a la Urbanitzaci\u00f3 Torre d\u2019en Gil S\/N. NIVELL PLACES i0 DISPONIBLES i1 COMPLETES i2 DISPONIBLES &nbsp; Calendari de preinscripci\u00f3 i matr\u00edcula 2025-2026: Del 8 al 22 de maig de 2025: presentaci\u00f3 de sol\u00b7licituds preinscripci\u00f3 30 de maig de 2025: [&hellip;]<\/p>\n","protected":false},"author":2,"featured_media":0,"parent":0,"menu_order":0,"comment_status":"closed","ping_status":"closed","template":"","meta":{"_et_pb_use_builder":"on","_et_pb_old_content":"","_et_gb_content_width":"","footnotes":""},"class_list":["post-11799","page","type-page","status-publish","hentry"],"_links":{"self":[{"href":"https:\/\/roquetes.cat\/web\/wp-json\/wp\/v2\/pages\/11799","targetHints":{"allow":["GET"]}}],"collection":[{"href":"https:\/\/roquetes.cat\/web\/wp-json\/wp\/v2\/pages"}],"about":[{"href":"https:\/\/roquetes.cat\/web\/wp-json\/wp\/v2\/types\/page"}],"author":[{"embeddable":true,"href":"https:\/\/roquetes.cat\/web\/wp-json\/wp\/v2\/users\/2"}],"replies":[{"embeddable":true,"href":"https:\/\/roquetes.cat\/web\/wp-json\/wp\/v2\/comments?post=11799"}],"version-history":[{"count":41,"href":"https:\/\/roquetes.cat\/web\/wp-json\/wp\/v2\/pages\/11799\/revisions"}],"predecessor-version":[{"id":18545,"href":"https:\/\/roquetes.cat\/web\/wp-json\/wp\/v2\/pages\/11799\/revisions\/18545"}],"wp:attachment":[{"href":"https:\/\/roquetes.cat\/web\/wp-json\/wp\/v2\/media?parent=11799"}],"curies":[{"name":"wp","href":"https:\/\/api.w.org\/{rel}","templated":true}]}}