{"id":11357,"date":"2024-01-09T20:41:24","date_gmt":"2024-01-09T18:41:24","guid":{"rendered":"https:\/\/roquetes.cat\/web\/?page_id=11357"},"modified":"2024-01-09T20:41:24","modified_gmt":"2024-01-09T18:41:24","slug":"bustia-etica-i-antifrau","status":"publish","type":"page","link":"https:\/\/roquetes.cat\/web\/bustia-etica-i-antifrau\/","title":{"rendered":"B\u00fastia \u00c8tica i Antifrau"},"content":{"rendered":"<p>El Canal intern d&#8217;alertes de l&#8217;Ajuntament de Roquetes \u00e9s una via de comunicaci\u00f3 segura que permet que qualsevol persona pugui comunicar conductes dutes a terme per l&#8217;administraci\u00f3 municipal que puguin resultar contr\u00e0ries a dret, als principis o les regles \u00e8tiques i de bon govern recollides al Codi d&#8217;\u00c8tica i Bon Govern de l&#8217;Ajuntament o b\u00e9\u00a0 que siguin contr\u00e0ries al marc normatiu vigent.<\/p>\n<p><strong>Enlla\u00e7os:<\/strong><\/p>\n<p><a href=\"https:\/\/roquetes.bustiaetica.seu-e.cat\/#\/\" target=\"_blank\" rel=\"noopener\">B\u00fastia \u00c8tica &#8211; Canal Intern d&#8217;Alertes<\/a>\u00a0&#8220;Aquest canal intern nom\u00e9s \u00e9s d&#8217;\u00fas per a les persones relacionades amb l&#8217;ens local: treballadors, extreballadors, jubilats, contractistes entre d&#8217;altres.\u00a0&#8221;<\/p>\n<p><a href=\"https:\/\/denunciesanonimes.antifrau.cat\/#\/?lang=ca\" target=\"_blank\" rel=\"noopener\">B\u00fastia Antifrau &#8211; Canal Extern d&#8217;Alertes<\/a>\u00a0&#8220;Aquest \u00e9s l&#8217;enlla\u00e7 cap al canal extern de l&#8217;Oficina Antifrau, a trav\u00e9s del qual es poden presentar alertes per qualsevol persona. &#8221;<\/p>\n<p>&nbsp;<\/p>\n<p><strong>Documents:<\/strong><\/p>\n<ul>\n<li><a href=\"https:\/\/seu-e.cat\/documents\/1775380\/16654797\/Pla+antifrau+de+l%27Ajuntament+de+Roquetes\/f092b5c7-e6e1-4775-b542-ef93da2cab1f\" target=\"_blank\" rel=\"noopener\">Pla antifrau de l&#8217;Ajuntament de Roquetes<\/a><\/li>\n<li><a href=\"https:\/\/seu-e.cat\/documents\/1775380\/16654797\/Acord+-+Pla+antifrau+-+Ajuntament+de+Roquetes+-+2023\/c220a9e4-61eb-420c-9dab-f603ca69ca8e\" target=\"_blank\" rel=\"noopener\">Acord &#8211; Pla antifrau de l&#8217;Ajuntament de Roquetes<\/a><\/li>\n<\/ul>\n","protected":false},"excerpt":{"rendered":"<p>El Canal intern d&#8217;alertes de l&#8217;Ajuntament de Roquetes \u00e9s una via de comunicaci\u00f3 segura que permet que qualsevol persona pugui comunicar conductes dutes a terme per l&#8217;administraci\u00f3 municipal que puguin resultar contr\u00e0ries a dret, als principis o les regles \u00e8tiques i de bon govern recollides al Codi d&#8217;\u00c8tica i Bon Govern de l&#8217;Ajuntament o b\u00e9\u00a0 [&hellip;]<\/p>\n","protected":false},"author":2,"featured_media":0,"parent":0,"menu_order":0,"comment_status":"closed","ping_status":"closed","template":"","meta":{"_et_pb_use_builder":"","_et_pb_old_content":"","_et_gb_content_width":"","footnotes":""},"class_list":["post-11357","page","type-page","status-publish","hentry"],"_links":{"self":[{"href":"https:\/\/roquetes.cat\/web\/wp-json\/wp\/v2\/pages\/11357","targetHints":{"allow":["GET"]}}],"collection":[{"href":"https:\/\/roquetes.cat\/web\/wp-json\/wp\/v2\/pages"}],"about":[{"href":"https:\/\/roquetes.cat\/web\/wp-json\/wp\/v2\/types\/page"}],"author":[{"embeddable":true,"href":"https:\/\/roquetes.cat\/web\/wp-json\/wp\/v2\/users\/2"}],"replies":[{"embeddable":true,"href":"https:\/\/roquetes.cat\/web\/wp-json\/wp\/v2\/comments?post=11357"}],"version-history":[{"count":1,"href":"https:\/\/roquetes.cat\/web\/wp-json\/wp\/v2\/pages\/11357\/revisions"}],"predecessor-version":[{"id":11358,"href":"https:\/\/roquetes.cat\/web\/wp-json\/wp\/v2\/pages\/11357\/revisions\/11358"}],"wp:attachment":[{"href":"https:\/\/roquetes.cat\/web\/wp-json\/wp\/v2\/media?parent=11357"}],"curies":[{"name":"wp","href":"https:\/\/api.w.org\/{rel}","templated":true}]}}